{"id":1597,"date":"2016-04-04T13:22:22","date_gmt":"2016-04-04T12:22:22","guid":{"rendered":"http:\/\/www.arbitrage-maritime.org\/CAMP-V3\/?page_id=1597"},"modified":"2021-03-11T15:50:55","modified_gmt":"2021-03-11T14:50:55","slug":"status","status":"publish","type":"page","link":"https:\/\/www.arbitrage-maritime.org\/CAMP-V3\/general\/status\/","title":{"rendered":"Articles"},"content":{"rendered":"<style>\nstrong{\ncolor:#4C819A;\n}\nb{\ncolor:#999;\n}\n<\/style>\n<p><strong>ARTICLES OF THE CHAMBRE ARBITRALE MARITIME DE PARIS<a style=\"margin-left: 10px;\" href=\"\/CAMP-V3\/us\/PDFEN\/Package.pdf\" target=\"blank\" rel=\"noopener\">Download the articles of the CAMP<\/a><\/strong><\/p>\n<p><b>Article 1.<\/b>&#8211; In accordance with the provisions of the law dated 1st July 1901 a Maritime Arbitration Chamber (Chambre Arbitrale Maritime) is established, the object of which is the speedy and economical settlement of the disputes submitted to it.<\/p>\n<p>The Paris Chambre Arbitrale Maritime is made up of institutional members, which are necessarily legal entities, and individuals.<\/p>\n<p>The following are eligible for institutional membership of the ChambreArbitrale Maritime: associations or groups of shipowners, charterers, ships&rsquo; agents, forwarding agents, stevedores, brokers, shipbuilders, ship repairers, insurers, Chambers of Commerce and Industry, and in general any group or legal entity directly or indirectly concerned by problems of general interest relating to maritime transport, shipbuilding, ship repairing, insurance or ship management.<\/p>\n<p>Arbitrators who have been enrolled for at least 5 years in the list of arbitrators referred to in article 3 paragraph 4 who so request by submitting an application to the Council may be \u201cindividual\u201d members of the Paris Chambre Arbitrale Maritime.<\/p>\n<p>The decision to admit the new members, which are proposed by the Council, is taken sovereignly by the General Meeting.<\/p>\n<hr \/>\n<p><strong>Head Office<\/strong><\/p>\n<p><b>Article 2.<\/b>&#8211; The Head Office of the Chambre Arbitrale Maritime is in Paris, 16, rue Daunou 75002 PARIS; it may be transferred to any other premises in Paris by simple decision of the Council, or in any other town in Metropolitan France by decision of a General Meeting.<\/p>\n<hr \/>\n<p><strong>General Meeting<\/strong><\/p>\n<p><b>Article 3.<\/b> &#8211; The General Meeting of the Chambre Arbitrale Maritime shall comprise delegates from each institutional member of the association and arbitrators admitted as members of the association.<\/p>\n<p>The General Meeting meets once a year and also each time that it is necessary. It is convened either by the President, or on the demand of the majority of the members of the Council.<\/p>\n<p>The General Meeting, which has sovereign power of decision and approval, reads the Council management reports, the budget recommendations, the<br \/>\nmanagement accounts, and generally all kinds of recommendations on the Chamber&rsquo;s business and its promotion.<\/p>\n<p>The General Meeting shall establish the annual amount of the subscriptions payable by the two categories of members. Votes are made per member; each institutional member possesses one double vote, and each arbitrator member possesses one single vote. However, the Meeting can unanimously decide to grant a higher number of votes to any member whose size warrants this allocation.<\/p>\n<p>It is up to the General Meeting to draw up a list of the arbitrators of the Chambre Arbitrale Maritime comprising French or foreign persons who<br \/>\nare considered to be capable of performing the functions of arbitrators, due to their maritime experience and competence, and to keep it up to date.<br \/>\nThese persons are classified on this list according to their speciality, and in alphabetical order, in order to facilitate consultation.<\/p>\n<p>The General Meeting can make any modifications, which it considers necessary to the list, either by removing, or by appointing new arbitrators.<\/p>\n<p>A list of honorary arbitrators is also drawn up, which comprises all of the persons who were on the previous list for at least ten years and who no<br \/>\nlonger wish to be designated as arbitrators, whilst keeping links with the Chamber.<\/p>\n<p>On the President&rsquo;s proposal, seconded by the Consultative Committee, the General Meeting may, if it considers this to be expedient, either remove from the list, or transfer to the honorary list, subject to the conditions in the previous paragraph, any arbitrator who has not been appointed by a party or by the Committee in any matter leading to an award, for at least three years.<\/p>\n<hr \/>\n<p><strong>ADMINISTRATION<\/strong><\/p>\n<p><b>Article 4.<\/b>&#8211; The Chambre Arbitrale Maritime shall be administered by a Council consisting of at least 16 members, elected by the General Meeting on proposal of the members of the Chamber. One half of the Council shall be reviewed each year. Election shall take place by secret ballot and on a majority of votes cast. Members whose term of office has expired may be reelected. The Council shall elect from its membership to form its Board, a President, two Vice-Presidents, a treasurer and the Secretary General, if the latter is a member of the Council.<\/p>\n<p>The Council shall organize and manage every department of the Chambre Arbitrale and is responsible for reporting to the General Meeting.<\/p>\n<hr \/>\n<p><strong>General Powers of the Council<\/strong><\/p>\n<p><b>Article 5.<\/b>&#8211; Le Conseil administre la Chambre Arbitrale par d\u00e9l\u00e9gation de l&rsquo;Assembl\u00e9e G\u00e9n\u00e9rale.<\/p>\n<p>Il doit \u00e9tablir les R\u00e8glements de la Chambre et \u00e9tudier les \u00e9ventuelles modifications qu&rsquo;il peut y avoir lieu d&rsquo;apporter et faire \u00e0 l&rsquo;Assembl\u00e9e toutes propositions \u00e0 cet \u00e9gard.<\/p>\n<p>Il \u00e9labore, approuve le budget de la Chambre arbitrale pr\u00e9par\u00e9 par le Bureau et le pr\u00e9sente \u00e0 l\u2019Assembl\u00e9e G\u00e9n\u00e9rale pour adoption, il d\u00e9cide dans le cadre de sa mission g\u00e9n\u00e9rale d&rsquo;administration de l\u2019emploi des sommes recueillies comme frais d&rsquo;arbitrage, \u00e9tudie la contribution des membres adh\u00e9rents aux d\u00e9penses de la Chambre ainsi que le niveau des honoraires \u00e0 allouer aux arbitres, de m\u00eame que le montant des frais d&rsquo;arbitrage devant \u00eatre avanc\u00e9 par les parties, v\u00e9rifie les comptes annuels et statue sur leur adoption, le tout devant \u00eatre soumis \u00e0 l&rsquo;approbation de l&rsquo;Assembl\u00e9e.<\/p>\n<p>Il incombe en outre au Conseil d&rsquo;examiner les dossiers de candidature \u00e0 une inscription sur la liste des arbitres et de faire \u00e0 l&rsquo;Assembl\u00e9e toute proposition apr\u00e8s avis de la Commission Consultative.<\/p>\n<p><b>Article 6.<\/b>&#8211; Le Conseil de la Chambre Arbitrale se r\u00e9unit aussi souvent qu&rsquo;il est n\u00e9cessaire, sur la convocation du Pr\u00e9sident, ou sur la demande de la majorit\u00e9 de ses membres.<\/p>\n<p>Tout membre du Conseil qui, r\u00e9guli\u00e8rement convoqu\u00e9, a n\u00e9glig\u00e9 d\u2019assister \u00e0 trois s\u00e9ances cons\u00e9cutives, sans motif reconnu l\u00e9gitime, est d\u00e9clar\u00e9<br \/>\nd\u00e9missionnaire. S\u2019il s\u2019agit du repr\u00e9sentant d\u2019un membre institutionnel, il doit \u00eatre pourvu sans d\u00e9lai \u00e0 son remplacement sur proposition des membres qu\u2019il repr\u00e9sentait.<\/p>\n<hr \/>\n<p><strong>ATTRIBUTIONS G\u00c9N\u00c9RALES DU BUREAU<\/strong><\/p>\n<p><b>Article 7.<\/b>&#8211; &#8211; The Chambre Arbitrale Maritime shall be administered in the name of the Council by its President assisted by the other members of the Board.<\/p>\n<p>The President, or failing him, the Treasurer, has full powers in the name and on behalf of the Chambre Arbitrale, to open any accounts, effect any deposit, purchase and sell any bonds, obtain in its favour any loans against bonds or otherwise, proceed with any withdrawals, conversions or reinvestments, and in general effect all operations pertaining to funds.<\/p>\n<p>He may give a special mandate to any person of his choice to accomplish any act within his powers under the present Articles.<\/p>\n<p>He may, if temporarily prevented from acting, delegate his powers to a VicePresident or, if none, to any member of the Board or a member of the<br \/>\nCouncil. He shall have the same power in case the Treasurer is temporarily prevented from acting. In any case the next Council meeting, which must be held latest within the next three months, shall be called upon to ratify such delegations or to substitute for them any temporary appointment of its choice.<\/p>\n<p>On the President&rsquo;s proposal, the Council may give power to any person to assist him as Secretary General; it shall determine the scope of his powers<br \/>\nand his term of office. If the Secretary General appointed is a member of the Council, his term of office cannot exceed the period for which he has been elected, subject to re-election.<\/p>\n<p>The President may give special authority to the Secretary General or any person of his choice to perform acts which fall within the scope of his powers granted pursuant to these Articles.<\/p>\n<hr \/>\n<p><strong>The Committee of the Chambre Arbitrale Maritime de Paris<\/strong><\/p>\n<p><b>Article 8.<\/b><br \/>\nA \/ <em>Membership of the Committee<\/em><br \/>\nThe Committee of the Chambre Arbitrale Maritime shall be made up of the President in office and of two titular members appointed for two years by the Council from amongst the arbitrators who have been on the list referred to in Article 3 above for at least three years. Such appointments are subject to acceptance by these members who may request renewal of their appointments.<\/p>\n<p>The Council shall appoint, subject to the same conditions, a list of six supplementary members of the committee upon whom the President may call for a specified purpose, either in the case where a titular member is appointed as arbitrator in a matter referred to arbitration by the Chambre and of which he could not otherwise have been aware, or in the case where a titular member has an interest in a matter submitted to the Chambre, or in the case of any inability of a member of the Committee to perform his functions, or for reading draft awards as referred to in paragraph B below.<\/p>\n<p>In the event of the President\u2019s inability to act, a Vice-President shall act in his place. If no Vice-Presidents are able so to act, the Committee shall be chaired by one of the titular members. In the absence of an available titular member, the Committee shall be chaired by the first available supplementary member taken from the list of supplementary members decided by the Council.<\/p>\n<p>B\/ <em>Responsibilities and Functions of the Committee<\/em><br \/>\nThe Committee shall, by delegation of powers from the Council, ensure the implementation and the conduct of arbitrations submitted to the Chambre, in accordance with the provisions of the CPC applicable to arbitration and the Rules of Arbitration adopted in General Meeting. To this end the Committee shall appoint, under the President or his substitute&rsquo;s signature, the arbitrators whom he is to choose, i.e. the third arbitrator or sole arbitrator at first instance and the third arbitrator in the case of a second stage examination or fast-track arbitration.<\/p>\n<p>The Committee shall also examine, before their publication, drafts of awards prepared by arbitrators pursuant to Article XXI (first paragraph) of the Rules of Arbitration.<br \/>\nFor this purpose the titular and supplementary members of the Committee shall be called upon on the basis of a rota established by the President to take part in the above reading of draft awards.<\/p>\n<p>Finally the President or his substitute may seek the advice of the two titular members or, failing that, of supplementary members on any difficulty,<br \/>\nparticularly of procedure, that may arise.<\/p>\n<p>To cover secretarial and communication expenses incurred in the interests of the Chambre, the members of the Committee may be paid a lump sum, the<br \/>\namount of which shall be fixed by the Board. Travel expenses shall be similarly reimbursed against vouchers.<\/p>\n<hr \/>\n<p><strong>Consultative Committee<\/strong><\/p>\n<p><b>Article 9.<\/b>&#8211; A permanent Consultative Committee shall be established whose role shall be to submit to the President of the Chambre, or, in close consultation with him, to the Council or to the General Meeting of the Chambre, all proposals relating to its efficient working and to the<br \/>\ndevelopment of its activity.<\/p>\n<p>It will be consulted for advice on modifications to the list of arbitrators, either by the exclusion of or the addition of names.<\/p>\n<p>The members of the Board and the two titular members of the Committee of the Chambre shall be members ex officio. Four other members shall be<br \/>\nappointed, among the arbitrators of the list, for three years by the Council of the Chambre on proposal by its President.<\/p>\n<p>The Consultative Committee meets whenever necessary, convened by the President or on request of a majority of its members.<\/p>\n<p>Each institutional member of the Chambre can, if it wishes to, appoint a permanent representative to attend the Consultative Committee meetings, and possibly participate in drafting its proposals.<\/p>\n<hr \/>\n<p><strong>Financial Provisions<\/strong><\/p>\n<p><b>Article 10.<\/b>&#8211; An annual subscription is to be paid by the arbitrators whose names appear on the list drawn up by the General Meeting of the Chambre with the exception of the honorary arbitrators, in order to contribute to the running expenses, and to provide for the documentation and information services of the Chambre and, if they so wish, to be members of the Chambre. Arbitrator technicians are exempted from paying this subscription unless they are members. Methods and amount of payment shall be determined annually by the Council. If the General Meeting establishes that arbitrators have not paid their subscriptions, it may strike them off the list.<\/p>\n<p>Such sundry expenses as are incurred in the interest of the Chambre by members of the Board and the Committee shall be reimbursed upon production of vouchers.<\/p>\n<hr \/>\n<p><strong>Dissolution<\/strong><\/p>\n<p><b>Article 11.<\/b>&#8211; &#8211; The dissolution of the Chambre Arbitrale Maritime can only be decided on the initiative of the Council, by a General Meeting specially convened for this purpose, a majority of three quarters of the members of the General Meeting present or represented being necessary.<\/p>\n<p>In case of dissolution, remaining funds, after settlement of all expenses, shall be distributed as provided by law.<\/p>\n<hr \/>\n<p><strong>Sundry Provisions<\/strong><\/p>\n<p><b>Article 12.<\/b>&#8211; &#8211; If one of the institutional members represented on the Council retires from the Chambre Arbitrale, said member must settle any amount due to the Chambre, but has no right to any share of the assets. All individual members shall lose their status as contributing members of the association on leaving the list of practising arbitrators.<\/p>\n<p><b>Article 13.<\/b>&#8211; The present articles are binding upon anyone belonging to the Chambre Arbitrale or resorting to it for arbitration.<\/p>\n<p>In case of any dispute arising in connection with them, attribution of jurisdiction is made to the \u201cTribunaux de Paris\u201d. All interested parties<br \/>\ncompulsorily elect domicile in Paris, at the Head Office of the Chambre Arbitrale.<\/p>\n<hr \/>\n<p><strong>Legal Formalities<\/strong><\/p>\n<p><b>Article 14.<\/b>&#8211; Full powers are given to the bearer of a duplicate of the presentarticles and an extract of the minutes of the extraordinary general meeting, to effect at the Prefecture de Paris, the deposit described by article 5 of the law of 1st July 1901.<\/p>\n","protected":false},"excerpt":{"rendered":"<p>ARTICLES OF THE CHAMBRE ARBITRALE MARITIME DE PARISDownload the articles of the CAMP Article 1.&#8211; In accordance with the provisions of the law dated 1st July 1901 a Maritime Arbitration Chamber (Chambre Arbitrale Maritime) is established, the object of which is the speedy and economical settlement of the disputes submitted to it. The Paris Chambre<\/p>\n","protected":false},"author":1,"featured_media":0,"parent":1608,"menu_order":0,"comment_status":"closed","ping_status":"closed","template":"fullwidth.php","meta":{"_monsterinsights_skip_tracking":false,"_monsterinsights_sitenote_active":false,"_monsterinsights_sitenote_note":"","_monsterinsights_sitenote_category":0,"footnotes":""},"class_list":["post-1597","page","type-page","status-publish","hentry"],"_links":{"self":[{"href":"https:\/\/www.arbitrage-maritime.org\/CAMP-V3\/wp-json\/wp\/v2\/pages\/1597","targetHints":{"allow":["GET"]}}],"collection":[{"href":"https:\/\/www.arbitrage-maritime.org\/CAMP-V3\/wp-json\/wp\/v2\/pages"}],"about":[{"href":"https:\/\/www.arbitrage-maritime.org\/CAMP-V3\/wp-json\/wp\/v2\/types\/page"}],"author":[{"embeddable":true,"href":"https:\/\/www.arbitrage-maritime.org\/CAMP-V3\/wp-json\/wp\/v2\/users\/1"}],"replies":[{"embeddable":true,"href":"https:\/\/www.arbitrage-maritime.org\/CAMP-V3\/wp-json\/wp\/v2\/comments?post=1597"}],"version-history":[{"count":10,"href":"https:\/\/www.arbitrage-maritime.org\/CAMP-V3\/wp-json\/wp\/v2\/pages\/1597\/revisions"}],"predecessor-version":[{"id":6681,"href":"https:\/\/www.arbitrage-maritime.org\/CAMP-V3\/wp-json\/wp\/v2\/pages\/1597\/revisions\/6681"}],"up":[{"embeddable":true,"href":"https:\/\/www.arbitrage-maritime.org\/CAMP-V3\/wp-json\/wp\/v2\/pages\/1608"}],"wp:attachment":[{"href":"https:\/\/www.arbitrage-maritime.org\/CAMP-V3\/wp-json\/wp\/v2\/media?parent=1597"}],"curies":[{"name":"wp","href":"https:\/\/api.w.org\/{rel}","templated":true}]}}