{"id":161,"date":"2016-02-11T11:38:51","date_gmt":"2016-02-11T10:38:51","guid":{"rendered":"http:\/\/www.arbitrage-maritime.org\/CAMP-V3\/?page_id=161"},"modified":"2016-05-25T10:57:22","modified_gmt":"2016-05-25T09:57:22","slug":"procedure-arbitrale","status":"publish","type":"page","link":"https:\/\/www.arbitrage-maritime.org\/CAMP-V3\/generalites\/procedure-arbitrale\/","title":{"rendered":"Proc\u00e9dure arbitrale"},"content":{"rendered":"<style>\nstrong{\ncolor:#4C819A;\n}\n<\/style>\n<p><strong>PROC\u00c9DURE ARBITRALE<\/strong><\/p>\n<p>L&rsquo;arbitrage est l&rsquo;institution d&rsquo;une justice priv\u00e9e par laquelle les parties confient \u00e0 des arbitres librement d\u00e9sign\u00e9s par elles la mission de trancher leurs litiges, qui sont ainsi soustraits aux juridictions de droit commun.<\/p>\n<p>L&rsquo;arbitrage est de nature essentiellement consensuelle et n&rsquo;existe que par la volont\u00e9 des parties \u00e0 s&rsquo;engager \u00e0 recourir \u00e0 cette proc\u00e9dure pour r\u00e9soudre leurs litiges par une convention arbitrale prenant la forme d&rsquo;une clause compromissoire dans un contrat ou d&rsquo;un compromis d&rsquo;arbitrage lorsque le litige est n\u00e9.<\/p>\n<p>En France, cette proc\u00e9dure arbitrale est soumise \u00e0 un certain nombre de dispositions du Code de Proc\u00e9dure Civile dans son livre quatri\u00e8me. Ainsi l&rsquo;arbitrage est-il, dans une certaine mesure, int\u00e9gr\u00e9 dans le syst\u00e8me judiciaire \u00e9tatique, notamment en ce que la place de l&rsquo;arbitrage est reconnue et consacr\u00e9e par les lois de proc\u00e9dure fran\u00e7aise, et en ce que dans l&rsquo;int\u00e9r\u00eat bien compris des parties les principes directeurs du proc\u00e8s et le respect des droits de Ia d\u00e9fense sont applicables \u00e0 l&rsquo;arbitrage.<br \/>\nLes arbitres sont des juges. Ils sont juges du droit autant que du fait.<\/p>\n<p>En France et dans d&rsquo;autres places, les avantages suivants sont souvent mis en avant pour vanter les m\u00e9rites de l&rsquo;arbitrage compar\u00e9 aux proc\u00e9dures de l&rsquo;ordre judiciaire:<br \/>\n&#8211; la rapidit\u00e9 pour la solution des conflits, les d\u00e9lais de l&rsquo;instance arbitrale \u00e9tant relativement courts,<\/p>\n<p>&#8211; l&rsquo;\u00e9conomie, les frais d&rsquo;arbitrage \u00e9tant beaucoup moins \u00e9lev\u00e9s que ceux entrain\u00e9s par les instances judiciaires,<\/p>\n<p>&#8211; la confidentialit\u00e9, qui est un des soucis des parties dans le r\u00e8glement de leur contentieux,<\/p>\n<p>&#8211; la recherche d&rsquo;une justice mieux adapt\u00e9e \u00e0 la nature des litiges (par exemple les arbitres sont tenus de prendre en consid\u00e9ration les usages du commerce, c.a.d. de la \u00ab\u00a0lex mercatoria\u00a0\u00bb),<\/p>\n<p>&#8211; la comp\u00e9tence des arbitres qui sont librement d\u00e9sign\u00e9s par les parties pour leurs qualit\u00e9s tant techniques que morales.<br \/>\nLes arbitrages sont g\u00e9n\u00e9ralement organis\u00e9s par des institutions mises en place par les diff\u00e9rentes professions de commer\u00e7ants (par exemple commerce de la laine, des grains, du caf\u00e9, profession de cin\u00e9aste, de journaliste etc&#8230;).<\/p>\n<p><strong>Ainsi la Chambre Arbitrale Maritime de Paris (CAMP) a \u00e9t\u00e9 fond\u00e9e par les professions maritimes:<\/strong><br \/>\narmateurs, chargeurs, assureurs, agents consignataires, courtiers maritirnes.<\/p>\n<p>C&rsquo;est une institution priv\u00e9e et ind\u00e9pendante (association de la loi du ler Juillet 1901 dont les membres adh\u00e9rents sont des personnes morales ou des groupements professionnels maritimes).<\/p>\n<p>La loi fran\u00e7aise stipulant que : \u00ab\u00a0la mission d&rsquo;arbitre ne peut \u00eatre confi\u00e9e qu&rsquo;\u00e0 une personne physique &#8230;\u00a0\u00bb (article 1451 du Code de Proc\u00e9dure Civile), une personne morale telle que la CAMP, d\u00e9sign\u00e9e dans le contrat d&rsquo;arbitrage, ne dispose que du pouvoir d&rsquo;organiser l&rsquo;arbitrage.<\/p>\n<p><strong> Ainsi l&rsquo;objet de la Chambre est d&rsquo;organiser et de g\u00e9rer les proc\u00e9dures d&rsquo;arbitrage portant sur des litiges li\u00e9s au commerce maritime national, international et fluvial.<\/strong><\/p>\n","protected":false},"excerpt":{"rendered":"<p>PROC\u00c9DURE ARBITRALE L&rsquo;arbitrage est l&rsquo;institution d&rsquo;une justice priv\u00e9e par laquelle les parties confient \u00e0 des arbitres librement d\u00e9sign\u00e9s par elles la mission de trancher leurs litiges, qui sont ainsi soustraits aux juridictions de droit commun. L&rsquo;arbitrage est de nature essentiellement consensuelle et n&rsquo;existe que par la volont\u00e9 des parties \u00e0 s&rsquo;engager \u00e0 recourir \u00e0 cette<\/p>\n","protected":false},"author":1,"featured_media":0,"parent":153,"menu_order":0,"comment_status":"closed","ping_status":"closed","template":"fullwidth.php","meta":{"_monsterinsights_skip_tracking":false,"_monsterinsights_sitenote_active":false,"_monsterinsights_sitenote_note":"","_monsterinsights_sitenote_category":0,"footnotes":""},"class_list":["post-161","page","type-page","status-publish","hentry"],"_links":{"self":[{"href":"https:\/\/www.arbitrage-maritime.org\/CAMP-V3\/wp-json\/wp\/v2\/pages\/161","targetHints":{"allow":["GET"]}}],"collection":[{"href":"https:\/\/www.arbitrage-maritime.org\/CAMP-V3\/wp-json\/wp\/v2\/pages"}],"about":[{"href":"https:\/\/www.arbitrage-maritime.org\/CAMP-V3\/wp-json\/wp\/v2\/types\/page"}],"author":[{"embeddable":true,"href":"https:\/\/www.arbitrage-maritime.org\/CAMP-V3\/wp-json\/wp\/v2\/users\/1"}],"replies":[{"embeddable":true,"href":"https:\/\/www.arbitrage-maritime.org\/CAMP-V3\/wp-json\/wp\/v2\/comments?post=161"}],"version-history":[{"count":6,"href":"https:\/\/www.arbitrage-maritime.org\/CAMP-V3\/wp-json\/wp\/v2\/pages\/161\/revisions"}],"predecessor-version":[{"id":2247,"href":"https:\/\/www.arbitrage-maritime.org\/CAMP-V3\/wp-json\/wp\/v2\/pages\/161\/revisions\/2247"}],"up":[{"embeddable":true,"href":"https:\/\/www.arbitrage-maritime.org\/CAMP-V3\/wp-json\/wp\/v2\/pages\/153"}],"wp:attachment":[{"href":"https:\/\/www.arbitrage-maritime.org\/CAMP-V3\/wp-json\/wp\/v2\/media?parent=161"}],"curies":[{"name":"wp","href":"https:\/\/api.w.org\/{rel}","templated":true}]}}