{"id":1633,"date":"2016-04-04T16:10:25","date_gmt":"2016-04-04T15:10:25","guid":{"rendered":"http:\/\/www.arbitrage-maritime.org\/CAMP-V3\/?page_id=1633"},"modified":"2022-06-17T14:19:15","modified_gmt":"2022-06-17T13:19:15","slug":"organization","status":"publish","type":"page","link":"https:\/\/www.arbitrage-maritime.org\/CAMP-V3\/organization\/","title":{"rendered":"Organization"},"content":{"rendered":"<style>\n#bordure {\n    border: 1px solid #4C819A;\n    padding: 15px;\n}\nstrong{\ncolor:#4C819A;\n}\n<\/style>\n<p><em>Updated June 16th 2022<\/em><\/p>\n<div style=\"float:left\">\n<strong>THE COUNCIL<\/strong><\/p>\n<div id=\"bordure\">\n<strong>M. Philippe DELEBECQUE &#8211; President<\/strong><\/p>\n<p>MM. Jean-Pascal BIDOIRE<\/p>\n<p>    Philippe BOISSON\t<\/p>\n<p>Mme Marie DOR\u00c9\t<\/p>\n<p>MM. Alioune DIAGNE<\/p>\n<p>    Gilles HELIGON\t<\/p>\n<p>    Olivier JAMBU-MERLIN\t<\/p>\n<p>    Michel LE LUYER<\/p>\n<p>Mrs Laur\u00e8ne NIAMBA<\/p>\n<p>MM. Philippe PICARD<\/p>\n<p>    Julien RAYNAUT\t<\/p>\n<p>    St\u00e9phane RIVIER<\/p>\n<p>    Georges SIOUFI<\/p>\n<p>Mrs Christelle TAILHARDAT\t<\/p>\n<p>    Jean-Paul THOMAS  \t<\/p>\n<p>    Jean-Yves THOMAS<\/p>\n<p>    Gabriel TOUCHARD\n<\/p><\/div>\n<p>&nbsp;<\/p>\n<p><strong>THE BOARD<\/strong><\/p>\n<div id=\"bordure\">\nMM. Philippe DELEBECQUE&nbsp;&nbsp;&nbsp;&nbsp;President\t<\/p>\n<p>    Olivier JAMBU-MERLIN&nbsp;&nbsp;&nbsp;&nbsp;Vice-President\t<\/p>\n<p>    Philippe BOISSON&nbsp;&nbsp;&nbsp;&nbsp;Vice-President\t<\/p>\n<p>    Gilles H\u00c9LIGON&nbsp;&nbsp;&nbsp;&nbsp;Treasurer<\/p>\n<p>    Pascale MESNIL&nbsp;&nbsp;&nbsp;&nbsp;Secretary General (not member of the board)\n<\/p><\/div>\n<p>&nbsp;<\/p>\n<\/div>\n<div style=\"float:right\">\n<strong>THE COMMITTEE<\/strong><\/p>\n<div id=\"bordure\">\n<p>MM. Philippe DELEBECQUE&nbsp;&nbsp;&nbsp;&nbsp;Titular member\t<\/p>\n<p>Olivier JAMBU-MERLIN&nbsp;&nbsp;&nbsp;&nbsp;Titular member\t<\/p>\n<p>Philippe BOISSON&nbsp;&nbsp;&nbsp;&nbsp;Titular member\t<\/p>\n<p>Jean-Yves THOMAS&nbsp;&nbsp;&nbsp;&nbsp;Membre substitute member\t\t<\/p>\n<p>Michel Le Luyer&nbsp;&nbsp;&nbsp;&nbsp;Membre substitute member\t<\/p>\n<p>Georges SIOUFI&nbsp;&nbsp;&nbsp;&nbsp;Membre substitute member\t<\/p>\n<p>Jean-Fran\u00e7ois CHENEVAL&nbsp;&nbsp;&nbsp;&nbsp;substitute member\t<\/p>\n<p>Jean-Patrick MARCQ&nbsp;&nbsp;&nbsp;&nbsp;substitute member\n<\/p><\/div>\n<p>&nbsp;<\/p>\n<p><strong>THE CONSULTATIVE COMMITTEE<\/strong><\/p>\n<div id=\"bordure\">\nMM. Philippe DELEBECQUE\tMembre de droit\t<\/p>\n<p>Olivier JAMBU-MERLIN&nbsp;&nbsp;&nbsp;&nbsp;Membre de droit\t<\/p>\n<p>Philippe BOISSON&nbsp;&nbsp;&nbsp;&nbsp;Membre de droit\t<\/p>\n<p>Gilles HELIGON&nbsp;&nbsp;&nbsp;&nbsp;Membre de droit\t<\/p>\n<p>Claude GOUSSOT&nbsp;&nbsp;&nbsp;&nbsp;Membre \u00e9lu<\/p>\n<p>Michel LE LUYER&nbsp;&nbsp;&nbsp;&nbsp;Membre \u00e9lu<\/p>\n<p>Jean-Yves THOMAS&nbsp;&nbsp;&nbsp;&nbsp;Membre \u00e9lu\t<\/p>\n<p>Jean VILLETTE&nbsp;&nbsp;&nbsp;&nbsp;Membre \u00e9lu\t<\/p>\n<p>Pascale MESNIL&nbsp;&nbsp;&nbsp;&nbsp;Secretary General (not member of the Committee)\n<\/p><\/div>\n<\/div>\n","protected":false},"excerpt":{"rendered":"<p>Updated June 16th 2022 THE COUNCIL M. Philippe DELEBECQUE &#8211; President MM. Jean-Pascal BIDOIRE Philippe BOISSON Mme Marie DOR\u00c9 MM. Alioune DIAGNE Gilles HELIGON Olivier JAMBU-MERLIN Michel LE LUYER Mrs Laur\u00e8ne NIAMBA MM. Philippe PICARD Julien RAYNAUT St\u00e9phane RIVIER Georges SIOUFI Mrs Christelle TAILHARDAT Jean-Paul THOMAS Jean-Yves THOMAS Gabriel TOUCHARD &nbsp; THE BOARD MM. Philippe<\/p>\n","protected":false},"author":1,"featured_media":0,"parent":0,"menu_order":0,"comment_status":"closed","ping_status":"closed","template":"fullwidth.php","meta":{"_monsterinsights_skip_tracking":false,"_monsterinsights_sitenote_active":false,"_monsterinsights_sitenote_note":"","_monsterinsights_sitenote_category":0,"footnotes":""},"class_list":["post-1633","page","type-page","status-publish","hentry"],"_links":{"self":[{"href":"https:\/\/www.arbitrage-maritime.org\/CAMP-V3\/wp-json\/wp\/v2\/pages\/1633","targetHints":{"allow":["GET"]}}],"collection":[{"href":"https:\/\/www.arbitrage-maritime.org\/CAMP-V3\/wp-json\/wp\/v2\/pages"}],"about":[{"href":"https:\/\/www.arbitrage-maritime.org\/CAMP-V3\/wp-json\/wp\/v2\/types\/page"}],"author":[{"embeddable":true,"href":"https:\/\/www.arbitrage-maritime.org\/CAMP-V3\/wp-json\/wp\/v2\/users\/1"}],"replies":[{"embeddable":true,"href":"https:\/\/www.arbitrage-maritime.org\/CAMP-V3\/wp-json\/wp\/v2\/comments?post=1633"}],"version-history":[{"count":17,"href":"https:\/\/www.arbitrage-maritime.org\/CAMP-V3\/wp-json\/wp\/v2\/pages\/1633\/revisions"}],"predecessor-version":[{"id":6978,"href":"https:\/\/www.arbitrage-maritime.org\/CAMP-V3\/wp-json\/wp\/v2\/pages\/1633\/revisions\/6978"}],"wp:attachment":[{"href":"https:\/\/www.arbitrage-maritime.org\/CAMP-V3\/wp-json\/wp\/v2\/media?parent=1633"}],"curies":[{"name":"wp","href":"https:\/\/api.w.org\/{rel}","templated":true}]}}