{"id":1663,"date":"2016-04-05T11:10:45","date_gmt":"2016-04-05T10:10:45","guid":{"rendered":"http:\/\/www.arbitrage-maritime.org\/CAMP-V3\/?page_id=1663"},"modified":"2021-03-11T15:52:58","modified_gmt":"2021-03-11T14:52:58","slug":"arbitration-clauses","status":"publish","type":"page","link":"https:\/\/www.arbitrage-maritime.org\/CAMP-V3\/arbitration-clauses\/","title":{"rendered":"Arbitration clauses"},"content":{"rendered":"<style>\nstrong{\ncolor:#4C819A;\n}\n<\/style>\n<p>Models of arbitration clauses and arbitration agreement may be viewed on-line or downloaded <a href=\"\/CAMP-V3\/us\/PDFEN\/Clauses.pdf\" title=\"T\u00e9l\u00e9charger les mod\u00e8les de clause compromissoire\" target=\"blank\" rel=\"noopener\"><b>by clicking here<\/b><\/a>.<\/p>\n<p><strong>MODEL OF ARBITRATION AGREEMENT CLAUSE<\/strong><\/p>\n<p>All disputes arising in connection with the present contract shall be finally settled under the Rules of Arbitration of the Chambre Arbitrale Maritime (Head office : 16 Rue Daunou 75002 Paris) by one or three arbitrators appointed in accordance with the said Rules.<\/p>\n<p><strong>MODEL OF ARBITRATION AGREEMENT<\/strong><br \/>\nBetween the undersigned :<\/p>\n<p>And : <\/p>\n<p>The following has been agreed :<\/p>\n<p>The dispute between the two parties, the object of which is indicated hereunder will be finally settled under the Rules of Arbitration of the Chambre Arbitrale Maritime (Head office : 16 Rue Daunou 756002 Paris) by one or three arbitrators appointed in accordance with the said Rules, which the parties declare are known to them.<\/p>\n<p>Subject matter of the dispute :<\/p>\n<p>(These models only provided as suggestions.Their adoption cannot be imposed upon parties )<\/p>\n","protected":false},"excerpt":{"rendered":"<p>Models of arbitration clauses and arbitration agreement may be viewed on-line or downloaded by clicking here. MODEL OF ARBITRATION AGREEMENT CLAUSE All disputes arising in connection with the present contract shall be finally settled under the Rules of Arbitration of the Chambre Arbitrale Maritime (Head office : 16 Rue Daunou 75002 Paris) by one or<\/p>\n","protected":false},"author":1,"featured_media":0,"parent":0,"menu_order":0,"comment_status":"closed","ping_status":"closed","template":"fullwidth.php","meta":{"_monsterinsights_skip_tracking":false,"_monsterinsights_sitenote_active":false,"_monsterinsights_sitenote_note":"","_monsterinsights_sitenote_category":0,"footnotes":""},"class_list":["post-1663","page","type-page","status-publish","hentry"],"_links":{"self":[{"href":"https:\/\/www.arbitrage-maritime.org\/CAMP-V3\/wp-json\/wp\/v2\/pages\/1663","targetHints":{"allow":["GET"]}}],"collection":[{"href":"https:\/\/www.arbitrage-maritime.org\/CAMP-V3\/wp-json\/wp\/v2\/pages"}],"about":[{"href":"https:\/\/www.arbitrage-maritime.org\/CAMP-V3\/wp-json\/wp\/v2\/types\/page"}],"author":[{"embeddable":true,"href":"https:\/\/www.arbitrage-maritime.org\/CAMP-V3\/wp-json\/wp\/v2\/users\/1"}],"replies":[{"embeddable":true,"href":"https:\/\/www.arbitrage-maritime.org\/CAMP-V3\/wp-json\/wp\/v2\/comments?post=1663"}],"version-history":[{"count":4,"href":"https:\/\/www.arbitrage-maritime.org\/CAMP-V3\/wp-json\/wp\/v2\/pages\/1663\/revisions"}],"predecessor-version":[{"id":6683,"href":"https:\/\/www.arbitrage-maritime.org\/CAMP-V3\/wp-json\/wp\/v2\/pages\/1663\/revisions\/6683"}],"wp:attachment":[{"href":"https:\/\/www.arbitrage-maritime.org\/CAMP-V3\/wp-json\/wp\/v2\/media?parent=1663"}],"curies":[{"name":"wp","href":"https:\/\/api.w.org\/{rel}","templated":true}]}}