{"id":167,"date":"2016-02-11T12:11:47","date_gmt":"2016-02-11T11:11:47","guid":{"rendered":"http:\/\/www.arbitrage-maritime.org\/CAMP-V3\/?page_id=167"},"modified":"2018-02-13T10:43:16","modified_gmt":"2018-02-13T09:43:16","slug":"mentions-legales","status":"publish","type":"page","link":"https:\/\/www.arbitrage-maritime.org\/CAMP-V3\/generalites\/mentions-legales\/","title":{"rendered":"Mentions l\u00e9gales"},"content":{"rendered":"<style><span data-mce-type=\"bookmark\" style=\"display: inline-block; width: 0px; overflow: hidden; line-height: 0;\" class=\"mce_SELRES_start\">\ufeff<\/span><br \/>\nstrong{<br \/>\ncolor:#4C819A;<br \/>\n}<br \/>\n<\/style>\n<p><strong>MENTIONS L\u00c9GALES<\/strong><\/p>\n<p>Conform\u00e9ment aux dispositions de la loi du 21 juin 2004 pour la confiance dans l&rsquo;\u00e9conomie num\u00e9rique.<\/p>\n<p>Site mis en oeuvre pour le compte de la :<\/p>\n<p>Chambre Arbitrale Maritime de Paris<br \/>\n16 rue Daunou &#8211; 75002 Paris<\/p>\n<p>T\u00e9l\u00e9phone : 01 42 96 40 41<\/p>\n<p>Association loi de 1901 d\u00e9clar\u00e9e au JORF du 26 janvier 1967<br \/>\nSIRET 78436340000010<br \/>\nCode APE 741A<br \/>\nN\u00b0 du r\u00e9c\u00e9piss\u00e9 de d\u00e9claration CNIL : 1047616<\/p>\n<p>Directeur de la publication \/ responsable de la r\u00e9daction : Philippe Delebecque<\/p>\n<p>Pour exercer le droit d&rsquo;acc\u00e8s aux informations nominatives, s&rsquo;adresser au Directeur de la publication, par courrier, au si\u00e8ge de la CAMP.<\/p>\n<p>Les opinions \u00e9mises dans les articles de la \u00ab\u00a0Gazette de la Chambre\u00a0\u00bb t\u00e9l\u00e9chargeable depuis ce site, ainsi que celles des articles et commentaires accessibles \u00e0 partir des pages \u00ab\u00a0Tir\u00e9 \u00e0 part\u00a0\u00bb et \u00ab\u00a0Miscellan\u00e9es\u00a0\u00bb sont propres \u00e0 leurs auteurs et n&rsquo;engagent ni le Directeur de la publication, ni la Chambre arbitrale maritime de Paris<\/p>\n<p>Site h\u00e9berg\u00e9 par :<\/p>\n<p>Ikoula<br \/>\n175-177, rue d&rsquo;Aguesseau<br \/>\n92100 Boulogne Billancourt<\/p>\n<p>T\u00e9l\u00e9phone : 01 84 01 02 50 \/ 0 892 350 503<br \/>\nE mail : ikoula@ikoula.com<br \/>\nWeb site : http:\/\/www.ikoula.com<\/p>\n","protected":false},"excerpt":{"rendered":"<p>MENTIONS L\u00c9GALES Conform\u00e9ment aux dispositions de la loi du 21 juin 2004 pour la confiance dans l&rsquo;\u00e9conomie num\u00e9rique. Site mis en oeuvre pour le compte de la : Chambre Arbitrale Maritime de Paris 16 rue Daunou &#8211; 75002 Paris T\u00e9l\u00e9phone : 01 42 96 40 41 Association loi de 1901 d\u00e9clar\u00e9e au JORF du 26<\/p>\n","protected":false},"author":1,"featured_media":0,"parent":153,"menu_order":0,"comment_status":"closed","ping_status":"closed","template":"fullwidth.php","meta":{"_monsterinsights_skip_tracking":false,"_monsterinsights_sitenote_active":false,"_monsterinsights_sitenote_note":"","_monsterinsights_sitenote_category":0,"footnotes":""},"class_list":["post-167","page","type-page","status-publish","hentry"],"_links":{"self":[{"href":"https:\/\/www.arbitrage-maritime.org\/CAMP-V3\/wp-json\/wp\/v2\/pages\/167","targetHints":{"allow":["GET"]}}],"collection":[{"href":"https:\/\/www.arbitrage-maritime.org\/CAMP-V3\/wp-json\/wp\/v2\/pages"}],"about":[{"href":"https:\/\/www.arbitrage-maritime.org\/CAMP-V3\/wp-json\/wp\/v2\/types\/page"}],"author":[{"embeddable":true,"href":"https:\/\/www.arbitrage-maritime.org\/CAMP-V3\/wp-json\/wp\/v2\/users\/1"}],"replies":[{"embeddable":true,"href":"https:\/\/www.arbitrage-maritime.org\/CAMP-V3\/wp-json\/wp\/v2\/comments?post=167"}],"version-history":[{"count":4,"href":"https:\/\/www.arbitrage-maritime.org\/CAMP-V3\/wp-json\/wp\/v2\/pages\/167\/revisions"}],"predecessor-version":[{"id":5842,"href":"https:\/\/www.arbitrage-maritime.org\/CAMP-V3\/wp-json\/wp\/v2\/pages\/167\/revisions\/5842"}],"up":[{"embeddable":true,"href":"https:\/\/www.arbitrage-maritime.org\/CAMP-V3\/wp-json\/wp\/v2\/pages\/153"}],"wp:attachment":[{"href":"https:\/\/www.arbitrage-maritime.org\/CAMP-V3\/wp-json\/wp\/v2\/media?parent=167"}],"curies":[{"name":"wp","href":"https:\/\/api.w.org\/{rel}","templated":true}]}}