{"id":1689,"date":"2016-04-05T14:30:29","date_gmt":"2016-04-05T13:30:29","guid":{"rendered":"http:\/\/www.arbitrage-maritime.org\/CAMP-V3\/?page_id=1689"},"modified":"2016-04-05T15:25:00","modified_gmt":"2016-04-05T14:25:00","slug":"professionals-of-maritime-trade","status":"publish","type":"page","link":"https:\/\/www.arbitrage-maritime.org\/CAMP-V3\/list-of-arbitrators\/professionals-of-maritime-trade\/","title":{"rendered":"Arbitrators \/ Professionals of maritime trade"},"content":{"rendered":"<style>\nstrong{\ncolor:#4C819A;\n}\nth, .tablepress thead th {\n    min-width: 60px;\n}\n.column-2{\nwidth: 150px;\n}\n.column-3{\nwidth: 80px;\n}\n.column-4{\nwidth: 80px;\n}\n.column-5{\nwidth: 360px;\n}\n.column-6{\nwidth: 360px;\n}\n<\/style>\n<p><strong>PROFESSIONALS OF MARITIME TRADE | <a href=\"..\/lawyers\">LAWYERS<\/a> | <a href=\"..\/technicians\">TECHNICIANS<\/a> | <a href=\"..\/all-arbitrators\/\">ALL ARBITRATORS<\/a><\/strong><br \/>\n\n<table id=\"tablepress-22\" class=\"tablepress tablepress-id-22 tablepress-responsive\">\n<thead>\n<tr class=\"row-1\">\n\t<th class=\"column-1\">Name\/First name<\/th><th class=\"column-2\">CAMP arbitrator since     <\/th><th class=\"column-3\">CV<\/th><th class=\"column-4\">Photo<\/th><th class=\"column-5\">Title\/Function<\/th><th class=\"column-6\">Specialities<\/th>\n<\/tr>\n<\/thead>\n<tbody class=\"row-striping row-hover\">\n<tr class=\"row-2\">\n\t<td class=\"column-1\">AZ\u00c9BAZ\u00c9 Serge<\/td><td class=\"column-2\">2021<\/td><td class=\"column-3\"><a href=\"http:\/\/www.arbitrage-maritime.org\/CAMP-V3\/wp-content\/uploads\/2016\/02\/cven\/101.pdf\" target=\"_blank\" rel=\"noopener noreferrer\"><img loading=\"lazy\" decoding=\"async\" src=\"http:\/\/www.arbitrage-maritime.org\/CAMP-V3\/wp-content\/uploads\/2016\/02\/pdf.jpg\" alt=\"pdf\" width=\"25\" height=\"25\" class=\"alignnone size-full wp-image-384\" \/><\/a><\/td><td class=\"column-4\"><img loading=\"lazy\" decoding=\"async\" src=\"http:\/\/www.arbitrage-maritime.org\/CAMP-V3\/wp-content\/uploads\/2016\/02\/101.jpg\" alt=\"1\" width=\"50\" height=\"63\" class=\"alignnone size-full wp-image-381\" \/><\/td><td class=\"column-5\">PhD in Law<br \/>\nCertificate in Executive Business Administration<br \/>\n<\/td><td class=\"column-6\">PhD in Law<br \/>\nCertificate in Executive Business Administration<br \/>\n<\/td>\n<\/tr>\n<tr class=\"row-3\">\n\t<td class=\"column-1\">BAUDU Francis<\/td><td class=\"column-2\">1998<\/td><td class=\"column-3\"><a href=\"http:\/\/www.arbitrage-maritime.org\/CAMP-V3\/wp-content\/uploads\/2016\/02\/cven\/1.pdf\" target=\"_blank\" rel=\"noopener noreferrer\"><img loading=\"lazy\" decoding=\"async\" src=\"http:\/\/www.arbitrage-maritime.org\/CAMP-V3\/wp-content\/uploads\/2016\/02\/pdf.jpg\" alt=\"pdf\" width=\"25\" height=\"25\" class=\"alignnone size-full wp-image-384\" \/><\/a><br \/>\n<\/td><td class=\"column-4\"><img loading=\"lazy\" decoding=\"async\" src=\"http:\/\/www.arbitrage-maritime.org\/CAMP-V3\/wp-content\/uploads\/2016\/02\/1.jpg\" alt=\"1\" width=\"50\" height=\"63\" class=\"alignnone size-full wp-image-381\" \/><\/td><td class=\"column-5\">E.Sup.Commerce Paris <br \/>\nEx New buildings broker<br \/>\nMember of the Marine Academy<\/td><td class=\"column-6\">Gaz chartering <br \/>\nNewbuilding<\/td>\n<\/tr>\n<tr class=\"row-4\">\n\t<td class=\"column-1\">BLIN Patrick<\/td><td class=\"column-2\">1996<\/td><td class=\"column-3\"><\/td><td class=\"column-4\"><\/td><td class=\"column-5\">Docteur en Droit <br \/>\nEx-Affr\u00e8tement Elf <\/td><td class=\"column-6\">Line operating <br \/>\nTanker chartering<\/td>\n<\/tr>\n<tr class=\"row-5\">\n\t<td class=\"column-1\">BOLLAERT Denis <\/td><td class=\"column-2\">2008<\/td><td class=\"column-3\"><\/td><td class=\"column-4\"><\/td><td class=\"column-5\">BTS - TRADICOPA <br \/>\nChartering manager Soufflet<\/td><td class=\"column-6\">Contract of sale <br \/>\nChartering<\/td>\n<\/tr>\n<tr class=\"row-6\">\n\t<td class=\"column-1\">DIAGNE Alioune <br \/>\n<\/td><td class=\"column-2\">2011<\/td><td class=\"column-3\"><\/td><td class=\"column-4\"><\/td><td class=\"column-5\">DESS Commerce international <br \/>\nDESS Droit &amp; activit\u00e9s technologies maritimes <br \/>\nMa\u00eetrise droit priv\u00e9 <br \/>\nGeneral manager AXA S\u00e9n\u00e9gal<\/td><td class=\"column-6\">Maritime litigation <br \/>\nCargo claims <br \/>\nMaritime insurance<\/td>\n<\/tr>\n<tr class=\"row-7\">\n\t<td class=\"column-1\">DREYFUS Jean-Pierre <br \/>\n<\/td><td class=\"column-2\">1966<\/td><td class=\"column-3\"><a href=\"http:\/\/www.arbitrage-maritime.org\/CAMP-V3\/wp-content\/uploads\/2016\/02\/cven\/8.pdf\" target=\"_blank\" rel=\"noopener noreferrer\"><img loading=\"lazy\" decoding=\"async\" src=\"http:\/\/www.arbitrage-maritime.org\/CAMP-V3\/wp-content\/uploads\/2016\/02\/pdf.jpg\" alt=\"pdf\" width=\"25\" height=\"25\" class=\"alignnone size-full wp-image-384\" \/><\/a><\/td><td class=\"column-4\"><img loading=\"lazy\" decoding=\"async\" src=\"http:\/\/www.arbitrage-maritime.org\/CAMP-V3\/wp-content\/uploads\/2016\/02\/8.jpg\" alt=\"42\" width=\"50\" height=\"63\" class=\"alignnone size-full wp-image-381\" \/><\/td><td class=\"column-5\">G\u00e9rant Serain<\/td><td class=\"column-6\">Chartering<\/td>\n<\/tr>\n<tr class=\"row-8\">\n\t<td class=\"column-1\">FAGES Jean-Christian<\/td><td class=\"column-2\">2004<\/td><td class=\"column-3\"><\/td><td class=\"column-4\"><\/td><td class=\"column-5\">Licence Sciences Eco <br \/>\nGlobal head of execution<br \/>\nSierentz Global Merchants SA<br \/>\nex Gearbulk - LD N\u00e9goce <\/td><td class=\"column-6\">Ship operating <br \/>\nChartering<\/td>\n<\/tr>\n<tr class=\"row-9\">\n\t<td class=\"column-1\">GALLARD Florian <\/td><td class=\"column-2\">2013<\/td><td class=\"column-3\"><a href=\"http:\/\/www.arbitrage-maritime.org\/CAMP-V3\/wp-content\/uploads\/2016\/02\/cven\/83.pdf\" target=\"_blank\" rel=\"noopener noreferrer\"><img loading=\"lazy\" decoding=\"async\" src=\"http:\/\/www.arbitrage-maritime.org\/CAMP-V3\/wp-content\/uploads\/2016\/02\/pdf.jpg\" alt=\"pdf\" width=\"25\" height=\"25\" class=\"alignnone size-full wp-image-384\" \/><\/a><\/td><td class=\"column-4\"><img loading=\"lazy\" decoding=\"async\" src=\"http:\/\/www.arbitrage-maritime.org\/CAMP-V3\/wp-content\/uploads\/2016\/02\/83.jpg\" alt=\"42\" width=\"50\" height=\"63\" class=\"alignnone size-full wp-image-381\" \/><\/td><td class=\"column-5\">Chartering manager <br \/>\nGranit N\u00e9goce<\/td><td class=\"column-6\">Chartering<\/td>\n<\/tr>\n<tr class=\"row-10\">\n\t<td class=\"column-1\">GARO Philippe<\/td><td class=\"column-2\">2011<\/td><td class=\"column-3\"><\/td><td class=\"column-4\"><\/td><td class=\"column-5\">Docteur en droit <br \/>\nDESS Droit maritime et transport <br \/>\nManager Mc Leans SA<\/td><td class=\"column-6\">Maritime litigation <br \/>\nP&amp;I Clubs <br \/>\nChartering <br \/>\nCargo claims <br \/>\nMaritime insurance<\/td>\n<\/tr>\n<tr class=\"row-11\">\n\t<td class=\"column-1\">JAMBU-MERLIN Olivier <\/td><td class=\"column-2\">1991<\/td><td class=\"column-3\"><\/td><td class=\"column-4\"><img loading=\"lazy\" decoding=\"async\" src=\"http:\/\/www.arbitrage-maritime.org\/CAMP-V3\/wp-content\/uploads\/2016\/02\/12.jpg\" alt=\"42\" width=\"50\" height=\"63\" class=\"alignnone size-full wp-image-381\" \/><\/td><td class=\"column-5\">DEA Droit priv\u00e9 <br \/>\n<\/td><td class=\"column-6\">Ship operating.<br \/>\nChartering.<br \/>\nShips Sale and Purchase, Shipbuilding contracts.<\/td>\n<\/tr>\n<tr class=\"row-12\">\n\t<td class=\"column-1\">LACAVE Jean-Marc<\/td><td class=\"column-2\">2022<\/td><td class=\"column-3\"><\/td><td class=\"column-4\"><\/td><td class=\"column-5\"><\/td><td class=\"column-6\"><\/td>\n<\/tr>\n<tr class=\"row-13\">\n\t<td class=\"column-1\">LAFFAYE Jean-Pierre <\/td><td class=\"column-2\">1998<\/td><td class=\"column-3\"><a href=\"http:\/\/www.arbitrage-maritime.org\/CAMP-V3\/wp-content\/uploads\/2016\/02\/cven\/14.pdf\" target=\"_blank\" rel=\"noopener noreferrer\"><img loading=\"lazy\" decoding=\"async\" src=\"http:\/\/www.arbitrage-maritime.org\/CAMP-V3\/wp-content\/uploads\/2016\/02\/pdf.jpg\" alt=\"pdf\" width=\"25\" height=\"25\" class=\"alignnone size-full wp-image-384\" \/><\/a><\/td><td class=\"column-4\"><img loading=\"lazy\" decoding=\"async\" src=\"http:\/\/www.arbitrage-maritime.org\/CAMP-V3\/wp-content\/uploads\/2016\/02\/14.jpg\" alt=\"42\" width=\"50\" height=\"63\" class=\"alignnone size-full wp-image-381\" \/><\/td><td class=\"column-5\">MBA<br \/>\nOps. mgr. Cetragpa<\/td><td class=\"column-6\">Ship operating <br \/>\nChartering<\/td>\n<\/tr>\n<tr class=\"row-14\">\n\t<td class=\"column-1\">LAFFOUCRI\u00c8RE Fran\u00e7ois<br \/>\n<br \/>\n<br \/>\n<\/td><td class=\"column-2\">2012<\/td><td class=\"column-3\"><a href=\"http:\/\/www.arbitrage-maritime.org\/CAMP-V3\/wp-content\/uploads\/2016\/02\/cven\/80.pdf\" target=\"_blank\" rel=\"noopener noreferrer\"><img loading=\"lazy\" decoding=\"async\" src=\"http:\/\/www.arbitrage-maritime.org\/CAMP-V3\/wp-content\/uploads\/2016\/02\/pdf.jpg\" alt=\"pdf\" width=\"25\" height=\"25\" class=\"alignnone size-full wp-image-384\" \/><\/a><\/td><td class=\"column-4\"><img loading=\"lazy\" decoding=\"async\" src=\"http:\/\/www.arbitrage-maritime.org\/CAMP-V3\/wp-content\/uploads\/2016\/02\/80.jpg\" alt=\"42\" width=\"50\" height=\"63\" class=\"alignnone size-full wp-image-381\" \/><\/td><td class=\"column-5\">PhD Maritime law <br \/>\nMaster in Admiralty and Maritime law - <br \/>\nMaster Mariner - <br \/>\nEx Le Havre Maritime Pilot<\/td><td class=\"column-6\">Maritime litigation <br \/>\nOffshore, Cruising, Tankers, Bulkers, Container ships<\/td>\n<\/tr>\n<tr class=\"row-15\">\n\t<td class=\"column-1\">LEKOUARA Salim<\/td><td class=\"column-2\">2023<\/td><td class=\"column-3\"><\/td><td class=\"column-4\"><\/td><td class=\"column-5\">P&amp;I Club representative in Algeria<\/td><td class=\"column-6\">Maritime litigation<\/td>\n<\/tr>\n<tr class=\"row-16\">\n\t<td class=\"column-1\">LE LUYER Michel <\/td><td class=\"column-2\">2001<\/td><td class=\"column-3\"><a href=\"http:\/\/www.arbitrage-maritime.org\/CAMP-V3\/wp-content\/uploads\/2016\/02\/cven\/18.pdf\" target=\"_blank\" rel=\"noopener noreferrer\"><img loading=\"lazy\" decoding=\"async\" src=\"http:\/\/www.arbitrage-maritime.org\/CAMP-V3\/wp-content\/uploads\/2016\/02\/pdf.jpg\" alt=\"pdf\" width=\"25\" height=\"25\" class=\"alignnone size-full wp-image-384\" \/><\/a><\/td><td class=\"column-4\"><img loading=\"lazy\" decoding=\"async\" src=\"http:\/\/www.arbitrage-maritime.org\/CAMP-V3\/wp-content\/uploads\/2016\/02\/18.jpg\" alt=\"42\" width=\"50\" height=\"63\" class=\"alignnone size-full wp-image-381\" \/><\/td><td class=\"column-5\">C1NM - DESS Transports <br \/>\nEx-Dir. Affr\u00e8tement Delmas <br \/>\nEast Africa Development Manager<\/td><td class=\"column-6\">Ship chartering<\/td>\n<\/tr>\n<tr class=\"row-17\">\n\t<td class=\"column-1\">MAYEUX Pascal<\/td><td class=\"column-2\">2024<\/td><td class=\"column-3\"><a href=\"http:\/\/www.arbitrage-maritime.org\/CAMP-V3\/wp-content\/uploads\/2016\/02\/108.pdf\" target=\"_blank\" rel=\"noopener noreferrer\"><img loading=\"lazy\" decoding=\"async\" src=\"http:\/\/www.arbitrage-maritime.org\/CAMP-V3\/wp-content\/uploads\/2016\/02\/pdf.jpg\" alt=\"pdf\" width=\"25\" height=\"25\" class=\"alignnone size-full wp-image-384\" \/><\/a><\/td><td class=\"column-4\"><\/td><td class=\"column-5\">Deputy Legal Manager<br \/>\nSoufflet N\u00e9goce by Invivo<\/td><td class=\"column-6\">Maritime charters<\/td>\n<\/tr>\n<tr class=\"row-18\">\n\t<td class=\"column-1\">NICOLAS Bernard <\/td><td class=\"column-2\">1993<\/td><td class=\"column-3\"><\/td><td class=\"column-4\"><\/td><td class=\"column-5\">London Chamber of Com. <br \/>\nDry cargo Shipbroker <br \/>\nEx Managing Director Fret Marine<\/td><td class=\"column-6\">Chartering<\/td>\n<\/tr>\n<tr class=\"row-19\">\n\t<td class=\"column-1\">ORDINES Bernard<\/td><td class=\"column-2\">2019<\/td><td class=\"column-3\"><\/td><td class=\"column-4\"><img loading=\"lazy\" decoding=\"async\" src=\"http:\/\/www.arbitrage-maritime.org\/CAMP-V3\/wp-content\/uploads\/2016\/02\/97.jpg\" alt=\"42\" width=\"50\" height=\"63\" class=\"alignnone size-full wp-image-381\" \/><\/td><td class=\"column-5\"><\/td><td class=\"column-6\"><\/td>\n<\/tr>\n<tr class=\"row-20\">\n\t<td class=\"column-1\">PRAZZO Francisco<\/td><td class=\"column-2\">2025<\/td><td class=\"column-3\"><a href=\"http:\/\/www.arbitrage-maritime.org\/CAMP-V3\/wp-content\/uploads\/2016\/02\/111.pdf\" target=\"_blank\" rel=\"noopener noreferrer\"><img loading=\"lazy\" decoding=\"async\" src=\"http:\/\/www.arbitrage-maritime.org\/CAMP-V3\/wp-content\/uploads\/2016\/02\/pdf.jpg\" alt=\"pdf\" width=\"25\" height=\"25\" class=\"alignnone size-full wp-image-384\" \/><\/a><\/td><td class=\"column-4\"><img loading=\"lazy\" decoding=\"async\" width=\"50\" height=\"63\" src=\"http:\/\/www.arbitrage-maritime.org\/CAMP-V3\/wp-content\/uploads\/2016\/02\/111.jpg\" alt=\"42\" class=\"alignnone size-full wp-image-381\" \/><\/td><td class=\"column-5\">Director SBM Offshore<\/td><td class=\"column-6\">Maritime charters<\/td>\n<\/tr>\n<tr class=\"row-21\">\n\t<td class=\"column-1\">RICQL\u00c8S (de) J\u00e9r\u00f4me<\/td><td class=\"column-2\">2021<\/td><td class=\"column-3\"><a href=\"http:\/\/www.arbitrage-maritime.org\/CAMP-V3\/wp-content\/uploads\/2016\/02\/102.pdf\" target=\"_blank\" rel=\"noopener noreferrer\"><img loading=\"lazy\" decoding=\"async\" src=\"http:\/\/www.arbitrage-maritime.org\/CAMP-V3\/wp-content\/uploads\/2016\/02\/pdf.jpg\" alt=\"pdf\" width=\"25\" height=\"25\" class=\"alignnone size-full wp-image-384\" \/><\/a><\/td><td class=\"column-4\"><img loading=\"lazy\" decoding=\"async\" src=\"http:\/\/www.arbitrage-maritime.org\/CAMP-V3\/wp-content\/uploads\/2016\/02\/102.jpg\" alt=\"1\" width=\"50\" height=\"63\" class=\"alignnone size-full wp-image-381\" \/><\/td><td class=\"column-5\">International Business Management degree<\/td><td class=\"column-6\">Container lines<\/td>\n<\/tr>\n<tr class=\"row-22\">\n\t<td class=\"column-1\">SCIBOZ Bertrand<\/td><td class=\"column-2\">2023<\/td><td class=\"column-3\"><a href=\"http:\/\/www.arbitrage-maritime.org\/CAMP-V3\/wp-content\/uploads\/2016\/02\/113.pdf\" target=\"_blank\" rel=\"noopener noreferrer\"><img loading=\"lazy\" decoding=\"async\" src=\"http:\/\/www.arbitrage-maritime.org\/CAMP-V3\/wp-content\/uploads\/2016\/02\/pdf.jpg\" alt=\"pdf\" width=\"25\" height=\"25\" class=\"alignnone size-full wp-image-384\" \/><\/a><\/td><td class=\"column-4\"><img decoding=\"async\" src=\"http:\/\/www.arbitrage-maritime.org\/CAMP-V3\/wp-content\/uploads\/2016\/02\/113.jpg\" alt=\"1\"  class=\"alignnone size-full wp-image-381\" \/><\/td><td class=\"column-5\">Consultant<br \/>\nSalvage Master\/Project Manager Assistant<br \/>\nUnderwater Expert<br \/>\nLegal Expert for the Maritime Prosecutor of Le Havre<\/td><td class=\"column-6\">Maritime litigation<br \/>\nCollisions, assistance<br \/>\nMaritime events<\/td>\n<\/tr>\n<tr class=\"row-23\">\n\t<td class=\"column-1\">THOMAS Jean-Yves <\/td><td class=\"column-2\">1984<\/td><td class=\"column-3\"><a href=\"http:\/\/www.arbitrage-maritime.org\/CAMP-V3\/wp-content\/uploads\/2016\/02\/cven\/26.pdf\" target=\"_blank\" rel=\"noopener noreferrer\"><img loading=\"lazy\" decoding=\"async\" src=\"http:\/\/www.arbitrage-maritime.org\/CAMP-V3\/wp-content\/uploads\/2016\/02\/pdf.jpg\" alt=\"pdf\" width=\"25\" height=\"25\" class=\"alignnone size-full wp-image-384\" \/><\/a><\/td><td class=\"column-4\"><img loading=\"lazy\" decoding=\"async\" src=\"http:\/\/www.arbitrage-maritime.org\/CAMP-V3\/wp-content\/uploads\/2016\/02\/26.jpg\" alt=\"42\" width=\"50\" height=\"63\" class=\"alignnone size-full wp-image-381\" \/><\/td><td class=\"column-5\">Capitaine au Long Cours <br \/>\nex DG Unitramp\/Pdg CMNN <br \/>\nMaritime consultant<\/td><td class=\"column-6\">Ship operating <br \/>\nChartering<\/td>\n<\/tr>\n<tr class=\"row-24\">\n\t<td class=\"column-1\">VILLETTE Jean<br \/>\n<\/td><td class=\"column-2\">1991<\/td><td class=\"column-3\"><\/td><td class=\"column-4\"><\/td><td class=\"column-5\">IEP Paris <br \/>\nN\u00e9goce c\u00e9r\u00e9ales<\/td><td class=\"column-6\">Grain chartering<\/td>\n<\/tr>\n<tr class=\"row-25\">\n\t<td class=\"column-1\">ZAMMIT Imed<\/td><td class=\"column-2\">2024<\/td><td class=\"column-3\"><a href=\"http:\/\/www.arbitrage-maritime.org\/CAMP-V3\/wp-content\/uploads\/2016\/02\/112.pdf\" target=\"_blank\" rel=\"noopener noreferrer\"><img loading=\"lazy\" decoding=\"async\" src=\"http:\/\/www.arbitrage-maritime.org\/CAMP-V3\/wp-content\/uploads\/2016\/02\/pdf.jpg\" alt=\"pdf\" width=\"25\" height=\"25\" class=\"alignnone size-full wp-image-384\" \/><\/a><\/td><td class=\"column-4\"><\/td><td class=\"column-5\">Master's degree in Maritime and Transport Law<br \/>\nFirst Class Captain in the Merchant Navy<br \/>\nFormer CEO of COTUNAV<br \/>\nCEO of IMFMM<br \/>\nCEO of the Merchant Navy and Ports Authority and<br \/>\nPresident of the Tunisian Maritime Authority<\/td><td class=\"column-6\">Multimodal transport<br \/>\nMaritime safety<\/td>\n<\/tr>\n<\/tbody>\n<\/table>\n<\/p>\n","protected":false},"excerpt":{"rendered":"<p>PROFESSIONALS OF MARITIME TRADE | LAWYERS | TECHNICIANS | ALL ARBITRATORS<\/p>\n","protected":false},"author":1,"featured_media":0,"parent":1669,"menu_order":0,"comment_status":"closed","ping_status":"closed","template":"fullwidth.php","meta":{"_monsterinsights_skip_tracking":false,"_monsterinsights_sitenote_active":false,"_monsterinsights_sitenote_note":"","_monsterinsights_sitenote_category":0,"footnotes":""},"class_list":["post-1689","page","type-page","status-publish","hentry"],"_links":{"self":[{"href":"https:\/\/www.arbitrage-maritime.org\/CAMP-V3\/wp-json\/wp\/v2\/pages\/1689","targetHints":{"allow":["GET"]}}],"collection":[{"href":"https:\/\/www.arbitrage-maritime.org\/CAMP-V3\/wp-json\/wp\/v2\/pages"}],"about":[{"href":"https:\/\/www.arbitrage-maritime.org\/CAMP-V3\/wp-json\/wp\/v2\/types\/page"}],"author":[{"embeddable":true,"href":"https:\/\/www.arbitrage-maritime.org\/CAMP-V3\/wp-json\/wp\/v2\/users\/1"}],"replies":[{"embeddable":true,"href":"https:\/\/www.arbitrage-maritime.org\/CAMP-V3\/wp-json\/wp\/v2\/comments?post=1689"}],"version-history":[{"count":5,"href":"https:\/\/www.arbitrage-maritime.org\/CAMP-V3\/wp-json\/wp\/v2\/pages\/1689\/revisions"}],"predecessor-version":[{"id":1705,"href":"https:\/\/www.arbitrage-maritime.org\/CAMP-V3\/wp-json\/wp\/v2\/pages\/1689\/revisions\/1705"}],"up":[{"embeddable":true,"href":"https:\/\/www.arbitrage-maritime.org\/CAMP-V3\/wp-json\/wp\/v2\/pages\/1669"}],"wp:attachment":[{"href":"https:\/\/www.arbitrage-maritime.org\/CAMP-V3\/wp-json\/wp\/v2\/media?parent=1689"}],"curies":[{"name":"wp","href":"https:\/\/api.w.org\/{rel}","templated":true}]}}