{"id":1709,"date":"2016-04-05T15:38:36","date_gmt":"2016-04-05T14:38:36","guid":{"rendered":"http:\/\/www.arbitrage-maritime.org\/CAMP-V3\/?page_id=1709"},"modified":"2016-04-05T15:43:31","modified_gmt":"2016-04-05T14:43:31","slug":"lawyers","status":"publish","type":"page","link":"https:\/\/www.arbitrage-maritime.org\/CAMP-V3\/list-of-arbitrators\/lawyers\/","title":{"rendered":"Arbitrators \/ Lawyers"},"content":{"rendered":"<style>\nstrong{\ncolor:#4C819A;\n}\nth, .tablepress thead th {\n    min-width: 60px;\n}\n.column-2{\nwidth: 150px;\n}\n.column-3{\nwidth: 80px;\n}\n.column-4{\nwidth: 80px;\n}\n.column-5{\nwidth: 360px;\n}\n.column-6{\nwidth: 360px;\n}\n<\/style>\n<p><strong>LAWYERS | <a href=\"..\/professionals-of-maritime-trade\">PROFESSIONALS OF MARITIME TRADE<\/a> | <a href=\"..\/technicians\">TECHNICIANS<\/a> | <a href=\"..\/all-arbitrators\/\">ALL ARBITRATORS<\/a><\/strong><br \/>\n\n<table id=\"tablepress-24\" class=\"tablepress tablepress-id-24 tablepress-responsive\">\n<thead>\n<tr class=\"row-1\">\n\t<th class=\"column-1\">Name\/First name<\/th><th class=\"column-2\">CAMP arbitrator since     <\/th><th class=\"column-3\">CV<\/th><th class=\"column-4\">Photo<\/th><th class=\"column-5\">Title\/Function<\/th><th class=\"column-6\">Specialities<\/th>\n<\/tr>\n<\/thead>\n<tbody class=\"row-striping row-hover\">\n<tr class=\"row-2\">\n\t<td class=\"column-1\">ATHANASSIOU Lia<\/td><td class=\"column-2\">2023<\/td><td class=\"column-3\"><a href=\"http:\/\/www.arbitrage-maritime.org\/CAMP-V3\/wp-content\/uploads\/2016\/02\/114.pdf\" target=\"_blank\" rel=\"noopener noreferrer\"><img loading=\"lazy\" decoding=\"async\" src=\"http:\/\/www.arbitrage-maritime.org\/CAMP-V3\/wp-content\/uploads\/2016\/02\/pdf.jpg\" alt=\"pdf\" width=\"25\" height=\"25\" class=\"alignnone size-full wp-image-384\" \/><\/a><\/td><td class=\"column-4\"><\/td><td class=\"column-5\">Lawyer at the Piraeus Bar Association<br \/>\nProfessor of Commercial Law &amp; Maritime Law at<br \/>\nthe University of Athens<br \/>\nMember of the ILO Committee of Experts<br \/>\nChair of the Committee for Legislative Reform of the<br \/>\nGreek Maritime Code<br \/>\nRepresentative of the Ministry of Justice at<br \/>\nUNCTAD's draft convention on \"Judicial Sale of<br \/>\nShips\"<br \/>\nDoctorate from Paris-I Sorbonne<\/td><td class=\"column-6\">Maritime litigation<br \/>\nTransport contracts<\/td>\n<\/tr>\n<tr class=\"row-3\">\n\t<td class=\"column-1\">BESNARD Mathias <\/td><td class=\"column-2\">2014<\/td><td class=\"column-3\"><\/td><td class=\"column-4\"><\/td><td class=\"column-5\">Master Business law <br \/>\nDESS Maritime law <br \/>\nLawyer <br \/>\nDeputy Vice President CMA-CGM<\/td><td class=\"column-6\">Shipbuilding <br \/>\nShip repairs<\/td>\n<\/tr>\n<tr class=\"row-4\">\n\t<td class=\"column-1\">BOISSON Philippe <br \/>\n<br \/>\n<\/td><td class=\"column-2\">1985<\/td><td class=\"column-3\"><a href=\"http:\/\/www.arbitrage-maritime.org\/CAMP-V3\/wp-content\/uploads\/2016\/02\/cven\/45.pdf\" target=\"_blank\" rel=\"noopener noreferrer\"><img loading=\"lazy\" decoding=\"async\" src=\"http:\/\/www.arbitrage-maritime.org\/CAMP-V3\/wp-content\/uploads\/2016\/02\/pdf.jpg\" alt=\"pdf\" width=\"25\" height=\"25\" class=\"alignnone size-full wp-image-384\" \/><\/a><br \/>\n<\/td><td class=\"column-4\"><img loading=\"lazy\" decoding=\"async\" src=\"http:\/\/www.arbitrage-maritime.org\/CAMP-V3\/wp-content\/uploads\/2016\/02\/45.jpg\" alt=\"1\" width=\"50\" height=\"63\" class=\"alignnone size-full wp-image-381\" \/><\/td><td class=\"column-5\">Doc. en Droit <br \/>\nMarine Consultant<br \/>\nEx BV Legal advisor<\/td><td class=\"column-6\">Marine Litigation<br \/>\nShipbuilding <br \/>\nShip repairs<\/td>\n<\/tr>\n<tr class=\"row-5\">\n\t<td class=\"column-1\">CACHARD Olivier <\/td><td class=\"column-2\">2007<\/td><td class=\"column-3\"><\/td><td class=\"column-4\"><img loading=\"lazy\" decoding=\"async\" src=\"http:\/\/www.arbitrage-maritime.org\/CAMP-V3\/wp-content\/uploads\/2016\/02\/43.jpg\" alt=\"1\" width=\"50\" height=\"63\" class=\"alignnone size-full wp-image-381\" \/><\/td><td class=\"column-5\">Law professor <br \/>\nDean of Nancy law school<\/td><td class=\"column-6\">Maritime litigation<\/td>\n<\/tr>\n<tr class=\"row-6\">\n\t<td class=\"column-1\">CHENEVAL Jean-Fran\u00e7ois <br \/>\n<\/td><td class=\"column-2\">2010<\/td><td class=\"column-3\"><\/td><td class=\"column-4\"><img loading=\"lazy\" decoding=\"async\" src=\"http:\/\/www.arbitrage-maritime.org\/CAMP-V3\/wp-content\/uploads\/2016\/02\/61.jpg\" alt=\"1\" width=\"50\" height=\"63\" class=\"alignnone size-full wp-image-381\" \/><\/td><td class=\"column-5\">Ex Legal Manager STX France (Shipyard)<br \/>\nEx Legal Manager GEC Alstom - acb<br \/>\nEx manager . Cabinet Bess\u00e9<\/td><td class=\"column-6\">Maritime litigation - Shipyard disputes - <br \/>\nMaritime insurance<\/td>\n<\/tr>\n<tr class=\"row-7\">\n\t<td class=\"column-1\">DELEBECQUE Philippe <br \/>\n<\/td><td class=\"column-2\">1998<\/td><td class=\"column-3\"><a href=\"http:\/\/www.arbitrage-maritime.org\/CAMP-V3\/wp-content\/uploads\/2016\/02\/cven\/50.pdf\" target=\"_blank\" rel=\"noopener noreferrer\"><img loading=\"lazy\" decoding=\"async\" src=\"http:\/\/www.arbitrage-maritime.org\/CAMP-V3\/wp-content\/uploads\/2016\/02\/pdf.jpg\" alt=\"pdf\" width=\"25\" height=\"25\" class=\"alignnone size-full wp-image-384\" \/><\/a><\/td><td class=\"column-4\"><img loading=\"lazy\" decoding=\"async\" src=\"http:\/\/www.arbitrage-maritime.org\/CAMP-V3\/wp-content\/uploads\/2016\/02\/50.jpg\" alt=\"42\" width=\"50\" height=\"63\" class=\"alignnone size-full wp-image-381\" \/><\/td><td class=\"column-5\">Agr\u00e9g\u00e9 Fac. Droit <br \/>\nProf.Droit Univ. Paris <\/td><td class=\"column-6\">Maritime litigation<\/td>\n<\/tr>\n<tr class=\"row-8\">\n\t<td class=\"column-1\">EDER Bernard<\/td><td class=\"column-2\">2025<\/td><td class=\"column-3\"><\/td><td class=\"column-4\"><\/td><td class=\"column-5\">High Council<\/td><td class=\"column-6\">Maritime litigation<\/td>\n<\/tr>\n<tr class=\"row-9\">\n\t<td class=\"column-1\">FAVAREL B\u00e9atrice<\/td><td class=\"column-2\">2019<\/td><td class=\"column-3\"><a href=\"http:\/\/www.arbitrage-maritime.org\/CAMP-V3\/wp-content\/uploads\/2016\/02\/cven\/98.pdf\" target=\"_blank\" rel=\"noopener noreferrer\"><img loading=\"lazy\" decoding=\"async\" src=\"http:\/\/www.arbitrage-maritime.org\/CAMP-V3\/wp-content\/uploads\/2016\/02\/pdf.jpg\" alt=\"pdf\" width=\"25\" height=\"25\" class=\"alignnone size-full wp-image-384\" \/><\/a><\/td><td class=\"column-4\"><img loading=\"lazy\" decoding=\"async\" src=\"http:\/\/www.arbitrage-maritime.org\/CAMP-V3\/wp-content\/uploads\/2016\/02\/98.jpg\" alt=\"42\" width=\"50\" height=\"63\" class=\"alignnone size-full wp-image-381\" \/><\/td><td class=\"column-5\">Maritime lawyer<\/td><td class=\"column-6\">Maritime litigation<br \/>\nSeafarers' social law<br \/>\nEnvironmental law<\/td>\n<\/tr>\n<tr class=\"row-10\">\n\t<td class=\"column-1\">GODIN Philippe<\/td><td class=\"column-2\">2016<\/td><td class=\"column-3\"><\/td><td class=\"column-4\"><img loading=\"lazy\" decoding=\"async\" src=\"http:\/\/www.arbitrage-maritime.org\/CAMP-V3\/wp-content\/uploads\/2016\/02\/93.jpg\" alt=\"1\" width=\"50\" height=\"63\" class=\"alignnone size-full wp-image-381\" \/><br \/>\n<\/td><td class=\"column-5\">Honorary lawyer at the Paris Court of Appeal.<br \/>\nPresident Association Fran\u00e7aise de Droit Maritime<\/td><td class=\"column-6\">Maritime litigation<br \/>\nFreight and Forwarding<br \/>\nMultimodal transports<\/td>\n<\/tr>\n<tr class=\"row-11\">\n\t<td class=\"column-1\">HAMSHER Mark<br \/>\n<\/td><td class=\"column-2\">1987<\/td><td class=\"column-3\"><\/td><td class=\"column-4\"><\/td><td class=\"column-5\">Bachelor civil law <br \/>\nBarrister\/LMAA Arbitrator<br \/>\n<\/td><td class=\"column-6\">PandI insurance <br \/>\nChartering<\/td>\n<\/tr>\n<tr class=\"row-12\">\n\t<td class=\"column-1\">HELIGON Gilles <\/td><td class=\"column-2\">2001<\/td><td class=\"column-3\"><a href=\"http:\/\/www.arbitrage-maritime.org\/CAMP-V3\/wp-content\/uploads\/2016\/02\/cven\/52.pdf\" target=\"_blank\" rel=\"noopener noreferrer\"><img loading=\"lazy\" decoding=\"async\" src=\"http:\/\/www.arbitrage-maritime.org\/CAMP-V3\/wp-content\/uploads\/2016\/02\/pdf.jpg\" alt=\"pdf\" width=\"25\" height=\"25\" class=\"alignnone size-full wp-image-384\" \/><\/a><\/td><td class=\"column-4\"><img loading=\"lazy\" decoding=\"async\" src=\"http:\/\/www.arbitrage-maritime.org\/CAMP-V3\/wp-content\/uploads\/2016\/02\/52.jpg\" alt=\"52\" width=\"50\" height=\"63\" class=\"alignnone size-full wp-image-381\" \/><\/td><td class=\"column-5\">Ma\u00eetrise droit <br \/>\nDipl\u00f4me 3e cycle IAE <br \/>\nResponsable sinistres <br \/>\nmaritimes AXA<\/td><td class=\"column-6\">Maritime litigation <br \/>\nCargo claims <br \/>\nMaritime insurance<\/td>\n<\/tr>\n<tr class=\"row-13\">\n\t<td class=\"column-1\">H\u00dcBNER Christian <\/td><td class=\"column-2\">2007<\/td><td class=\"column-3\"><\/td><td class=\"column-4\"><\/td><td class=\"column-5\">DESS Transports internationaux - Avocat <br \/>\nEx-P&amp;I Club Raets - France <br \/>\nEx-AXA legal team <br \/>\nEx-Insurance brokerage<\/td><td class=\"column-6\">H&amp;M and cargo insurance <br \/>\nMaritime litigation<\/td>\n<\/tr>\n<tr class=\"row-14\">\n\t<td class=\"column-1\">KENDE Christopher<\/td><td class=\"column-2\">2020<\/td><td class=\"column-3\"><a href=\"http:\/\/www.arbitrage-maritime.org\/CAMP-V3\/wp-content\/uploads\/2016\/02\/cven\/99.pdf\" target=\"_blank\" rel=\"noopener noreferrer\"><img loading=\"lazy\" decoding=\"async\" src=\"http:\/\/www.arbitrage-maritime.org\/CAMP-V3\/wp-content\/uploads\/2016\/02\/pdf.jpg\" alt=\"pdf\" width=\"25\" height=\"25\" class=\"alignnone size-full wp-image-384\" \/><\/a><\/td><td class=\"column-4\"><img loading=\"lazy\" decoding=\"async\" src=\"http:\/\/www.arbitrage-maritime.org\/CAMP-V3\/wp-content\/uploads\/2016\/02\/99.jpg\" alt=\"42\" width=\"50\" height=\"63\" class=\"alignnone size-full wp-image-381\" \/><\/td><td class=\"column-5\">American lawyer<br \/>\nBA-MA, Brown University<br \/>\nJuris Doctor, New York University School of Law<br \/>\nProfesseur adjoint de droit maritime, Brooklyn Law School <\/td><td class=\"column-6\">Maritime litigation<br \/>\nPollution and environmental law<br \/>\nMarine insurance \/ Reinsurance<br \/>\nChartering<br \/>\nThe ''Jones Act''.<br \/>\nRegulation of cruise ships in the USA according to the Federal Maritime Commission<br \/>\n<\/td>\n<\/tr>\n<tr class=\"row-15\">\n\t<td class=\"column-1\">LAROQUE Herv\u00e9<\/td><td class=\"column-2\">2023<\/td><td class=\"column-3\"><a href=\"http:\/\/www.arbitrage-maritime.org\/CAMP-V3\/wp-content\/uploads\/2016\/02\/106.pdf\" target=\"_blank\" rel=\"noopener noreferrer\"><img loading=\"lazy\" decoding=\"async\" src=\"http:\/\/www.arbitrage-maritime.org\/CAMP-V3\/wp-content\/uploads\/2016\/02\/pdf.jpg\" alt=\"pdf\" width=\"25\" height=\"25\" class=\"alignnone size-full wp-image-384\" \/><\/a><\/td><td class=\"column-4\"><img decoding=\"async\" src=\"http:\/\/www.arbitrage-maritime.org\/CAMP-V3\/wp-content\/uploads\/2016\/02\/106.jpg\" alt=\"106\"  class=\"alignnone size-full wp-image-381\" \/><\/td><td class=\"column-5\">Honorary Lawyer in Criminal Sciences<br \/>\nFormer Assistant at the Paris 2 Law School<\/td><td class=\"column-6\">Maritime litigation<\/td>\n<\/tr>\n<tr class=\"row-16\">\n\t<td class=\"column-1\">MAOUENE Mostefa<\/td><td class=\"column-2\">2025<\/td><td class=\"column-3\"><a href=\"http:\/\/www.arbitrage-maritime.org\/CAMP-V3\/wp-content\/uploads\/2016\/02\/107.pdf\" target=\"_blank\" rel=\"noopener noreferrer\"><img loading=\"lazy\" decoding=\"async\" src=\"http:\/\/www.arbitrage-maritime.org\/CAMP-V3\/wp-content\/uploads\/2016\/02\/pdf.jpg\" alt=\"pdf\" width=\"25\" height=\"25\" class=\"alignnone size-full wp-image-384\" \/><\/a><\/td><td class=\"column-4\"><\/td><td class=\"column-5\">Associate Professor of Law, University, Algeria<\/td><td class=\"column-6\">Maritime disputes<\/td>\n<\/tr>\n<tr class=\"row-17\">\n\t<td class=\"column-1\">MARCQ Jean-Patrick <br \/>\n<\/td><td class=\"column-2\">2003<\/td><td class=\"column-3\"><a href=\"http:\/\/www.arbitrage-maritime.org\/CAMP-V3\/wp-content\/uploads\/2016\/02\/cven\/54.pdf\" target=\"_blank\" rel=\"noopener noreferrer\"><img loading=\"lazy\" decoding=\"async\" src=\"http:\/\/www.arbitrage-maritime.org\/CAMP-V3\/wp-content\/uploads\/2016\/02\/pdf.jpg\" alt=\"pdf\" width=\"25\" height=\"25\" class=\"alignnone size-full wp-image-384\" \/><\/a><\/td><td class=\"column-4\"><img loading=\"lazy\" decoding=\"async\" src=\"http:\/\/www.arbitrage-maritime.org\/CAMP-V3\/wp-content\/uploads\/2016\/02\/54.jpg\" alt=\"54\" width=\"50\" height=\"63\" class=\"alignnone size-full wp-image-381\" \/><\/td><td class=\"column-5\">AIG <br \/>\nEx-Gras Savoye <br \/>\nEx-Dir. CESAM<\/td><td class=\"column-6\">Maritime litigation <br \/>\nInsurance<\/td>\n<\/tr>\n<tr class=\"row-18\">\n\t<td class=\"column-1\">MBAPPE PENDA Auguste<\/td><td class=\"column-2\">2024<\/td><td class=\"column-3\"><a href=\"http:\/\/www.arbitrage-maritime.org\/CAMP-V3\/wp-content\/uploads\/2016\/02\/109.pdf\" target=\"_blank\" rel=\"noopener noreferrer\"><img loading=\"lazy\" decoding=\"async\" src=\"http:\/\/www.arbitrage-maritime.org\/CAMP-V3\/wp-content\/uploads\/2016\/02\/pdf.jpg\" alt=\"pdf\" width=\"25\" height=\"25\" class=\"alignnone size-full wp-image-384\" \/><\/a><\/td><td class=\"column-4\"><img decoding=\"async\" src=\"http:\/\/www.arbitrage-maritime.org\/CAMP-V3\/wp-content\/uploads\/2016\/02\/109.jpg\" alt=\"54\" class=\"alignnone size-full wp-image-381\" \/><\/td><td class=\"column-5\">Chief Executive Officer of the General Council of Shippers of Cameroon<\/td><td class=\"column-6\">Maritime litigation<\/td>\n<\/tr>\n<tr class=\"row-19\">\n\t<td class=\"column-1\">MERLIN Claire<\/td><td class=\"column-2\">2024<\/td><td class=\"column-3\"><a href=\"http:\/\/www.arbitrage-maritime.org\/CAMP-V3\/wp-content\/uploads\/2016\/02\/110.pdf\" target=\"_blank\" rel=\"noopener noreferrer\"><img loading=\"lazy\" decoding=\"async\" src=\"http:\/\/www.arbitrage-maritime.org\/CAMP-V3\/wp-content\/uploads\/2016\/02\/pdf.jpg\" alt=\"pdf\" width=\"25\" height=\"25\" class=\"alignnone size-full wp-image-384\" \/><\/a><\/td><td class=\"column-4\"><\/td><td class=\"column-5\">Doctor of Law<br \/>\nManaging Director of the Port of Strasbourg<br \/>\nDirector of Strategy, Management, and Legal Affairs, GPM Marseille<\/td><td class=\"column-6\">Maritime litigation<\/td>\n<\/tr>\n<tr class=\"row-20\">\n\t<td class=\"column-1\">NEFFOUS Mohammed Mankour<\/td><td class=\"column-2\">2022<\/td><td class=\"column-3\"><a href=\"http:\/\/www.arbitrage-maritime.org\/CAMP-V3\/wp-content\/uploads\/2016\/02\/cven\/104.pdf\" target=\"_blank\" rel=\"noopener noreferrer\"><img loading=\"lazy\" decoding=\"async\" src=\"http:\/\/www.arbitrage-maritime.org\/CAMP-V3\/wp-content\/uploads\/2016\/02\/pdf.jpg\" alt=\"pdf\" width=\"25\" height=\"25\" class=\"alignnone size-full wp-image-384\" \/><\/a><\/td><td class=\"column-4\"><img loading=\"lazy\" decoding=\"async\" src=\"http:\/\/www.arbitrage-maritime.org\/CAMP-V3\/wp-content\/uploads\/2016\/02\/104.jpg\" alt=\"104\" width=\"50\" height=\"63\" class=\"alignnone size-full wp-image-381\" \/><\/td><td class=\"column-5\">DESS Maritime Law<br \/>\nDU Comparative Law - Copenhagen<br \/>\nNeffous Shipping &amp; Consulting Algeria<br \/>\n<\/td><td class=\"column-6\">Maritime litigation<\/td>\n<\/tr>\n<tr class=\"row-21\">\n\t<td class=\"column-1\">NDENDE Martin <\/td><td class=\"column-2\">2013<\/td><td class=\"column-3\"><\/td><td class=\"column-4\"><img loading=\"lazy\" decoding=\"async\" src=\"http:\/\/www.arbitrage-maritime.org\/CAMP-V3\/wp-content\/uploads\/2016\/02\/55.jpg\" alt=\"1\" width=\"50\" height=\"63\" class=\"alignnone size-full wp-image-381\" \/><\/td><td class=\"column-5\">Law professor <br \/>\nNantes Univ. France.<br \/>\nLegal Advisor United Nations <br \/>\nEconomic Commission for Africa<\/td><td class=\"column-6\">Maritime litigation<\/td>\n<\/tr>\n<tr class=\"row-22\">\n\t<td class=\"column-1\">PIETTE Ga\u00ebl<\/td><td class=\"column-2\">2020<\/td><td class=\"column-3\"><a href=\"http:\/\/www.arbitrage-maritime.org\/CAMP-V3\/wp-content\/uploads\/2016\/02\/cven\/100.pdf\" target=\"_blank\" rel=\"noopener noreferrer\"><img loading=\"lazy\" decoding=\"async\" src=\"http:\/\/www.arbitrage-maritime.org\/CAMP-V3\/wp-content\/uploads\/2016\/02\/pdf.jpg\" alt=\"pdf\" width=\"25\" height=\"25\" class=\"alignnone size-full wp-image-384\" \/><\/a><\/td><td class=\"column-4\"><img loading=\"lazy\" decoding=\"async\" src=\"http:\/\/www.arbitrage-maritime.org\/CAMP-V3\/wp-content\/uploads\/2016\/02\/100.jpg\" alt=\"42\" width=\"50\" height=\"63\" class=\"alignnone size-full wp-image-381\" \/><\/td><td class=\"column-5\">Law professor<br \/>\nBordeaux University<\/td><td class=\"column-6\">Maritime litigation<\/td>\n<\/tr>\n<tr class=\"row-23\">\n\t<td class=\"column-1\">PLURIEN Delphine<\/td><td class=\"column-2\">2018<\/td><td class=\"column-3\"><a href=\"http:\/\/www.arbitrage-maritime.org\/CAMP-V3\/wp-content\/uploads\/2016\/02\/cven\/94.pdf\" target=\"_blank\" rel=\"noopener noreferrer\"><img loading=\"lazy\" decoding=\"async\" src=\"http:\/\/www.arbitrage-maritime.org\/CAMP-V3\/wp-content\/uploads\/2016\/02\/pdf.jpg\" alt=\"pdf\" width=\"25\" height=\"25\" class=\"alignnone size-full wp-image-384\" \/><\/a><\/td><td class=\"column-4\"><img loading=\"lazy\" decoding=\"async\" src=\"http:\/\/www.arbitrage-maritime.org\/CAMP-V3\/wp-content\/uploads\/2016\/02\/94.jpg\" alt=\"54\" width=\"50\" height=\"63\" class=\"alignnone size-full wp-image-381\" \/><\/td><td class=\"column-5\">Masters II :<br \/>\nDroit maritime et oc\u00e9anique<br \/>\nDroit des affaires internationales<br \/>\nDroit priv\u00e9<br \/>\nBachelor in maritime law Southampton<br \/>\nResponsable juridique Groupe PIRIOU<br \/>\nEx Dir. Juridique Louis Dreyfus Armateurs<br \/>\n<\/td><td class=\"column-6\">Contracts Shipbuilding, shiprepairs<br \/>\nChartering<br \/>\nShips Sale and purchase<br \/>\nPartnerships <br \/>\nMaritime litigations<\/td>\n<\/tr>\n<tr class=\"row-24\">\n\t<td class=\"column-1\">RAYNAUT Julien<\/td><td class=\"column-2\">2018<\/td><td class=\"column-3\"><a href=\"http:\/\/www.arbitrage-maritime.org\/CAMP-V3\/wp-content\/uploads\/2016\/02\/cven\/95.pdf\" target=\"_blank\" rel=\"noopener noreferrer\"><img loading=\"lazy\" decoding=\"async\" src=\"http:\/\/www.arbitrage-maritime.org\/CAMP-V3\/wp-content\/uploads\/2016\/02\/pdf.jpg\" alt=\"pdf\" width=\"25\" height=\"25\" class=\"alignnone size-full wp-image-384\" \/><\/a><\/td><td class=\"column-4\"><img loading=\"lazy\" decoding=\"async\" src=\"http:\/\/www.arbitrage-maritime.org\/CAMP-V3\/wp-content\/uploads\/2016\/02\/95.jpg\" alt=\"42\" width=\"50\" height=\"63\" class=\"alignnone size-full wp-image-381\" \/><\/td><td class=\"column-5\">Masters Degree II :<br \/>\n- Private Law, Transportation &amp; Maritime Law <br \/>\n- Comparative Law<br \/>\n- Political Science<br \/>\nMasters Degree I : Commercial and Private Law Degree<br \/>\n- General Counsel Bureau Veritas Maritime &amp; Offshore<br \/>\n- Ex Compliance officer \/ L\u00e9gal manager  SBM Offshore Monaco (construction offshore p\u00e9troli\u00e8re) <br \/>\n- Ex Legal Councel LNG GDF Suez\/ ENGIE <\/td><td class=\"column-6\">Shipbuilding <br \/>\nShip repairs<br \/>\nChartering<br \/>\nSales contracts<\/td>\n<\/tr>\n<tr class=\"row-25\">\n\t<td class=\"column-1\">REBORA Jean-Fran\u00e7ois <\/td><td class=\"column-2\">2015<\/td><td class=\"column-3\"><\/td><td class=\"column-4\"><\/td><td class=\"column-5\">PhD Law, transport, business <br \/>\nDirector France P&amp;I<\/td><td class=\"column-6\">Maritime litigation <br \/>\nP&amp;I Clubs <br \/>\nChartering <br \/>\nCargo claims <br \/>\nMaritime insurance<\/td>\n<\/tr>\n<tr class=\"row-26\">\n\t<td class=\"column-1\">SALOTTI Antoine <br \/>\n<\/td><td class=\"column-2\">2005<\/td><td class=\"column-3\"><a href=\"http:\/\/www.arbitrage-maritime.org\/CAMP-V3\/wp-content\/uploads\/2016\/02\/cven\/58.pdf\" target=\"_blank\" rel=\"noopener noreferrer\"><img loading=\"lazy\" decoding=\"async\" src=\"http:\/\/www.arbitrage-maritime.org\/CAMP-V3\/wp-content\/uploads\/2016\/02\/pdf.jpg\" alt=\"pdf\" width=\"25\" height=\"25\" class=\"alignnone size-full wp-image-384\" \/><\/a><\/td><td class=\"column-4\"><img loading=\"lazy\" decoding=\"async\" src=\"http:\/\/www.arbitrage-maritime.org\/CAMP-V3\/wp-content\/uploads\/2016\/02\/58.jpg\" alt=\"54\" width=\"50\" height=\"63\" class=\"alignnone size-full wp-image-381\" \/><\/td><td class=\"column-5\">DESS Droit maritime <br \/>\nExpert maritime (Hydromar), Ex-Budd &amp; Wiggins<\/td><td class=\"column-6\">Maritime litigation <br \/>\nHull &amp; Machinery ins. <br \/>\nP&amp;I Club<\/td>\n<\/tr>\n<tr class=\"row-27\">\n\t<td class=\"column-1\">SIOUFI Georges <\/td><td class=\"column-2\">2002<\/td><td class=\"column-3\"><a href=\"http:\/\/www.arbitrage-maritime.org\/CAMP-V3\/wp-content\/uploads\/2016\/02\/cven\/59.pdf\" target=\"_blank\" rel=\"noopener noreferrer\"><img loading=\"lazy\" decoding=\"async\" src=\"http:\/\/www.arbitrage-maritime.org\/CAMP-V3\/wp-content\/uploads\/2016\/02\/pdf.jpg\" alt=\"pdf\" width=\"25\" height=\"25\" class=\"alignnone size-full wp-image-384\" \/><\/a><\/td><td class=\"column-4\"><img loading=\"lazy\" decoding=\"async\" src=\"http:\/\/www.arbitrage-maritime.org\/CAMP-V3\/wp-content\/uploads\/2016\/02\/59.jpg\" alt=\"42\" width=\"50\" height=\"63\" class=\"alignnone size-full wp-image-381\" \/><\/td><td class=\"column-5\">Attorney - Member of Paris Bar<br \/>\nMaster in Law - University of PARIS II<br \/>\nDESS in Law of Transport - University of Aix-en-Provence<br \/>\nEx-Group General Counsel at CMA CGM<\/td><td class=\"column-6\">Maritime litigation <br \/>\nCharter-party and b\/l<\/td>\n<\/tr>\n<tr class=\"row-28\">\n\t<td class=\"column-1\">TOUCHARD Gabriel <\/td><td class=\"column-2\">2011<\/td><td class=\"column-3\"><a href=\"http:\/\/www.arbitrage-maritime.org\/CAMP-V3\/wp-content\/uploads\/2016\/02\/cven\/76.pdf\" target=\"_blank\" rel=\"noopener noreferrer\"><img loading=\"lazy\" decoding=\"async\" src=\"http:\/\/www.arbitrage-maritime.org\/CAMP-V3\/wp-content\/uploads\/2016\/02\/pdf.jpg\" alt=\"pdf\" width=\"25\" height=\"25\" class=\"alignnone size-full wp-image-384\" \/><\/a><\/td><td class=\"column-4\"><img loading=\"lazy\" decoding=\"async\" src=\"http:\/\/www.arbitrage-maritime.org\/CAMP-V3\/wp-content\/uploads\/2016\/02\/76.jpg\" alt=\"42\" width=\"50\" height=\"63\" class=\"alignnone size-full wp-image-381\" \/><\/td><td class=\"column-5\">DESS Droit de la mer et des activit\u00e9s maritimes <br \/>\nMa\u00eetrise de droit international priv\u00e9 et europ\u00e9en <br \/>\nLawyer division ENGIE<\/td><td class=\"column-6\">Maritime litigation <br \/>\nChartering <br \/>\nTrade <br \/>\nCargo claims <br \/>\nMaritime insurance<\/td>\n<\/tr>\n<tr class=\"row-29\">\n\t<td class=\"column-1\">WILLIATTE Jean-Fran\u00e7ois<br \/>\n<br \/>\n<\/td><td class=\"column-2\">2018<\/td><td class=\"column-3\"><a href=\"http:\/\/www.arbitrage-maritime.org\/CAMP-V3\/wp-content\/uploads\/2016\/02\/cven\/96.pdf\" target=\"_blank\" rel=\"noopener noreferrer\"><img loading=\"lazy\" decoding=\"async\" src=\"http:\/\/www.arbitrage-maritime.org\/CAMP-V3\/wp-content\/uploads\/2016\/02\/pdf.jpg\" alt=\"pdf\" width=\"25\" height=\"25\" class=\"alignnone size-full wp-image-384\" \/><\/a><\/td><td class=\"column-4\"><img loading=\"lazy\" decoding=\"async\" src=\"http:\/\/www.arbitrage-maritime.org\/CAMP-V3\/wp-content\/uploads\/2016\/02\/96.jpg\" alt=\"42\" width=\"50\" height=\"63\" class=\"alignnone size-full wp-image-381\" \/><\/td><td class=\"column-5\">DESCAEF High School of Commerce Le Havre <br \/>\nDEA Rouen University of Law <br \/>\nEx CESAM Le Havre Head of Hull Department <br \/>\nEx Besse Insurance Broker Nantes Head of Claims Maritime Logistic and Transport Dept.<\/td><td class=\"column-6\">Maritime litigation <br \/>\nCargo claims <br \/>\nMaritime insurance<\/td>\n<\/tr>\n<\/tbody>\n<\/table>\n<\/p>\n","protected":false},"excerpt":{"rendered":"<p>LAWYERS | PROFESSIONALS OF MARITIME TRADE | TECHNICIANS | ALL ARBITRATORS<\/p>\n","protected":false},"author":1,"featured_media":0,"parent":1669,"menu_order":0,"comment_status":"closed","ping_status":"closed","template":"fullwidth.php","meta":{"_monsterinsights_skip_tracking":false,"_monsterinsights_sitenote_active":false,"_monsterinsights_sitenote_note":"","_monsterinsights_sitenote_category":0,"footnotes":""},"class_list":["post-1709","page","type-page","status-publish","hentry"],"_links":{"self":[{"href":"https:\/\/www.arbitrage-maritime.org\/CAMP-V3\/wp-json\/wp\/v2\/pages\/1709","targetHints":{"allow":["GET"]}}],"collection":[{"href":"https:\/\/www.arbitrage-maritime.org\/CAMP-V3\/wp-json\/wp\/v2\/pages"}],"about":[{"href":"https:\/\/www.arbitrage-maritime.org\/CAMP-V3\/wp-json\/wp\/v2\/types\/page"}],"author":[{"embeddable":true,"href":"https:\/\/www.arbitrage-maritime.org\/CAMP-V3\/wp-json\/wp\/v2\/users\/1"}],"replies":[{"embeddable":true,"href":"https:\/\/www.arbitrage-maritime.org\/CAMP-V3\/wp-json\/wp\/v2\/comments?post=1709"}],"version-history":[{"count":1,"href":"https:\/\/www.arbitrage-maritime.org\/CAMP-V3\/wp-json\/wp\/v2\/pages\/1709\/revisions"}],"predecessor-version":[{"id":1710,"href":"https:\/\/www.arbitrage-maritime.org\/CAMP-V3\/wp-json\/wp\/v2\/pages\/1709\/revisions\/1710"}],"up":[{"embeddable":true,"href":"https:\/\/www.arbitrage-maritime.org\/CAMP-V3\/wp-json\/wp\/v2\/pages\/1669"}],"wp:attachment":[{"href":"https:\/\/www.arbitrage-maritime.org\/CAMP-V3\/wp-json\/wp\/v2\/media?parent=1709"}],"curies":[{"name":"wp","href":"https:\/\/api.w.org\/{rel}","templated":true}]}}