{"id":190,"date":"2016-02-11T14:33:58","date_gmt":"2016-02-11T13:33:58","guid":{"rendered":"http:\/\/www.arbitrage-maritime.org\/CAMP-V3\/?page_id=190"},"modified":"2022-06-17T14:10:26","modified_gmt":"2022-06-17T13:10:26","slug":"organes-de-la-chambre","status":"publish","type":"page","link":"https:\/\/www.arbitrage-maritime.org\/CAMP-V3\/organes-de-la-chambre\/","title":{"rendered":"Les organes de la Chambre"},"content":{"rendered":"<style>\n#bordure {border: 1px solid #4C819A;padding:15px;}\nstrong{color:#4C819A;}<\/style>\n<p><em>Mis \u00e0 jour le 16 juin 2022<\/em><\/p>\n<div style=\"float: left;\"><strong>LE CONSEIL D&rsquo;ADMINISTRATION<\/strong><\/p>\n<div id=\"bordure\"><strong>M. Philippe DELEBECQUE &#8211; Pr\u00e9sident<\/strong><\/p>\n<p>MM. Jean-Pascal BIDOIRE<\/p>\n<p>Philippe BOISSON<\/p>\n<p>Mme Marie DOR\u00c9<\/p>\n<p>MM. Alioune DIAGNE<\/p>\n<p>Gilles HELIGON<\/p>\n<p>Olivier JAMBU-MERLIN<\/p>\n<p>Michel LE LUYER<\/p>\n<p>Mme Laur\u00e8ne NIAMBA<\/p>\n<p>MM. Philippe PICARD<\/p>\n<p>Julien RAYNAUT<\/p>\n<p>St\u00e9phane RIVIER<\/p>\n<p>Georges SIOUFI<\/p>\n<p>Mme Christelle TAILHARDAT<\/p>\n<p>MM. Jean-Paul THOMAS<\/p>\n<p>Jean-Yves THOMAS<\/p>\n<p>Gabriel TOUCHARD<\/p>\n<\/div>\n<p>&nbsp;<\/p>\n<p><strong>LE BUREAU<\/strong><\/p>\n<div id=\"bordure\">MM. Philippe DELEBECQUE\u00a0\u00a0\u00a0\u00a0Pr\u00e9sident<\/p>\n<p>Olivier JAMBU-MERLIN\u00a0\u00a0\u00a0\u00a0Vice-Pr\u00e9sident<\/p>\n<p>Philippe BOISSON\u00a0\u00a0\u00a0\u00a0Vice-Pr\u00e9sident<\/p>\n<p>Gilles H\u00c9LIGON\u00a0\u00a0\u00a0\u00a0Tr\u00e9sorier<\/p>\n<p>Mme Pascale MESNIL\u00a0\u00a0\u00a0\u00a0Secr\u00e9taire G\u00e9n\u00e9rale (non membre du Bureau)<\/p>\n<\/div>\n<p>&nbsp;<\/p>\n<\/div>\n<div style=\"float: right;\"><strong>LE COMITE<\/strong><\/p>\n<div id=\"bordure\">\n<p>MM. Philippe DELEBECQUE\u00a0\u00a0\u00a0\u00a0Membre titulaire<\/p>\n<p>Olivier JAMBU-MERLIN\u00a0\u00a0\u00a0\u00a0Membre titulaire<\/p>\n<p>Philippe BOISSON\u00a0\u00a0\u00a0\u00a0Membre titulaire<\/p>\n<p>Jean-Yves THOMAS\u00a0\u00a0\u00a0\u00a0Membre suppl\u00e9ant<\/p>\n<p>Jean-Pierre LAFFAYE\u00a0\u00a0\u00a0\u00a0Membre suppl\u00e9ant<\/p>\n<p>Michel Le Luyer\u00a0\u00a0\u00a0\u00a0Membre suppl\u00e9ant<\/p>\n<p>Georges SIOUFI\u00a0\u00a0\u00a0\u00a0Membre suppl\u00e9ant<\/p>\n<p>Jean-Fran\u00e7ois CHENEVAL\u00a0\u00a0\u00a0\u00a0Membre suppl\u00e9ant<\/p>\n<p>Jean-Patrick MARCQ\u00a0\u00a0\u00a0\u00a0Membre suppl\u00e9ant<\/p>\n<\/div>\n<p>&nbsp;<\/p>\n<p><strong>LA COMMISSION CONSULTATIVE<\/strong><\/p>\n<div id=\"bordure\">MM. Philippe DELEBECQUE Membre de droit<\/p>\n<p>Olivier JAMBU-MERLIN\u00a0\u00a0\u00a0\u00a0Membre de droit<\/p>\n<p>Philippe BOISSON\u00a0\u00a0\u00a0\u00a0Membre de droit<\/p>\n<p>Gilles H\u00c9LIGON    Membre de droit<\/p>\n<p>Claude GOUSSOT\u00a0\u00a0\u00a0\u00a0Membre \u00e9lu<\/p>\n<p>Michel LE LUYER\u00a0\u00a0\u00a0\u00a0Membre \u00e9lu<\/p>\n<p>Jean-Yves THOMAS\u00a0\u00a0\u00a0\u00a0Membre \u00e9lu<\/p>\n<p>Jean VILLETTE\u00a0\u00a0\u00a0\u00a0Membre \u00e9lu<\/p>\n<p>Pascale Mesnil\u00a0\u00a0Secr\u00e9taire G\u00e9n\u00e9rale (non membre de la Commission)<\/p>\n<\/div>\n<\/div>\n","protected":false},"excerpt":{"rendered":"<p>Mis \u00e0 jour le 16 juin 2022 LE CONSEIL D&rsquo;ADMINISTRATION M. Philippe DELEBECQUE &#8211; Pr\u00e9sident MM. Jean-Pascal BIDOIRE Philippe BOISSON Mme Marie DOR\u00c9 MM. Alioune DIAGNE Gilles HELIGON Olivier JAMBU-MERLIN Michel LE LUYER Mme Laur\u00e8ne NIAMBA MM. Philippe PICARD Julien RAYNAUT St\u00e9phane RIVIER Georges SIOUFI Mme Christelle TAILHARDAT MM. Jean-Paul THOMAS Jean-Yves THOMAS Gabriel TOUCHARD<\/p>\n","protected":false},"author":1,"featured_media":0,"parent":0,"menu_order":0,"comment_status":"closed","ping_status":"closed","template":"fullwidth.php","meta":{"_monsterinsights_skip_tracking":false,"_monsterinsights_sitenote_active":false,"_monsterinsights_sitenote_note":"","_monsterinsights_sitenote_category":0,"footnotes":""},"class_list":["post-190","page","type-page","status-publish","hentry"],"_links":{"self":[{"href":"https:\/\/www.arbitrage-maritime.org\/CAMP-V3\/wp-json\/wp\/v2\/pages\/190","targetHints":{"allow":["GET"]}}],"collection":[{"href":"https:\/\/www.arbitrage-maritime.org\/CAMP-V3\/wp-json\/wp\/v2\/pages"}],"about":[{"href":"https:\/\/www.arbitrage-maritime.org\/CAMP-V3\/wp-json\/wp\/v2\/types\/page"}],"author":[{"embeddable":true,"href":"https:\/\/www.arbitrage-maritime.org\/CAMP-V3\/wp-json\/wp\/v2\/users\/1"}],"replies":[{"embeddable":true,"href":"https:\/\/www.arbitrage-maritime.org\/CAMP-V3\/wp-json\/wp\/v2\/comments?post=190"}],"version-history":[{"count":68,"href":"https:\/\/www.arbitrage-maritime.org\/CAMP-V3\/wp-json\/wp\/v2\/pages\/190\/revisions"}],"predecessor-version":[{"id":6977,"href":"https:\/\/www.arbitrage-maritime.org\/CAMP-V3\/wp-json\/wp\/v2\/pages\/190\/revisions\/6977"}],"wp:attachment":[{"href":"https:\/\/www.arbitrage-maritime.org\/CAMP-V3\/wp-json\/wp\/v2\/media?parent=190"}],"curies":[{"name":"wp","href":"https:\/\/api.w.org\/{rel}","templated":true}]}}