{"id":295,"date":"2016-02-12T11:47:49","date_gmt":"2016-02-12T10:47:49","guid":{"rendered":"http:\/\/www.arbitrage-maritime.org\/CAMP-V3\/?page_id=295"},"modified":"2021-03-11T15:44:15","modified_gmt":"2021-03-11T14:44:15","slug":"clauses-darbitrage","status":"publish","type":"page","link":"https:\/\/www.arbitrage-maritime.org\/CAMP-V3\/clauses-darbitrage\/","title":{"rendered":"Clauses d&rsquo;arbitrage"},"content":{"rendered":"<style>\nstrong{\ncolor:#4C819A;\n}\n<\/style>\n<p>Les mod\u00e8les de clause compromissoire et de compromis d&rsquo;arbitrage peuvent \u00eatre consult\u00e9s ci-apr\u00e8s, ou bien t\u00e9l\u00e9charg\u00e9s <a href=\"\/CAMP-V3\/fr\/PDF\/Clauses.pdf\" title=\"T\u00e9l\u00e9charger les mod\u00e8les de clause compromissoire\" target=\"blank\" rel=\"noopener\"><b>en cliquant ici<\/b><\/a>.<\/p>\n<p><strong>MODELE DE CLAUSE COMPROMISSOIRE<\/strong><\/p>\n<p>Tous diff\u00e9rends auxquels le pr\u00e9sent contrat pourra donner lieu seront r\u00e9solus d\u00e9finitivement suivant le R\u00e8glement d&rsquo;arbitrage de la Chambre Arbitrale Maritime de Paris ( Si\u00e8ge : 16, Rue Daunou 75002 PARIS ) par un ou trois arbitres nomm\u00e9s conform\u00e9ment \u00e0 ce R\u00e8glement.<\/p>\n<p><strong>MODELE de COMPROMIS d&rsquo;ARBITRAGE<\/strong><\/p>\n<p>Entre les soussign\u00e9s :<\/p>\n<p>Et : <\/p>\n<p>il a \u00e9t\u00e9 convenu ce qui suit :<\/p>\n<p>Le litige qui divise les parties et dont l&rsquo;objet est indiqu\u00e9 ci-dessous sera r\u00e9solu d\u00e9finitivement suivant le R\u00e8glement d&rsquo;arbitrage de la Chambre Arbitrale Maritime de Paris (Si\u00e8ge : 16, Rue Daunou 75002 PARIS) par un ou trois arbitres nomm\u00e9s conform\u00e9ment \u00e0 ce R\u00e8glement que les parties d\u00e9clarent conna\u00eetre.<\/p>\n<p>Objet du litige :<\/p>\n<p>(Ces mod\u00e8les ne sont fournis qu&rsquo;\u00e0 titre indicatif, leur adoption ne saurait s&rsquo;imposer aux parties)<\/p>\n","protected":false},"excerpt":{"rendered":"<p>Les mod\u00e8les de clause compromissoire et de compromis d&rsquo;arbitrage peuvent \u00eatre consult\u00e9s ci-apr\u00e8s, ou bien t\u00e9l\u00e9charg\u00e9s en cliquant ici. MODELE DE CLAUSE COMPROMISSOIRE Tous diff\u00e9rends auxquels le pr\u00e9sent contrat pourra donner lieu seront r\u00e9solus d\u00e9finitivement suivant le R\u00e8glement d&rsquo;arbitrage de la Chambre Arbitrale Maritime de Paris ( Si\u00e8ge : 16, Rue Daunou 75002 PARIS )<\/p>\n","protected":false},"author":1,"featured_media":0,"parent":0,"menu_order":0,"comment_status":"closed","ping_status":"closed","template":"fullwidth.php","meta":{"_monsterinsights_skip_tracking":false,"_monsterinsights_sitenote_active":false,"_monsterinsights_sitenote_note":"","_monsterinsights_sitenote_category":0,"footnotes":""},"class_list":["post-295","page","type-page","status-publish","hentry"],"_links":{"self":[{"href":"https:\/\/www.arbitrage-maritime.org\/CAMP-V3\/wp-json\/wp\/v2\/pages\/295","targetHints":{"allow":["GET"]}}],"collection":[{"href":"https:\/\/www.arbitrage-maritime.org\/CAMP-V3\/wp-json\/wp\/v2\/pages"}],"about":[{"href":"https:\/\/www.arbitrage-maritime.org\/CAMP-V3\/wp-json\/wp\/v2\/types\/page"}],"author":[{"embeddable":true,"href":"https:\/\/www.arbitrage-maritime.org\/CAMP-V3\/wp-json\/wp\/v2\/users\/1"}],"replies":[{"embeddable":true,"href":"https:\/\/www.arbitrage-maritime.org\/CAMP-V3\/wp-json\/wp\/v2\/comments?post=295"}],"version-history":[{"count":15,"href":"https:\/\/www.arbitrage-maritime.org\/CAMP-V3\/wp-json\/wp\/v2\/pages\/295\/revisions"}],"predecessor-version":[{"id":6679,"href":"https:\/\/www.arbitrage-maritime.org\/CAMP-V3\/wp-json\/wp\/v2\/pages\/295\/revisions\/6679"}],"wp:attachment":[{"href":"https:\/\/www.arbitrage-maritime.org\/CAMP-V3\/wp-json\/wp\/v2\/media?parent=295"}],"curies":[{"name":"wp","href":"https:\/\/api.w.org\/{rel}","templated":true}]}}