{"id":3111,"date":"2016-06-06T13:06:05","date_gmt":"2016-06-06T12:06:05","guid":{"rendered":"http:\/\/www.arbitrage-maritime.org\/CAMP-V3\/?page_id=3111"},"modified":"2025-04-04T14:07:09","modified_gmt":"2025-04-04T13:07:09","slug":"contact-us","status":"publish","type":"page","link":"https:\/\/www.arbitrage-maritime.org\/CAMP-V3\/contact-us\/","title":{"rendered":"Contact us"},"content":{"rendered":"<style>\nstrong{\ncolor:#4C819A;\n}\n<\/style>\n<div style=\"float: left; width: 380px;\"><strong>CONTACTEZ-NOUS \/ <em>CONTACT US<\/em><\/strong><\/p>\n<address><b>Chambre Arbitrale Maritime de Paris<\/b><\/address>\n<address>16 Rue Daunou, 75002 Paris<br \/>\n<strong>T\u00e9l : + (33) 01 42 96 40 41<\/strong><br \/>\n<strong>E Mail : camp2@wanadoo.fr<\/strong><\/p>\n<p>Sur rendez-vous uniquement \/ <em>by appointment only<\/em><\/p>\n<p><b>Horaires d\u2019ouverture<\/b> \/ <em>Opening hours<\/em><br \/>\nDu Lundi au Jeudi \/ <em>From Monday to Thursday<\/em><br \/>\n09h00 &#8211; 13h00 &amp; 14h00-16h00<br \/>\nVendredi \/ <em>Friday<\/em><br \/>\n09h00 &#8211; 12h00<br \/>\n<a style=\"color:#EE2525\">Due to the current health restrictions, we have introduced partial teleworking. Please check our presence or ask for an appointment before coming.<\/a><\/p>\n<\/address>\n<\/div>\n<div style=\"float: left; width: 400px;\">\n<p><strong>DEMANDE D&rsquo;INFORMATION \/ <em>INQUIRY<\/em><\/strong><\/p>\n\n<div class=\"wpcf7 no-js\" id=\"wpcf7-f950-o1\" lang=\"fr-FR\" dir=\"ltr\" data-wpcf7-id=\"950\">\n<div class=\"screen-reader-response\"><p role=\"status\" aria-live=\"polite\" aria-atomic=\"true\"><\/p> <ul><\/ul><\/div>\n<form action=\"\/CAMP-V3\/wp-json\/wp\/v2\/pages\/3111#wpcf7-f950-o1\" method=\"post\" class=\"wpcf7-form init\" aria-label=\"Formulaire de contact\" novalidate=\"novalidate\" data-status=\"init\">\n<fieldset class=\"hidden-fields-container\"><input type=\"hidden\" name=\"_wpcf7\" value=\"950\" \/><input type=\"hidden\" name=\"_wpcf7_version\" value=\"6.1.5\" \/><input type=\"hidden\" name=\"_wpcf7_locale\" value=\"fr_FR\" \/><input type=\"hidden\" name=\"_wpcf7_unit_tag\" value=\"wpcf7-f950-o1\" \/><input type=\"hidden\" name=\"_wpcf7_container_post\" value=\"0\" \/><input type=\"hidden\" name=\"_wpcf7_posted_data_hash\" value=\"\" \/><input type=\"hidden\" name=\"_wpcf7_recaptcha_response\" value=\"\" \/>\n<\/fieldset>\n<style>\ntextarea {\n height: 60px;\n}\n<\/style>\n<p><b>Nom<\/b> (obligatoire) \/ <i>Full name (compulsory)<\/i>\n<\/p>\n<p><span class=\"wpcf7-form-control-wrap\" data-name=\"your-name\"><input size=\"40\" maxlength=\"400\" class=\"wpcf7-form-control wpcf7-text wpcf7-validates-as-required\" aria-required=\"true\" aria-invalid=\"false\" value=\"\" type=\"text\" name=\"your-name\" \/><\/span>\n<\/p>\n<p><b>Soci\u00e9t\u00e9, Ind\u00e9pendant, Particulier, etc...<\/b> (obligatoire)\n<\/p>\n<p><i>Company, Private individual, student \u2026 (compulsory)<\/i><br \/>\n<span class=\"wpcf7-form-control-wrap\" data-name=\"societe\"><input size=\"40\" maxlength=\"400\" class=\"wpcf7-form-control wpcf7-text wpcf7-validates-as-required\" aria-required=\"true\" aria-invalid=\"false\" value=\"\" type=\"text\" name=\"societe\" \/><\/span>\n<\/p>\n<p><b>Email<\/b> (obligatoire \/ <i>compulsory<\/i>)\n<\/p>\n<p><span class=\"wpcf7-form-control-wrap\" data-name=\"your-email\"><input size=\"40\" maxlength=\"400\" class=\"wpcf7-form-control wpcf7-email wpcf7-validates-as-required wpcf7-text wpcf7-validates-as-email\" aria-required=\"true\" aria-invalid=\"false\" value=\"\" type=\"email\" name=\"your-email\" \/><\/span>\n<\/p>\n<p><b>Votre message<\/b> \/ <i>Your Message<\/i>\n<\/p>\n<p><span class=\"wpcf7-form-control-wrap\" data-name=\"your-message\"><textarea cols=\"40\" rows=\"10\" maxlength=\"2000\" class=\"wpcf7-form-control wpcf7-textarea\" aria-invalid=\"false\" name=\"your-message\"><\/textarea><\/span>\n<\/p>\n<span class=\"wpcf7-form-control-wrap recaptcha\" data-name=\"recaptcha\"><span data-sitekey=\"6Lc6K04aAAAAAOHB6MeYayntvIUiwpaAiL5KPpmM\" class=\"wpcf7-form-control wpcf7-recaptcha g-recaptcha\"><\/span>\r\n<noscript>\r\n\t<div class=\"grecaptcha-noscript\">\r\n\t\t<iframe loading=\"lazy\" src=\"https:\/\/www.google.com\/recaptcha\/api\/fallback?k=6Lc6K04aAAAAAOHB6MeYayntvIUiwpaAiL5KPpmM\" frameborder=\"0\" scrolling=\"no\" width=\"310\" height=\"430\">\r\n\t\t<\/iframe>\r\n\t\t<textarea name=\"g-recaptcha-response\" rows=\"3\" cols=\"40\" placeholder=\"reCaptcha Response Here\">\r\n\t\t<\/textarea>\r\n\t<\/div>\r\n<\/noscript>\r\n<\/span>\n<p><i>I'm not a robot<\/i>\n<\/p>\n<p><input class=\"wpcf7-form-control wpcf7-submit has-spinner\" type=\"submit\" value=\"Envoyer\" \/>\n<\/p><p style=\"display: none !important;\" class=\"akismet-fields-container\" data-prefix=\"_wpcf7_ak_\"><label>&#916;<textarea name=\"_wpcf7_ak_hp_textarea\" cols=\"45\" rows=\"8\" maxlength=\"100\"><\/textarea><\/label><input type=\"hidden\" id=\"ak_js_1\" name=\"_wpcf7_ak_js\" value=\"54\"\/><script>document.getElementById( \"ak_js_1\" ).setAttribute( \"value\", ( new Date() ).getTime() );<\/script><\/p><div class=\"wpcf7-response-output\" aria-hidden=\"true\"><\/div>\n<\/form>\n<\/div>\n\n<\/div>\n<div style=\"float: right; width: 350px;\">\n<p><strong>VOS CONTACTS \/ <em>YOUR CONTACTS<\/em><\/strong><\/p>\n<div style=\"float: left; width: 230px;\">\n<div style=\"height: 135px;\"><b>Prof. Philippe Delebecque<\/b><br \/>\nPr\u00e9sident \/ <em>President<\/em><br \/>\nMobile : +33 (0) 6 11 88 37 57<\/div>\n<div style=\"height: 135px;\"><b>Mrs Pascale Mesnil<\/b><br \/>\nSecr\u00e9taire G\u00e9n\u00e9ral \/ <em>Secretary General<\/em><br \/>\nMobile : + 33 (0) 7 68 08 95 11<\/div>\n<div style=\"height: 120px;margin-top:30px;\"><b>Mme Muriel Ruga<\/b><br \/>\nSecr\u00e9taire administrative \/ <em>Secretary<\/em><br \/>\nT\u00e9l\u00e9phone : + 33 (0) 142 96 40 41<\/div>\n<\/div>\n<div style=\"float: right; width: 120px;\">\n<p><img loading=\"lazy\" decoding=\"async\" class=\"alignnone size-full wp-image-929\" src=\"http:\/\/www.arbitrage-maritime.org\/CAMP-V3\/wp-content\/uploads\/2016\/02\/philippe.jpg\" alt=\"philippe\" width=\"110\" height=\"117\" \/><\/p>\n<p><img loading=\"lazy\" decoding=\"async\" class=\"alignnone size-full wp-image-927\" src=\"http:\/\/www.arbitrage-maritime.org\/CAMP-V3\/wp-content\/uploads\/2016\/02\/pascale.jpg\" alt=\"pascale\" width=\"110\" height=\"117\" \/><\/p>\n<p><img loading=\"lazy\" decoding=\"async\" class=\"alignnone size-full wp-image-928\" src=\"http:\/\/www.arbitrage-maritime.org\/CAMP-V3\/wp-content\/uploads\/2016\/02\/muriel.jpg\" alt=\"muriel\" width=\"110\" height=\"117\" \/><\/p>\n<\/div>\n<\/div>\n<div><iframe loading=\"lazy\" style=\"border: 0;\" src=\"https:\/\/www.google.com\/maps\/embed?pb=!1m14!1m8!1m3!1d10497.567910491776!2d2.3310675!3d48.8698037!3m2!1i1024!2i768!4f13.1!3m3!1m2!1s0x0%3A0x768f990d89554220!2sLa+Chambre+Arbitrale+Maritime!5e0!3m2!1sfr!2sfr!4v1456833809515\" width=\"1170\" height=\"450\" frameborder=\"0\" allowfullscreen=\"allowfullscreen\"><\/iframe><\/div>\n","protected":false},"excerpt":{"rendered":"<p>CONTACTEZ-NOUS \/ CONTACT US Chambre Arbitrale Maritime de Paris 16 Rue Daunou, 75002 Paris T\u00e9l : + (33) 01 42 96 40 41 E Mail : camp2@wanadoo.fr Sur rendez-vous uniquement \/ by appointment only Horaires d\u2019ouverture \/ Opening hours Du Lundi au Jeudi \/ From Monday to Thursday 09h00 &#8211; 13h00 &amp; 14h00-16h00 Vendredi \/<\/p>\n","protected":false},"author":1,"featured_media":0,"parent":0,"menu_order":0,"comment_status":"closed","ping_status":"closed","template":"fullwidth.php","meta":{"_monsterinsights_skip_tracking":false,"_monsterinsights_sitenote_active":false,"_monsterinsights_sitenote_note":"","_monsterinsights_sitenote_category":0,"footnotes":""},"class_list":["post-3111","page","type-page","status-publish","hentry"],"_links":{"self":[{"href":"https:\/\/www.arbitrage-maritime.org\/CAMP-V3\/wp-json\/wp\/v2\/pages\/3111","targetHints":{"allow":["GET"]}}],"collection":[{"href":"https:\/\/www.arbitrage-maritime.org\/CAMP-V3\/wp-json\/wp\/v2\/pages"}],"about":[{"href":"https:\/\/www.arbitrage-maritime.org\/CAMP-V3\/wp-json\/wp\/v2\/types\/page"}],"author":[{"embeddable":true,"href":"https:\/\/www.arbitrage-maritime.org\/CAMP-V3\/wp-json\/wp\/v2\/users\/1"}],"replies":[{"embeddable":true,"href":"https:\/\/www.arbitrage-maritime.org\/CAMP-V3\/wp-json\/wp\/v2\/comments?post=3111"}],"version-history":[{"count":11,"href":"https:\/\/www.arbitrage-maritime.org\/CAMP-V3\/wp-json\/wp\/v2\/pages\/3111\/revisions"}],"predecessor-version":[{"id":7283,"href":"https:\/\/www.arbitrage-maritime.org\/CAMP-V3\/wp-json\/wp\/v2\/pages\/3111\/revisions\/7283"}],"wp:attachment":[{"href":"https:\/\/www.arbitrage-maritime.org\/CAMP-V3\/wp-json\/wp\/v2\/media?parent=3111"}],"curies":[{"name":"wp","href":"https:\/\/api.w.org\/{rel}","templated":true}]}}