{"id":374,"date":"2016-02-15T13:28:34","date_gmt":"2016-02-15T12:28:34","guid":{"rendered":"http:\/\/www.arbitrage-maritime.org\/CAMP-V3\/?page_id=374"},"modified":"2016-03-14T17:40:28","modified_gmt":"2016-03-14T16:40:28","slug":"praticiens","status":"publish","type":"page","link":"https:\/\/www.arbitrage-maritime.org\/CAMP-V3\/les-arbitres\/praticiens\/","title":{"rendered":"Les arbitres \/ Praticiens"},"content":{"rendered":"<style>\nstrong{\ncolor:#4C819A;\n}\nth, .tablepress thead th {\n    min-width: 60px;\n}\n.column-2{\nwidth: 150px;\n}\n.column-3{\nwidth: 80px;\n}\n.column-4{\nwidth: 80px;\n}\n.column-5{\nwidth: 360px;\n}\n.column-6{\nwidth: 360px;\n}\n<\/style>\n<p><strong>PRATICIENS DU COMMERCE MARITIME | <a href=\"..\/juristes\">JURISTES<\/a> | <a href=\"..\/techniciens\">TECHNICIENS<\/a> | <a href=\"..\/tous-les-arbitres\">TOUS LES ARBITRES<\/a><\/strong><\/p>\n\n<table id=\"tablepress-1\" class=\"tablepress tablepress-id-1 tablepress-responsive\">\n<thead>\n<tr class=\"row-1\">\n\t<th class=\"column-1\">Nom\/Pr\u00e9nom<\/th><th class=\"column-2\">Inscription CAMP     <\/th><th class=\"column-3\">CV\t<\/th><th class=\"column-4\">Photo<\/th><th class=\"column-5\">Titre\/Fonction<\/th><th class=\"column-6\">Sp\u00e9cialit\u00e9s<\/th>\n<\/tr>\n<\/thead>\n<tbody class=\"row-striping row-hover\">\n<tr class=\"row-2\">\n\t<td class=\"column-1\">AZ\u00c9BAZ\u00c9 Serge<\/td><td class=\"column-2\">2021<\/td><td class=\"column-3\"><\/td><td class=\"column-4\"><img loading=\"lazy\" decoding=\"async\" src=\"http:\/\/www.arbitrage-maritime.org\/CAMP-V3\/wp-content\/uploads\/2016\/02\/101.jpg\" alt=\"1\" width=\"50\" height=\"63\" class=\"alignnone size-full wp-image-381\" \/><\/td><td class=\"column-5\">Docteur  en Droit<br \/>\nEDHEC<br \/>\n<\/td><td class=\"column-6\">Contentieux maritime <br \/>\nContrats transport <br \/>\nAssurances maritimes<br \/>\n<\/td>\n<\/tr>\n<tr class=\"row-3\">\n\t<td class=\"column-1\">BAUDU Francis<\/td><td class=\"column-2\">1998<\/td><td class=\"column-3\"><a href=\"http:\/\/www.arbitrage-maritime.org\/CAMP-V3\/wp-content\/uploads\/2016\/02\/1.pdf\" target=\"_blank\" rel=\"noopener noreferrer\"><img loading=\"lazy\" decoding=\"async\" src=\"http:\/\/www.arbitrage-maritime.org\/CAMP-V3\/wp-content\/uploads\/2016\/02\/pdf.jpg\" alt=\"pdf\" width=\"25\" height=\"25\" class=\"alignnone size-full wp-image-384\" \/><\/a><br \/>\n<\/td><td class=\"column-4\"><img loading=\"lazy\" decoding=\"async\" src=\"http:\/\/www.arbitrage-maritime.org\/CAMP-V3\/wp-content\/uploads\/2016\/02\/1.jpg\" alt=\"1\" width=\"50\" height=\"63\" class=\"alignnone size-full wp-image-381\" \/><\/td><td class=\"column-5\">Ecole Sup\u00e9rieure de Commerce Paris <br \/>\nCourtier constructions neuves<br \/>\nMembre de l'Acad\u00e9mie de Marine<\/td><td class=\"column-6\">Affr\u00e8tements gaz <br \/>\nConstructions neuves<\/td>\n<\/tr>\n<tr class=\"row-4\">\n\t<td class=\"column-1\">BLIN Patrick<\/td><td class=\"column-2\">1996<\/td><td class=\"column-3\"><\/td><td class=\"column-4\"><\/td><td class=\"column-5\">Docteur en Droit <br \/>\nEx Affr\u00e8tement Elf <\/td><td class=\"column-6\">Exploitation lignes <br \/>\nAffr\u00e8tements p\u00e9trole<\/td>\n<\/tr>\n<tr class=\"row-5\">\n\t<td class=\"column-1\">BOLLAERT Denis <\/td><td class=\"column-2\">2008<\/td><td class=\"column-3\"><\/td><td class=\"column-4\"><\/td><td class=\"column-5\">BTS - TRADICOPA <br \/>\nResponsable affr\u00e8tements Soufflet<\/td><td class=\"column-6\">Contrat de vente <br \/>\nAffr\u00e8tements<\/td>\n<\/tr>\n<tr class=\"row-6\">\n\t<td class=\"column-1\">DIAGNE Alioune <br \/>\n<\/td><td class=\"column-2\">2011<\/td><td class=\"column-3\"><\/td><td class=\"column-4\"><\/td><td class=\"column-5\">DESS Commerce international <br \/>\nDESS Droit &amp; activit\u00e9s technologies maritimes <br \/>\nMa\u00eetrise droit priv\u00e9 <br \/>\nDirecteur g\u00e9n\u00e9ral AXA S\u00e9n\u00e9gal<br \/>\n<\/td><td class=\"column-6\">Contentieux maritime <br \/>\nContrats transport <br \/>\nAssurances maritimes <br \/>\nCommerce international<\/td>\n<\/tr>\n<tr class=\"row-7\">\n\t<td class=\"column-1\">DREYFUS Jean-Pierre <br \/>\n<\/td><td class=\"column-2\">1966<\/td><td class=\"column-3\"><a href=\"http:\/\/www.arbitrage-maritime.org\/CAMP-V3\/wp-content\/uploads\/2016\/02\/8.pdf\" target=\"_blank\" rel=\"noopener noreferrer\"><img loading=\"lazy\" decoding=\"async\" src=\"http:\/\/www.arbitrage-maritime.org\/CAMP-V3\/wp-content\/uploads\/2016\/02\/pdf.jpg\" alt=\"pdf\" width=\"25\" height=\"25\" class=\"alignnone size-full wp-image-384\" \/><\/a><\/td><td class=\"column-4\"><img loading=\"lazy\" decoding=\"async\" src=\"http:\/\/www.arbitrage-maritime.org\/CAMP-V3\/wp-content\/uploads\/2016\/02\/8.jpg\" alt=\"42\" width=\"50\" height=\"63\" class=\"alignnone size-full wp-image-381\" \/><\/td><td class=\"column-5\">G\u00e9rant Serain <\/td><td class=\"column-6\">Affr\u00e8tements<\/td>\n<\/tr>\n<tr class=\"row-8\">\n\t<td class=\"column-1\">FAGES Jean-Christian <\/td><td class=\"column-2\">2004<\/td><td class=\"column-3\"><\/td><td class=\"column-4\"><\/td><td class=\"column-5\">Licence Sciences Eco <br \/>\nGlobal head of execution<br \/>\nSierentz Global Merchants SA<br \/>\nex Gearbulk - LD N\u00e9goce <\/td><td class=\"column-6\">Exploitation navires <br \/>\nAffr\u00e8tements<\/td>\n<\/tr>\n<tr class=\"row-9\">\n\t<td class=\"column-1\">GALLARD Florian <\/td><td class=\"column-2\">2013<\/td><td class=\"column-3\"><a href=\"http:\/\/www.arbitrage-maritime.org\/CAMP-V3\/wp-content\/uploads\/2016\/02\/83.pdf\" target=\"_blank\" rel=\"noopener noreferrer\"><img loading=\"lazy\" decoding=\"async\" src=\"http:\/\/www.arbitrage-maritime.org\/CAMP-V3\/wp-content\/uploads\/2016\/02\/pdf.jpg\" alt=\"pdf\" width=\"25\" height=\"25\" class=\"alignnone size-full wp-image-384\" \/><\/a><\/td><td class=\"column-4\"><img loading=\"lazy\" decoding=\"async\" src=\"http:\/\/www.arbitrage-maritime.org\/CAMP-V3\/wp-content\/uploads\/2016\/02\/83.jpg\" alt=\"42\" width=\"50\" height=\"63\" class=\"alignnone size-full wp-image-381\" \/><\/td><td class=\"column-5\">Responsable Affr\u00e8tement maritime <br \/>\nGranit N\u00e9goce<\/td><td class=\"column-6\">Affr\u00e8tements<\/td>\n<\/tr>\n<tr class=\"row-10\">\n\t<td class=\"column-1\">GARO Philippe <br \/>\n<br \/>\n<br \/>\n<br \/>\n<br \/>\n<\/td><td class=\"column-2\">2011<\/td><td class=\"column-3\"><\/td><td class=\"column-4\"><\/td><td class=\"column-5\">Docteur en Droit <br \/>\nDESS Droit maritime et transport <br \/>\nDirecteur Mc Leans SA<\/td><td class=\"column-6\">Contentieux maritime <br \/>\nP&amp;I Clubs <br \/>\nContrats transport <br \/>\nAffr\u00e8tement <br \/>\nAssurances maritimes<\/td>\n<\/tr>\n<tr class=\"row-11\">\n\t<td class=\"column-1\">JAMBU-MERLIN Olivier <\/td><td class=\"column-2\">1991<\/td><td class=\"column-3\"><a href=\"http:\/\/www.arbitrage-maritime.org\/CAMP-V3\/wp-content\/uploads\/2016\/02\/12.pdf\" target=\"_blank\" rel=\"noopener noreferrer\"><img loading=\"lazy\" decoding=\"async\" src=\"http:\/\/www.arbitrage-maritime.org\/CAMP-V3\/wp-content\/uploads\/2016\/02\/pdf.jpg\" alt=\"pdf\" width=\"25\" height=\"25\" class=\"alignnone size-full wp-image-384\" \/><\/a><\/td><td class=\"column-4\"><img loading=\"lazy\" decoding=\"async\" src=\"http:\/\/www.arbitrage-maritime.org\/CAMP-V3\/wp-content\/uploads\/2016\/02\/12.jpg\" alt=\"42\" width=\"50\" height=\"63\" class=\"alignnone size-full wp-image-381\" \/><\/td><td class=\"column-5\">DEA Droit priv\u00e9 <br \/>\n<\/td><td class=\"column-6\">Exploitation navires. <br \/>\nAffr\u00e8tements.<br \/>\nContrats Vente, achat et construction de navires.<\/td>\n<\/tr>\n<tr class=\"row-12\">\n\t<td class=\"column-1\">LACAVE Jean-Marc<\/td><td class=\"column-2\">2022<br \/>\n<\/td><td class=\"column-3\"><\/td><td class=\"column-4\"><\/td><td class=\"column-5\"><\/td><td class=\"column-6\"><\/td>\n<\/tr>\n<tr class=\"row-13\">\n\t<td class=\"column-1\">LAFFAYE Jean-Pierre <\/td><td class=\"column-2\">1998<\/td><td class=\"column-3\"><a href=\"http:\/\/www.arbitrage-maritime.org\/CAMP-V3\/wp-content\/uploads\/2016\/02\/14.pdf\" target=\"_blank\" rel=\"noopener noreferrer\"><img loading=\"lazy\" decoding=\"async\" src=\"http:\/\/www.arbitrage-maritime.org\/CAMP-V3\/wp-content\/uploads\/2016\/02\/pdf.jpg\" alt=\"pdf\" width=\"25\" height=\"25\" class=\"alignnone size-full wp-image-384\" \/><\/a><\/td><td class=\"column-4\"><img loading=\"lazy\" decoding=\"async\" src=\"http:\/\/www.arbitrage-maritime.org\/CAMP-V3\/wp-content\/uploads\/2016\/02\/14.jpg\" alt=\"42\" width=\"50\" height=\"63\" class=\"alignnone size-full wp-image-381\" \/><\/td><td class=\"column-5\">Ma\u00eetrise de Gestion<br \/>\nDir. Ops Cetragpa<\/td><td class=\"column-6\">Exploitation navires <br \/>\nAffr\u00e8tements<\/td>\n<\/tr>\n<tr class=\"row-14\">\n\t<td class=\"column-1\">LAFFOUCRI\u00c8RE <br \/>\nFran\u00e7ois<\/td><td class=\"column-2\">2012<\/td><td class=\"column-3\"><a href=\"http:\/\/www.arbitrage-maritime.org\/CAMP-V3\/wp-content\/uploads\/2016\/02\/80.pdf\" target=\"_blank\" rel=\"noopener noreferrer\"><img loading=\"lazy\" decoding=\"async\" src=\"http:\/\/www.arbitrage-maritime.org\/CAMP-V3\/wp-content\/uploads\/2016\/02\/pdf.jpg\" alt=\"pdf\" width=\"25\" height=\"25\" class=\"alignnone size-full wp-image-384\" \/><\/a><\/td><td class=\"column-4\"><img loading=\"lazy\" decoding=\"async\" src=\"http:\/\/www.arbitrage-maritime.org\/CAMP-V3\/wp-content\/uploads\/2016\/02\/80.jpg\" alt=\"42\" width=\"50\" height=\"63\" class=\"alignnone size-full wp-image-381\" \/><\/td><td class=\"column-5\">Avocat<br \/>\nDocteur en Droit <br \/>\nMaster 2 Droit de la mer et Activit\u00e9s portuaires <br \/>\nC1NM <br \/>\nEx Pilote maritime Le Havre<br \/>\n<\/td><td class=\"column-6\">\u00c9v\u00e9nements de mer<br \/>\nContentieux maritime <br \/>\nExploitation navires<br \/>\nOffshore, Croisi\u00e8re <br \/>\nVrac liquide, solide<br \/>\nPorte-conteneurs\t<\/td>\n<\/tr>\n<tr class=\"row-15\">\n\t<td class=\"column-1\">LEKOUARA Salim<\/td><td class=\"column-2\">2023<\/td><td class=\"column-3\"><\/td><td class=\"column-4\"><\/td><td class=\"column-5\">Repr\u00e9sentant P&amp;I Club en Alg\u00e9rie<\/td><td class=\"column-6\">Contentieux maritime<\/td>\n<\/tr>\n<tr class=\"row-16\">\n\t<td class=\"column-1\">LE LUYER Michel <\/td><td class=\"column-2\">2001<\/td><td class=\"column-3\"><a href=\"http:\/\/www.arbitrage-maritime.org\/CAMP-V3\/wp-content\/uploads\/2016\/02\/18.pdf\" target=\"_blank\" rel=\"noopener noreferrer\"><img loading=\"lazy\" decoding=\"async\" src=\"http:\/\/www.arbitrage-maritime.org\/CAMP-V3\/wp-content\/uploads\/2016\/02\/pdf.jpg\" alt=\"pdf\" width=\"25\" height=\"25\" class=\"alignnone size-full wp-image-384\" \/><\/a><\/td><td class=\"column-4\"><img loading=\"lazy\" decoding=\"async\" src=\"http:\/\/www.arbitrage-maritime.org\/CAMP-V3\/wp-content\/uploads\/2016\/02\/18.jpg\" alt=\"42\" width=\"50\" height=\"63\" class=\"alignnone size-full wp-image-381\" \/><\/td><td class=\"column-5\">C1NM - DESS Transports <br \/>\nEx Directeur Affr\u00e8tement Delmas <br \/>\nDirecteur D\u00e9veloppement Afrique de l'Est<\/td><td class=\"column-6\">Affr\u00e8tements<\/td>\n<\/tr>\n<tr class=\"row-17\">\n\t<td class=\"column-1\">MAYEUX Pascal<\/td><td class=\"column-2\">2024<\/td><td class=\"column-3\"><a href=\"http:\/\/www.arbitrage-maritime.org\/CAMP-V3\/wp-content\/uploads\/2016\/02\/108.pdf\" target=\"_blank\" rel=\"noopener noreferrer\"><img loading=\"lazy\" decoding=\"async\" src=\"http:\/\/www.arbitrage-maritime.org\/CAMP-V3\/wp-content\/uploads\/2016\/02\/pdf.jpg\" alt=\"pdf\" width=\"25\" height=\"25\" class=\"alignnone size-full wp-image-384\" \/><\/a><\/td><td class=\"column-4\"><\/td><td class=\"column-5\">Responsable juridique adjoint<br \/>\r\nSoufflet N\u00e9goce by Invivo<\/td><td class=\"column-6\">Affr\u00e8tements maritimes<\/td>\n<\/tr>\n<tr class=\"row-18\">\n\t<td class=\"column-1\">NICOLAS Bernard <\/td><td class=\"column-2\">1993<\/td><td class=\"column-3\"><\/td><td class=\"column-4\"><\/td><td class=\"column-5\">London Chamber of Com. <br \/>\ncourtier affr\u00e8tement cargaisons s\u00e8ches <br \/>\nEx g\u00e9rant de Fret Marine<\/td><td class=\"column-6\">Affr\u00e8tements<\/td>\n<\/tr>\n<tr class=\"row-19\">\n\t<td class=\"column-1\">ORDINES Bernard<\/td><td class=\"column-2\">2019<\/td><td class=\"column-3\"><\/td><td class=\"column-4\"><img loading=\"lazy\" decoding=\"async\" src=\"http:\/\/www.arbitrage-maritime.org\/CAMP-V3\/wp-content\/uploads\/2016\/02\/97.jpg\" alt=\"42\" width=\"50\" height=\"63\" class=\"alignnone size-full wp-image-381\" \/><\/td><td class=\"column-5\"><\/td><td class=\"column-6\"><\/td>\n<\/tr>\n<tr class=\"row-20\">\n\t<td class=\"column-1\">PRAZZO Francisco<\/td><td class=\"column-2\">2025<\/td><td class=\"column-3\"><a href=\"http:\/\/www.arbitrage-maritime.org\/CAMP-V3\/wp-content\/uploads\/2016\/02\/111.pdf\" target=\"_blank\" rel=\"noopener noreferrer\"><img loading=\"lazy\" decoding=\"async\" src=\"http:\/\/www.arbitrage-maritime.org\/CAMP-V3\/wp-content\/uploads\/2016\/02\/pdf.jpg\" alt=\"pdf\" width=\"25\" height=\"25\" class=\"alignnone size-full wp-image-384\" \/><\/a><\/td><td class=\"column-4\"><img loading=\"lazy\" decoding=\"async\" width=\"50\" height=\"63\" src=\"http:\/\/www.arbitrage-maritime.org\/CAMP-V3\/wp-content\/uploads\/2016\/02\/111.jpg\" alt=\"42\" class=\"alignnone size-full wp-image-381\" \/><\/td><td class=\"column-5\">Directeur SBM Offshore<\/td><td class=\"column-6\">Affr\u00e8tements maritimes<\/td>\n<\/tr>\n<tr class=\"row-21\">\n\t<td class=\"column-1\">RICQL\u00c8S (de) J\u00e9r\u00f4me<\/td><td class=\"column-2\">2021<\/td><td class=\"column-3\"><a href=\"http:\/\/www.arbitrage-maritime.org\/CAMP-V3\/wp-content\/uploads\/2016\/02\/102.pdf\" target=\"_blank\" rel=\"noopener noreferrer\"><img loading=\"lazy\" decoding=\"async\" src=\"http:\/\/www.arbitrage-maritime.org\/CAMP-V3\/wp-content\/uploads\/2016\/02\/pdf.jpg\" alt=\"pdf\" width=\"25\" height=\"25\" class=\"alignnone size-full wp-image-384\" \/><\/a><\/td><td class=\"column-4\"><img loading=\"lazy\" decoding=\"async\" src=\"http:\/\/www.arbitrage-maritime.org\/CAMP-V3\/wp-content\/uploads\/2016\/02\/102.jpg\" alt=\"1\" width=\"50\" height=\"63\" class=\"alignnone size-full wp-image-381\" \/><\/td><td class=\"column-5\">DESS Commerce International <\/td><td class=\"column-6\">Lignes r\u00e9guli\u00e8res<\/td>\n<\/tr>\n<tr class=\"row-22\">\n\t<td class=\"column-1\">SCIBOZ Bertrand<\/td><td class=\"column-2\">2023<\/td><td class=\"column-3\"><a href=\"http:\/\/www.arbitrage-maritime.org\/CAMP-V3\/wp-content\/uploads\/2016\/02\/113.pdf\" target=\"_blank\" rel=\"noopener noreferrer\"><img loading=\"lazy\" decoding=\"async\" src=\"http:\/\/www.arbitrage-maritime.org\/CAMP-V3\/wp-content\/uploads\/2016\/02\/pdf.jpg\" alt=\"pdf\" width=\"25\" height=\"25\" class=\"alignnone size-full wp-image-384\" \/><\/a><\/td><td class=\"column-4\"><img decoding=\"async\" src=\"http:\/\/www.arbitrage-maritime.org\/CAMP-V3\/wp-content\/uploads\/2016\/02\/113.jpg\" alt=\"1\" class=\"alignnone size-full wp-image-381\" \/><\/td><td class=\"column-5\">Consultant<br \/>\r\nSalvage Master\/ Assistant \u00e0 ma\u00eetre d'ouvrage<br \/>\r\nExpert sous-marin<br \/>\r\nExpert judiciaire aupr\u00e8s du procureur maritime du Havre<\/td><td class=\"column-6\">Contentieux maritime<br \/>\r\nAbordage, assistance<br \/>\r\nEv\u00e9nements de mer<\/td>\n<\/tr>\n<tr class=\"row-23\">\n\t<td class=\"column-1\">THOMAS Jean-Yves <\/td><td class=\"column-2\">1984<\/td><td class=\"column-3\"><a href=\"http:\/\/www.arbitrage-maritime.org\/CAMP-V3\/wp-content\/uploads\/2016\/02\/26.pdf\" target=\"_blank\" rel=\"noopener noreferrer\"><img loading=\"lazy\" decoding=\"async\" src=\"http:\/\/www.arbitrage-maritime.org\/CAMP-V3\/wp-content\/uploads\/2016\/02\/pdf.jpg\" alt=\"pdf\" width=\"25\" height=\"25\" class=\"alignnone size-full wp-image-384\" \/><\/a><\/td><td class=\"column-4\"><img loading=\"lazy\" decoding=\"async\" src=\"http:\/\/www.arbitrage-maritime.org\/CAMP-V3\/wp-content\/uploads\/2016\/02\/26.jpg\" alt=\"42\" width=\"50\" height=\"63\" class=\"alignnone size-full wp-image-381\" \/><\/td><td class=\"column-5\">Capitaine au Long Cours <br \/>\nEx DG Unitramp\/Pdg CMNN <br \/>\nConsultant maritime<\/td><td class=\"column-6\">Exploitation navires <br \/>\nAffr\u00e8tements<\/td>\n<\/tr>\n<tr class=\"row-24\">\n\t<td class=\"column-1\">VILLETTE Jean<br \/>\r\n<\/td><td class=\"column-2\">1991<\/td><td class=\"column-3\"><\/td><td class=\"column-4\"><\/td><td class=\"column-5\">IEP Paris <br \/>\r\nN\u00e9goce c\u00e9r\u00e9ales<\/td><td class=\"column-6\">Grain chartering<\/td>\n<\/tr>\n<tr class=\"row-25\">\n\t<td class=\"column-1\">ZAMMIT Imed<\/td><td class=\"column-2\">2024<\/td><td class=\"column-3\"><a href=\"http:\/\/www.arbitrage-maritime.org\/CAMP-V3\/wp-content\/uploads\/2016\/02\/112.pdf\" target=\"_blank\" rel=\"noopener noreferrer\"><img loading=\"lazy\" decoding=\"async\" src=\"http:\/\/www.arbitrage-maritime.org\/CAMP-V3\/wp-content\/uploads\/2016\/02\/pdf.jpg\" alt=\"pdf\" width=\"25\" height=\"25\" class=\"alignnone size-full wp-image-384\" \/><\/a><\/td><td class=\"column-4\"><\/td><td class=\"column-5\">DESS Droit maritime et des transports<br \/>\r\nCapitaine de 1\u00e8re classe de la marine marchande<br \/>\r\nAnc PDG de la COTUNAV<br \/>\r\nDG de IMFMM<br \/>\r\nPDG de l'office de la marine marchande et des ports et<br \/>\r\nPr\u00e9sident de l'autorit\u00e9 maritime tunisienne<\/td><td class=\"column-6\">Transport multimodal<br \/>\r\nSuret\u00e9 maritime<\/td>\n<\/tr>\n<\/tbody>\n<\/table>\n<!-- #tablepress-1 from cache -->\n","protected":false},"excerpt":{"rendered":"<p>PRATICIENS DU COMMERCE MARITIME | JURISTES | TECHNICIENS | TOUS LES ARBITRES<\/p>\n","protected":false},"author":1,"featured_media":0,"parent":371,"menu_order":0,"comment_status":"closed","ping_status":"closed","template":"fullwidth.php","meta":{"_monsterinsights_skip_tracking":false,"_monsterinsights_sitenote_active":false,"_monsterinsights_sitenote_note":"","_monsterinsights_sitenote_category":0,"footnotes":""},"class_list":["post-374","page","type-page","status-publish","hentry"],"_links":{"self":[{"href":"https:\/\/www.arbitrage-maritime.org\/CAMP-V3\/wp-json\/wp\/v2\/pages\/374","targetHints":{"allow":["GET"]}}],"collection":[{"href":"https:\/\/www.arbitrage-maritime.org\/CAMP-V3\/wp-json\/wp\/v2\/pages"}],"about":[{"href":"https:\/\/www.arbitrage-maritime.org\/CAMP-V3\/wp-json\/wp\/v2\/types\/page"}],"author":[{"embeddable":true,"href":"https:\/\/www.arbitrage-maritime.org\/CAMP-V3\/wp-json\/wp\/v2\/users\/1"}],"replies":[{"embeddable":true,"href":"https:\/\/www.arbitrage-maritime.org\/CAMP-V3\/wp-json\/wp\/v2\/comments?post=374"}],"version-history":[{"count":10,"href":"https:\/\/www.arbitrage-maritime.org\/CAMP-V3\/wp-json\/wp\/v2\/pages\/374\/revisions"}],"predecessor-version":[{"id":1098,"href":"https:\/\/www.arbitrage-maritime.org\/CAMP-V3\/wp-json\/wp\/v2\/pages\/374\/revisions\/1098"}],"up":[{"embeddable":true,"href":"https:\/\/www.arbitrage-maritime.org\/CAMP-V3\/wp-json\/wp\/v2\/pages\/371"}],"wp:attachment":[{"href":"https:\/\/www.arbitrage-maritime.org\/CAMP-V3\/wp-json\/wp\/v2\/media?parent=374"}],"curies":[{"name":"wp","href":"https:\/\/api.w.org\/{rel}","templated":true}]}}