{"id":420,"date":"2016-02-15T16:24:44","date_gmt":"2016-02-15T15:24:44","guid":{"rendered":"http:\/\/www.arbitrage-maritime.org\/CAMP-V3\/?page_id=420"},"modified":"2016-03-14T17:39:52","modified_gmt":"2016-03-14T16:39:52","slug":"juristes","status":"publish","type":"page","link":"https:\/\/www.arbitrage-maritime.org\/CAMP-V3\/les-arbitres\/juristes\/","title":{"rendered":"Les arbitres \/ Juristes"},"content":{"rendered":"<style>\nstrong{\ncolor:#4C819A;\n}\nth, .tablepress thead th {\n    min-width: 60px;\n}\n.column-2{\nwidth: 150px;\n}\n.column-3{\nwidth: 80px;\n}\n.column-4{\nwidth: 80px;\n}\n.column-5{\nwidth: 360px;\n}\n.column-6{\nwidth: 360px;\n}\n<\/style>\n<p><strong>JURISTES | <a href=\"..\/praticiens\">PRATICIENS DU COMMERCE MARITIME<\/a> | <a href=\"..\/techniciens\">TECHNICIENS<\/a> | <a href=\"..\/tous-les-arbitres\">TOUS LES ARBITRES<\/a><\/strong><br \/>\n\n<table id=\"tablepress-2\" class=\"tablepress tablepress-id-2 tablepress-responsive\">\n<thead>\n<tr class=\"row-1\">\n\t<th class=\"column-1\">Nom\/Pr\u00e9nom<\/th><th class=\"column-2\">Inscription CAMP<\/th><th class=\"column-3\">CV\t<\/th><th class=\"column-4\">Photo<\/th><th class=\"column-5\">Titre\/Fonction<\/th><th class=\"column-6\">Sp\u00e9cialit\u00e9s<\/th>\n<\/tr>\n<\/thead>\n<tbody class=\"row-striping row-hover\">\n<tr class=\"row-2\">\n\t<td class=\"column-1\">ATHANASSIOU Lia<\/td><td class=\"column-2\">2023<\/td><td class=\"column-3\"><a href=\"http:\/\/www.arbitrage-maritime.org\/CAMP-V3\/wp-content\/uploads\/2016\/02\/114.pdf\" target=\"_blank\" rel=\"noopener noreferrer\"><img loading=\"lazy\" decoding=\"async\" src=\"http:\/\/www.arbitrage-maritime.org\/CAMP-V3\/wp-content\/uploads\/2016\/02\/pdf.jpg\" alt=\"pdf\" width=\"25\" height=\"25\" class=\"alignnone size-full wp-image-384\" \/><\/a><\/td><td class=\"column-4\"><\/td><td class=\"column-5\">Avocate au Barreau du Pir\u00e9e<br \/>\nProfesseur de Droit Commercial &amp; Droit Maritime \u00e0 l\u2019Universit\u00e9 d\u2019Ath\u00e8nes<br \/>\nMembre Commission d\u2019experts OIT<br \/>\nPr\u00e9sidence Comit\u00e9 de R\u00e9forme L\u00e9gislative du Code grec de Droit Maritime<br \/>\nRepr\u00e9sentant du Minist\u00e8re de la Justice \u00e0 la CNUCED projet de convention \u00ab Judicial Sale of Ships \u00bb<br \/>\nDoctorat Paris-Ia Sorbonne<\/td><td class=\"column-6\">Contentieux maritime<br \/>\nContrats de transport<\/td>\n<\/tr>\n<tr class=\"row-3\">\n\t<td class=\"column-1\">BESNARD Mathias <\/td><td class=\"column-2\">2014<\/td><td class=\"column-3\"><\/td><td class=\"column-4\"><\/td><td class=\"column-5\">Ma\u00eetrise Droit des affaires<br \/>\nDESS Droit maritime <br \/>\nAvocat <br \/>\nDirecteur juridique adjoint CMA-CGM<\/td><td class=\"column-6\">Contentieux maritime<\/td>\n<\/tr>\n<tr class=\"row-4\">\n\t<td class=\"column-1\">BOISSON Philippe <br \/>\n<br \/>\n<\/td><td class=\"column-2\">1985<\/td><td class=\"column-3\"><a href=\"http:\/\/www.arbitrage-maritime.org\/CAMP-V3\/wp-content\/uploads\/2016\/02\/45.pdf\" target=\"_blank\" rel=\"noopener noreferrer\"><img loading=\"lazy\" decoding=\"async\" src=\"http:\/\/www.arbitrage-maritime.org\/CAMP-V3\/wp-content\/uploads\/2016\/02\/pdf.jpg\" alt=\"pdf\" width=\"25\" height=\"25\" class=\"alignnone size-full wp-image-384\" \/><\/a><\/td><td class=\"column-4\"><img loading=\"lazy\" decoding=\"async\" src=\"http:\/\/www.arbitrage-maritime.org\/CAMP-V3\/wp-content\/uploads\/2016\/02\/45.jpg\" alt=\"1\" width=\"50\" height=\"63\" class=\"alignnone size-full wp-image-381\" \/><\/td><td class=\"column-5\">Docteur en Droit <br \/>\nConsultant maritime<br \/>\nex Conseiller Juridique BV<\/td><td class=\"column-6\">Contentieux marine<br \/>\nConstruction <br \/>\nR\u00e9paration navale<\/td>\n<\/tr>\n<tr class=\"row-5\">\n\t<td class=\"column-1\">CACHARD Olivier<\/td><td class=\"column-2\">2007<\/td><td class=\"column-3\"><a href=\"http:\/\/www.arbitrage-maritime.org\/CAMP-V3\/wp-content\/uploads\/2016\/02\/43.pdf\" target=\"_blank\" rel=\"noopener noreferrer\"><img loading=\"lazy\" decoding=\"async\" src=\"http:\/\/www.arbitrage-maritime.org\/CAMP-V3\/wp-content\/uploads\/2016\/02\/pdf.jpg\" alt=\"pdf\" width=\"25\" height=\"25\" class=\"alignnone size-full wp-image-384\" \/><\/a><\/td><td class=\"column-4\"><img loading=\"lazy\" decoding=\"async\" src=\"http:\/\/www.arbitrage-maritime.org\/CAMP-V3\/wp-content\/uploads\/2016\/02\/43.jpg\" alt=\"1\" width=\"50\" height=\"63\" class=\"alignnone size-full wp-image-381\" \/><\/td><td class=\"column-5\">Professeur agr\u00e9g\u00e9 de Droit <br \/>\nDoyen de la facult\u00e9 de droit de Nancy<\/td><td class=\"column-6\">Contentieux maritime<\/td>\n<\/tr>\n<tr class=\"row-6\">\n\t<td class=\"column-1\">CHENEVAL Jean-Fran\u00e7ois <br \/>\n<\/td><td class=\"column-2\">2010<\/td><td class=\"column-3\"><a href=\"http:\/\/www.arbitrage-maritime.org\/CAMP-V3\/wp-content\/uploads\/2016\/02\/61.pdf\" target=\"_blank\" rel=\"noopener noreferrer\"><img loading=\"lazy\" decoding=\"async\" src=\"http:\/\/www.arbitrage-maritime.org\/CAMP-V3\/wp-content\/uploads\/2016\/02\/pdf.jpg\" alt=\"pdf\" width=\"25\" height=\"25\" class=\"alignnone size-full wp-image-384\" \/><\/a><\/td><td class=\"column-4\"><img loading=\"lazy\" decoding=\"async\" src=\"http:\/\/www.arbitrage-maritime.org\/CAMP-V3\/wp-content\/uploads\/2016\/02\/61.jpg\" alt=\"1\" width=\"50\" height=\"63\" class=\"alignnone size-full wp-image-381\" \/><\/td><td class=\"column-5\">Ex Directeur juridique STX France  (Construction Navale)<br \/>\nEx Directeur juridique - GEC ALSTOM -acb<br \/>\nEx Responsable sinistres - Cabinet Bess\u00e9<\/td><td class=\"column-6\">Contentieux maritime - Litiges construction navale - <br \/>\nAssurance maritime<\/td>\n<\/tr>\n<tr class=\"row-7\">\n\t<td class=\"column-1\">DELEBECQUE Philippe <br \/>\n<\/td><td class=\"column-2\">1998<\/td><td class=\"column-3\"><a href=\"http:\/\/www.arbitrage-maritime.org\/CAMP-V3\/wp-content\/uploads\/2016\/02\/50.pdf\" target=\"_blank\" rel=\"noopener noreferrer\"><img loading=\"lazy\" decoding=\"async\" src=\"http:\/\/www.arbitrage-maritime.org\/CAMP-V3\/wp-content\/uploads\/2016\/02\/pdf.jpg\" alt=\"pdf\" width=\"25\" height=\"25\" class=\"alignnone size-full wp-image-384\" \/><\/a><\/td><td class=\"column-4\"><img loading=\"lazy\" decoding=\"async\" src=\"http:\/\/www.arbitrage-maritime.org\/CAMP-V3\/wp-content\/uploads\/2016\/02\/50.jpg\" alt=\"42\" width=\"50\" height=\"63\" class=\"alignnone size-full wp-image-381\" \/><\/td><td class=\"column-5\">Professeur agr\u00e9g\u00e9 de Droit <br \/>\nUniversit\u00e9 Paris <\/td><td class=\"column-6\">Contentieux maritime<\/td>\n<\/tr>\n<tr class=\"row-8\">\n\t<td class=\"column-1\">EDER Bernard<\/td><td class=\"column-2\">2025<\/td><td class=\"column-3\"><\/td><td class=\"column-4\"><\/td><td class=\"column-5\">High Council<\/td><td class=\"column-6\">Contentieux maritimes<\/td>\n<\/tr>\n<tr class=\"row-9\">\n\t<td class=\"column-1\">FAVAREL B\u00e9atrice<\/td><td class=\"column-2\">2019<\/td><td class=\"column-3\"><a href=\"http:\/\/www.arbitrage-maritime.org\/CAMP-V3\/wp-content\/uploads\/2016\/02\/98.pdf\" target=\"_blank\" rel=\"noopener noreferrer\"><img loading=\"lazy\" decoding=\"async\" src=\"http:\/\/www.arbitrage-maritime.org\/CAMP-V3\/wp-content\/uploads\/2016\/02\/pdf.jpg\" alt=\"pdf\" width=\"25\" height=\"25\" class=\"alignnone size-full wp-image-384\" \/><\/a><\/td><td class=\"column-4\"><img loading=\"lazy\" decoding=\"async\" src=\"http:\/\/www.arbitrage-maritime.org\/CAMP-V3\/wp-content\/uploads\/2016\/02\/98.jpg\" alt=\"42\" width=\"50\" height=\"63\" class=\"alignnone size-full wp-image-381\" \/><\/td><td class=\"column-5\">Avocat maritime<\/td><td class=\"column-6\">Contentieux maritime<br \/>\nDroit social des marins<br \/>\nDroit de l'environnement<\/td>\n<\/tr>\n<tr class=\"row-10\">\n\t<td class=\"column-1\">GODIN Philippe<\/td><td class=\"column-2\">2016<\/td><td class=\"column-3\"><\/td><td class=\"column-4\"><img loading=\"lazy\" decoding=\"async\" src=\"http:\/\/www.arbitrage-maritime.org\/CAMP-V3\/wp-content\/uploads\/2016\/02\/93.jpg\" alt=\"1\" width=\"50\" height=\"63\" class=\"alignnone size-full wp-image-381\" \/><\/td><td class=\"column-5\">Avocat (h) \u00e0 la Cour d'appel de Paris.<br \/>\nPr\u00e9sident Association Fran\u00e7aise de Droit Maritime (AFDM)<br \/>\n<\/td><td class=\"column-6\">Contentieux maritime<br \/>\nCommission de transport<br \/>\nTransport multimodal<\/td>\n<\/tr>\n<tr class=\"row-11\">\n\t<td class=\"column-1\">HAMSHER Mark <br \/>\n<\/td><td class=\"column-2\">1987<\/td><td class=\"column-3\"><\/td><td class=\"column-4\"><\/td><td class=\"column-5\">Bachelor civil law <br \/>\nBarrister\/arbitre LMAA<br \/>\n<\/td><td class=\"column-6\">Assurances respons. <br \/>\nAffr\u00e8tements<\/td>\n<\/tr>\n<tr class=\"row-12\">\n\t<td class=\"column-1\">HELIGON Gilles <\/td><td class=\"column-2\">2001<\/td><td class=\"column-3\"><a href=\"http:\/\/www.arbitrage-maritime.org\/CAMP-V3\/wp-content\/uploads\/2016\/02\/52.pdf\" target=\"_blank\" rel=\"noopener noreferrer\"><img loading=\"lazy\" decoding=\"async\" src=\"http:\/\/www.arbitrage-maritime.org\/CAMP-V3\/wp-content\/uploads\/2016\/02\/pdf.jpg\" alt=\"pdf\" width=\"25\" height=\"25\" class=\"alignnone size-full wp-image-384\" \/><\/a><\/td><td class=\"column-4\"><img loading=\"lazy\" decoding=\"async\" src=\"http:\/\/www.arbitrage-maritime.org\/CAMP-V3\/wp-content\/uploads\/2016\/02\/52.jpg\" alt=\"52\" width=\"50\" height=\"63\" class=\"alignnone size-full wp-image-381\" \/><\/td><td class=\"column-5\">Ma\u00eetrise droit <br \/>\nDipl\u00f4me 3e cycle IAE <br \/>\nResponsable sinistres <br \/>\nmaritimes AXA<\/td><td class=\"column-6\">Contentieux maritime <br \/>\nContrats transport <br \/>\nAssurances maritimes<\/td>\n<\/tr>\n<tr class=\"row-13\">\n\t<td class=\"column-1\">H\u00dcBNER Christian <\/td><td class=\"column-2\">2007<\/td><td class=\"column-3\"><\/td><td class=\"column-4\"><\/td><td class=\"column-5\">DESS Transports internationaux - Avocat <br \/>\nEx P&amp;I Club Raets - France <br \/>\nEx Direction juridique AXA <br \/>\nEx Courtage d'assurance <\/td><td class=\"column-6\">Assurances corps et facult\u00e9s <br \/>\nContentieux maritimes<\/td>\n<\/tr>\n<tr class=\"row-14\">\n\t<td class=\"column-1\">KENDE Christopher<\/td><td class=\"column-2\">2020<\/td><td class=\"column-3\"><a href=\"http:\/\/www.arbitrage-maritime.org\/CAMP-V3\/wp-content\/uploads\/2016\/02\/99.pdf\" target=\"_blank\" rel=\"noopener noreferrer\"><img loading=\"lazy\" decoding=\"async\" src=\"http:\/\/www.arbitrage-maritime.org\/CAMP-V3\/wp-content\/uploads\/2016\/02\/pdf.jpg\" alt=\"pdf\" width=\"25\" height=\"25\" class=\"alignnone size-full wp-image-384\" \/><\/a><\/td><td class=\"column-4\"><img loading=\"lazy\" decoding=\"async\" src=\"http:\/\/www.arbitrage-maritime.org\/CAMP-V3\/wp-content\/uploads\/2016\/02\/99.jpg\" alt=\"52\" width=\"50\" height=\"63\" class=\"alignnone size-full wp-image-381\" \/><\/td><td class=\"column-5\">Avocat am\u00e9ricain<br \/>\nBA-MA, Brown University<br \/>\nJuris Doctor, New York University School of Law<br \/>\nProfesseur adjoint de droit maritime, Brooklyn Law School <\/td><td class=\"column-6\">Litiges maritimes<br \/>\nPollution et droit de l\u2019environnement<br \/>\nAssurances maritimes \/ R\u00e9assurance<br \/>\nAffr\u00e8tements<br \/>\nLe \u2018\u201dJones Act\"<br \/>\nR\u00e8glementation des paquebots aux USA selon le Federal Maritime Commission<br \/>\n<\/td>\n<\/tr>\n<tr class=\"row-15\">\n\t<td class=\"column-1\">LAROQUE Herv\u00e9<\/td><td class=\"column-2\">2023<\/td><td class=\"column-3\"><a href=\"http:\/\/www.arbitrage-maritime.org\/CAMP-V3\/wp-content\/uploads\/2016\/02\/106.pdf\" target=\"_blank\" rel=\"noopener noreferrer\"><img loading=\"lazy\" decoding=\"async\" src=\"http:\/\/www.arbitrage-maritime.org\/CAMP-V3\/wp-content\/uploads\/2016\/02\/pdf.jpg\" alt=\"pdf\" width=\"25\" height=\"25\" class=\"alignnone size-full wp-image-384\" \/><\/a><\/td><td class=\"column-4\"><img decoding=\"async\" src=\"http:\/\/www.arbitrage-maritime.org\/CAMP-V3\/wp-content\/uploads\/2016\/02\/106.jpg\" alt=\"106\"  class=\"alignnone size-full wp-image-381\" \/><\/td><td class=\"column-5\">Avocat honoraire<br \/>\r\nDES Sciences criminelles<br \/>\r\nAncien Assistant \u00e0 la facult\u00e9 de droit de Paris 2<\/td><td class=\"column-6\">Contentieux maritime<\/td>\n<\/tr>\n<tr class=\"row-16\">\n\t<td class=\"column-1\">MAOUENE Mostefa<\/td><td class=\"column-2\">2025<\/td><td class=\"column-3\"><a href=\"http:\/\/www.arbitrage-maritime.org\/CAMP-V3\/wp-content\/uploads\/2016\/02\/107.pdf\" target=\"_blank\" rel=\"noopener noreferrer\"><img loading=\"lazy\" decoding=\"async\" src=\"http:\/\/www.arbitrage-maritime.org\/CAMP-V3\/wp-content\/uploads\/2016\/02\/pdf.jpg\" alt=\"pdf\" width=\"25\" height=\"25\" class=\"alignnone size-full wp-image-384\" \/><\/a><\/td><td class=\"column-4\"><\/td><td class=\"column-5\">Professeur agr\u00e9g\u00e9 de Droit<br \/>\r\nUniversit\u00e9. , Alg\u00e9rie<\/td><td class=\"column-6\">Litiges maritimes<\/td>\n<\/tr>\n<tr class=\"row-17\">\n\t<td class=\"column-1\">MARCQ Jean-Patrick <br \/>\n<\/td><td class=\"column-2\">2003<\/td><td class=\"column-3\"><a href=\"http:\/\/www.arbitrage-maritime.org\/CAMP-V3\/wp-content\/uploads\/2016\/02\/54.pdf\" target=\"_blank\" rel=\"noopener noreferrer\"><img loading=\"lazy\" decoding=\"async\" src=\"http:\/\/www.arbitrage-maritime.org\/CAMP-V3\/wp-content\/uploads\/2016\/02\/pdf.jpg\" alt=\"pdf\" width=\"25\" height=\"25\" class=\"alignnone size-full wp-image-384\" \/><\/a><\/td><td class=\"column-4\"><img loading=\"lazy\" decoding=\"async\" src=\"http:\/\/www.arbitrage-maritime.org\/CAMP-V3\/wp-content\/uploads\/2016\/02\/54.jpg\" alt=\"54\" width=\"50\" height=\"63\" class=\"alignnone size-full wp-image-381\" \/><\/td><td class=\"column-5\">DESS \u00e9conomie <br \/>\nDEA droit maritime <br \/>\nAIG Ex Gras Savoye <br \/>\nEx Directeur CESAM<\/td><td class=\"column-6\">Assurances maritimes<\/td>\n<\/tr>\n<tr class=\"row-18\">\n\t<td class=\"column-1\">MBAPPE PENDA Auguste<\/td><td class=\"column-2\">2024<\/td><td class=\"column-3\"><a href=\"http:\/\/www.arbitrage-maritime.org\/CAMP-V3\/wp-content\/uploads\/2016\/02\/109.pdf\" target=\"_blank\" rel=\"noopener noreferrer\"><img loading=\"lazy\" decoding=\"async\" src=\"http:\/\/www.arbitrage-maritime.org\/CAMP-V3\/wp-content\/uploads\/2016\/02\/pdf.jpg\" alt=\"pdf\" width=\"25\" height=\"25\" class=\"alignnone size-full wp-image-384\" \/><\/a><\/td><td class=\"column-4\"><img decoding=\"async\" src=\"http:\/\/www.arbitrage-maritime.org\/CAMP-V3\/wp-content\/uploads\/2016\/02\/109.jpg\" alt=\"54\" class=\"alignnone size-full wp-image-381\" \/><\/td><td class=\"column-5\">Directeur g\u00e9n\u00e9ral du Conseil g\u00e9n\u00e9ral des Chargeurs du Cameroun<\/td><td class=\"column-6\">Contentieux maritime<\/td>\n<\/tr>\n<tr class=\"row-19\">\n\t<td class=\"column-1\">MERLIN Claire<\/td><td class=\"column-2\">2024<\/td><td class=\"column-3\"><a href=\"http:\/\/www.arbitrage-maritime.org\/CAMP-V3\/wp-content\/uploads\/2016\/02\/110.pdf\" target=\"_blank\" rel=\"noopener noreferrer\"><img loading=\"lazy\" decoding=\"async\" src=\"http:\/\/www.arbitrage-maritime.org\/CAMP-V3\/wp-content\/uploads\/2016\/02\/pdf.jpg\" alt=\"pdf\" width=\"25\" height=\"25\" class=\"alignnone size-full wp-image-384\" \/><\/a><\/td><td class=\"column-4\"><\/td><td class=\"column-5\">Docteur en Droit<br \/>\r\nDirectrice g\u00e9n\u00e9rale du Port autonome de Strasbourg<br \/>\r\nDirectrice de la strat\u00e9gie, du pilotage et des affaires juridiques GPM Marseille<\/td><td class=\"column-6\">Contentieux maritime<\/td>\n<\/tr>\n<tr class=\"row-20\">\n\t<td class=\"column-1\">NEFFOUS Mohammed Mankour<\/td><td class=\"column-2\">2022<\/td><td class=\"column-3\"><a href=\"http:\/\/www.arbitrage-maritime.org\/CAMP-V3\/wp-content\/uploads\/2016\/02\/104.pdf\" target=\"_blank\" rel=\"noopener noreferrer\"><img loading=\"lazy\" decoding=\"async\" src=\"http:\/\/www.arbitrage-maritime.org\/CAMP-V3\/wp-content\/uploads\/2016\/02\/pdf.jpg\" alt=\"pdf\" width=\"25\" height=\"25\" class=\"alignnone size-full wp-image-384\" \/><\/a><\/td><td class=\"column-4\"><img loading=\"lazy\" decoding=\"async\" src=\"http:\/\/www.arbitrage-maritime.org\/CAMP-V3\/wp-content\/uploads\/2016\/02\/104.jpg\" alt=\"104\" width=\"50\" height=\"63\" class=\"alignnone size-full wp-image-381\" \/><br \/>\n<\/td><td class=\"column-5\">DESS Droit maritime<br \/>\nDU Droit compar\u00e9 - Copenhague<br \/>\nNeffous Shipping &amp; Consulting<br \/>\nCorrespondant P&amp;I clubs<\/td><td class=\"column-6\">Contentieux maritimes<br \/>\n<\/td>\n<\/tr>\n<tr class=\"row-21\">\n\t<td class=\"column-1\">NDENDE Martin <\/td><td class=\"column-2\">2013<\/td><td class=\"column-3\"><a href=\"http:\/\/www.arbitrage-maritime.org\/CAMP-V3\/wp-content\/uploads\/2016\/02\/55.pdf\" target=\"_blank\" rel=\"noopener noreferrer\"><img loading=\"lazy\" decoding=\"async\" src=\"http:\/\/www.arbitrage-maritime.org\/CAMP-V3\/wp-content\/uploads\/2016\/02\/pdf.jpg\" alt=\"pdf\" width=\"25\" height=\"25\" class=\"alignnone size-full wp-image-384\" \/><\/a><\/td><td class=\"column-4\"><img loading=\"lazy\" decoding=\"async\" src=\"http:\/\/www.arbitrage-maritime.org\/CAMP-V3\/wp-content\/uploads\/2016\/02\/55.jpg\" alt=\"1\" width=\"50\" height=\"63\" class=\"alignnone size-full wp-image-381\" \/><\/td><td class=\"column-5\">Professeur agr\u00e9g\u00e9 de Droit  <br \/>\nUniversit\u00e9 Nantes, France <br \/>\nConseiller Juridique Hors Classe aux <br \/>\nNations Unies, CEA <br \/>\n(Commission Economique de l'ONU pour l'Afrique).<\/td><td class=\"column-6\">Contentieux maritime<\/td>\n<\/tr>\n<tr class=\"row-22\">\n\t<td class=\"column-1\">PIETTE Ga\u00ebl<\/td><td class=\"column-2\">2020<\/td><td class=\"column-3\"><a href=\"http:\/\/www.arbitrage-maritime.org\/CAMP-V3\/wp-content\/uploads\/2016\/02\/100.pdf\" target=\"_blank\" rel=\"noopener noreferrer\"><img loading=\"lazy\" decoding=\"async\" src=\"http:\/\/www.arbitrage-maritime.org\/CAMP-V3\/wp-content\/uploads\/2016\/02\/pdf.jpg\" alt=\"pdf\" width=\"25\" height=\"25\" class=\"alignnone size-full wp-image-384\" \/><\/a><\/td><td class=\"column-4\"><img loading=\"lazy\" decoding=\"async\" src=\"http:\/\/www.arbitrage-maritime.org\/CAMP-V3\/wp-content\/uploads\/2016\/02\/100.jpg\" alt=\"54\" width=\"50\" height=\"63\" class=\"alignnone size-full wp-image-381\" \/><\/td><td class=\"column-5\">Professeur agr\u00e9g\u00e9 de Droit<br \/>\nUniversit\u00e9 de Bordeaux<\/td><td class=\"column-6\">Litiges maritimes<\/td>\n<\/tr>\n<tr class=\"row-23\">\n\t<td class=\"column-1\">PLURIEN Delphine<\/td><td class=\"column-2\">2018<\/td><td class=\"column-3\"><a href=\"http:\/\/www.arbitrage-maritime.org\/CAMP-V3\/wp-content\/uploads\/2016\/02\/94.pdf\" target=\"_blank\" rel=\"noopener noreferrer\"><img loading=\"lazy\" decoding=\"async\" src=\"http:\/\/www.arbitrage-maritime.org\/CAMP-V3\/wp-content\/uploads\/2016\/02\/pdf.jpg\" alt=\"pdf\" width=\"25\" height=\"25\" class=\"alignnone size-full wp-image-384\" \/><\/a><\/td><td class=\"column-4\"><img loading=\"lazy\" decoding=\"async\" src=\"http:\/\/www.arbitrage-maritime.org\/CAMP-V3\/wp-content\/uploads\/2016\/02\/94.jpg\" alt=\"54\" width=\"50\" height=\"63\" class=\"alignnone size-full wp-image-381\" \/><\/td><td class=\"column-5\">Masters II :<br \/>\nDroit maritime et oc\u00e9anique<br \/>\nDroit des affaires internationales<br \/>\nDroit priv\u00e9<br \/>\nBachelor in maritime law Southampton<br \/>\nResponsable juridique Groupe PIRIOU<br \/>\nEx Dir. Juridique Louis Dreyfus Armateurs<br \/>\n<\/td><td class=\"column-6\">Constructions &amp; R\u00e9parations navales<br \/>\nTransports &amp; Affr\u00e8tements<br \/>\nAchats &amp; Ventes navires<br \/>\nOp\u00e9rations &amp; Services maritimes<br \/>\nPartenariats<br \/>\nContentieux maritimes<br \/>\n<\/td>\n<\/tr>\n<tr class=\"row-24\">\n\t<td class=\"column-1\">RAYNAUT Julien<\/td><td class=\"column-2\">2018<\/td><td class=\"column-3\"><a href=\"http:\/\/www.arbitrage-maritime.org\/CAMP-V3\/wp-content\/uploads\/2016\/02\/95.pdf\" target=\"_blank\" rel=\"noopener noreferrer\"><img loading=\"lazy\" decoding=\"async\" src=\"http:\/\/www.arbitrage-maritime.org\/CAMP-V3\/wp-content\/uploads\/2016\/02\/pdf.jpg\" alt=\"pdf\" width=\"25\" height=\"25\" class=\"alignnone size-full wp-image-384\" \/><\/a><\/td><td class=\"column-4\"><img loading=\"lazy\" decoding=\"async\" src=\"http:\/\/www.arbitrage-maritime.org\/CAMP-V3\/wp-content\/uploads\/2016\/02\/95.jpg\" alt=\"42\" width=\"50\" height=\"63\" class=\"alignnone size-full wp-image-381\" \/><\/td><td class=\"column-5\">- Master 2 en Droit Maritime et des Transports <br \/>\n- Master 2 de Droit Compar\u00e9 <br \/>\n- Master en Droit des Affaires <br \/>\n- Directeur Juridique Bureau Veritas Maritime &amp; Offshore<br \/>\n- Ex Responsable Juridique de SBM Offshore \u00e0 Monaco (construction offshore p\u00e9troli\u00e8re) <br \/>\n- Ex responsable des activit\u00e9s Maritimes et GNL \u00e0 la Direction Juridique d'ENGIE <\/td><td class=\"column-6\">Contentieux Maritime <br \/>\nConstruction navale<br \/>\nR\u00e9paration navale <br \/>\nAffr\u00e8tements <br \/>\nContrats de vente<\/td>\n<\/tr>\n<tr class=\"row-25\">\n\t<td class=\"column-1\">REBORA Jean-Fran\u00e7ois <\/td><td class=\"column-2\">2015<\/td><td class=\"column-3\"><\/td><td class=\"column-4\"><\/td><td class=\"column-5\">Docteur en Droit <br \/>\nDroit des transports <br \/>\nDroit des affaires <br \/>\nDirecteur France P&amp;I<\/td><td class=\"column-6\">Contentieux maritime <br \/>\nP&amp;I Clubs <br \/>\nContrat transports <br \/>\nAffr\u00e8tement <br \/>\nAssurance maritime<\/td>\n<\/tr>\n<tr class=\"row-26\">\n\t<td class=\"column-1\">SALOTTI Antoine <br \/>\n<\/td><td class=\"column-2\">2005<\/td><td class=\"column-3\"><a href=\"http:\/\/www.arbitrage-maritime.org\/CAMP-V3\/wp-content\/uploads\/2016\/02\/58.pdf\" target=\"_blank\" rel=\"noopener noreferrer\"><img loading=\"lazy\" decoding=\"async\" src=\"http:\/\/www.arbitrage-maritime.org\/CAMP-V3\/wp-content\/uploads\/2016\/02\/pdf.jpg\" alt=\"pdf\" width=\"25\" height=\"25\" class=\"alignnone size-full wp-image-384\" \/><\/a><\/td><td class=\"column-4\"><img loading=\"lazy\" decoding=\"async\" src=\"http:\/\/www.arbitrage-maritime.org\/CAMP-V3\/wp-content\/uploads\/2016\/02\/58.jpg\" alt=\"54\" width=\"50\" height=\"63\" class=\"alignnone size-full wp-image-381\" \/><\/td><td class=\"column-5\">DESS Droit maritime <br \/>\nExpert maritime (Hydromar), Ex-Budd &amp; Wiggins<\/td><td class=\"column-6\">Contentieux maritime <br \/>\nAssurances corps et facult\u00e9s <br \/>\nP&amp;I Clubs <\/td>\n<\/tr>\n<tr class=\"row-27\">\n\t<td class=\"column-1\">SIOUFI Georges <\/td><td class=\"column-2\">2002<\/td><td class=\"column-3\"><a href=\"http:\/\/www.arbitrage-maritime.org\/CAMP-V3\/wp-content\/uploads\/2016\/02\/59.pdf\" target=\"_blank\" rel=\"noopener noreferrer\"><img loading=\"lazy\" decoding=\"async\" src=\"http:\/\/www.arbitrage-maritime.org\/CAMP-V3\/wp-content\/uploads\/2016\/02\/pdf.jpg\" alt=\"pdf\" width=\"25\" height=\"25\" class=\"alignnone size-full wp-image-384\" \/><\/a><\/td><td class=\"column-4\"><img loading=\"lazy\" decoding=\"async\" src=\"http:\/\/www.arbitrage-maritime.org\/CAMP-V3\/wp-content\/uploads\/2016\/02\/59.jpg\" alt=\"42\" width=\"50\" height=\"63\" class=\"alignnone size-full wp-image-381\" \/><\/td><td class=\"column-5\">DESS Droit Maritime \u2013 Aix Marseille<br \/>\nMaitrise Droit Priv\u00e9 - Paris II Assas<br \/>\nDroit des Affaires<br \/>\nAvocat \u00e0 la Cour<br \/>\nEx-Directeur Juridique CMA CGM<\/td><td class=\"column-6\">Contentieux maritime <br \/>\nAffr\u00e8tements - Transports maritimes<\/td>\n<\/tr>\n<tr class=\"row-28\">\n\t<td class=\"column-1\">TOUCHARD Gabriel <\/td><td class=\"column-2\">2011<\/td><td class=\"column-3\"><a href=\"http:\/\/www.arbitrage-maritime.org\/CAMP-V3\/wp-content\/uploads\/2016\/02\/76.pdf\" target=\"_blank\" rel=\"noopener noreferrer\"><img loading=\"lazy\" decoding=\"async\" src=\"http:\/\/www.arbitrage-maritime.org\/CAMP-V3\/wp-content\/uploads\/2016\/02\/pdf.jpg\" alt=\"pdf\" width=\"25\" height=\"25\" class=\"alignnone size-full wp-image-384\" \/><\/a><\/td><td class=\"column-4\"><img loading=\"lazy\" decoding=\"async\" src=\"http:\/\/www.arbitrage-maritime.org\/CAMP-V3\/wp-content\/uploads\/2016\/02\/76.jpg\" alt=\"42\" width=\"50\" height=\"63\" class=\"alignnone size-full wp-image-381\" \/><\/td><td class=\"column-5\">DESS Droit de la mer et des activit\u00e9s maritimes <br \/>\nMa\u00eetrise de droit international priv\u00e9 et europ\u00e9en <br \/>\nDirection juridique ENGIE<\/td><td class=\"column-6\">Contentieux maritime <br \/>\nContrats transport <br \/>\nAffr\u00eatements <br \/>\nContrats de vente <br \/>\nAssurance maritime<\/td>\n<\/tr>\n<tr class=\"row-29\">\n\t<td class=\"column-1\">WILLIATTE Jean-Fran\u00e7ois<br \/>\n<br \/>\n<br \/>\n<\/td><td class=\"column-2\">2018<\/td><td class=\"column-3\"><a href=\"http:\/\/www.arbitrage-maritime.org\/CAMP-V3\/wp-content\/uploads\/2016\/02\/96.pdf\" target=\"_blank\" rel=\"noopener noreferrer\"><img loading=\"lazy\" decoding=\"async\" src=\"http:\/\/www.arbitrage-maritime.org\/CAMP-V3\/wp-content\/uploads\/2016\/02\/pdf.jpg\" alt=\"pdf\" width=\"25\" height=\"25\" class=\"alignnone size-full wp-image-384\" \/><\/a><\/td><td class=\"column-4\"><img loading=\"lazy\" decoding=\"async\" src=\"http:\/\/www.arbitrage-maritime.org\/CAMP-V3\/wp-content\/uploads\/2016\/02\/96.jpg\" alt=\"42\" width=\"50\" height=\"63\" class=\"alignnone size-full wp-image-381\" \/><\/td><td class=\"column-5\">DEA Droit des affaires et droit \u00e9conomique<br \/>\nESC Le Havre<br \/>\nEx responsable services sinistres Cabinet Besse Nantes<br \/>\nEx secr\u00e9taire g\u00e9n\u00e9ral adjoint CESAM Le Havre<br \/>\n<\/td><td class=\"column-6\">Contentieux maritime<br \/>\nAssurances maritimes<\/td>\n<\/tr>\n<\/tbody>\n<\/table>\n<!-- #tablepress-2 from cache --><\/p>\n","protected":false},"excerpt":{"rendered":"<p>JURISTES | PRATICIENS DU COMMERCE MARITIME | TECHNICIENS | TOUS LES ARBITRES<\/p>\n","protected":false},"author":1,"featured_media":0,"parent":371,"menu_order":0,"comment_status":"closed","ping_status":"closed","template":"fullwidth.php","meta":{"_monsterinsights_skip_tracking":false,"_monsterinsights_sitenote_active":false,"_monsterinsights_sitenote_note":"","_monsterinsights_sitenote_category":0,"footnotes":""},"class_list":["post-420","page","type-page","status-publish","hentry"],"_links":{"self":[{"href":"https:\/\/www.arbitrage-maritime.org\/CAMP-V3\/wp-json\/wp\/v2\/pages\/420","targetHints":{"allow":["GET"]}}],"collection":[{"href":"https:\/\/www.arbitrage-maritime.org\/CAMP-V3\/wp-json\/wp\/v2\/pages"}],"about":[{"href":"https:\/\/www.arbitrage-maritime.org\/CAMP-V3\/wp-json\/wp\/v2\/types\/page"}],"author":[{"embeddable":true,"href":"https:\/\/www.arbitrage-maritime.org\/CAMP-V3\/wp-json\/wp\/v2\/users\/1"}],"replies":[{"embeddable":true,"href":"https:\/\/www.arbitrage-maritime.org\/CAMP-V3\/wp-json\/wp\/v2\/comments?post=420"}],"version-history":[{"count":38,"href":"https:\/\/www.arbitrage-maritime.org\/CAMP-V3\/wp-json\/wp\/v2\/pages\/420\/revisions"}],"predecessor-version":[{"id":1097,"href":"https:\/\/www.arbitrage-maritime.org\/CAMP-V3\/wp-json\/wp\/v2\/pages\/420\/revisions\/1097"}],"up":[{"embeddable":true,"href":"https:\/\/www.arbitrage-maritime.org\/CAMP-V3\/wp-json\/wp\/v2\/pages\/371"}],"wp:attachment":[{"href":"https:\/\/www.arbitrage-maritime.org\/CAMP-V3\/wp-json\/wp\/v2\/media?parent=420"}],"curies":[{"name":"wp","href":"https:\/\/api.w.org\/{rel}","templated":true}]}}