{"id":6078,"date":"2018-07-11T09:17:04","date_gmt":"2018-07-11T08:17:04","guid":{"rendered":"https:\/\/www.arbitrage-maritime.org\/CAMP-V3\/?page_id=6078"},"modified":"2018-07-11T09:19:37","modified_gmt":"2018-07-11T08:19:37","slug":"formation","status":"publish","type":"page","link":"https:\/\/www.arbitrage-maritime.org\/CAMP-V3\/formation\/","title":{"rendered":"Formation"},"content":{"rendered":"<p>Formation \u00ab\u00a0sur mesure\u00a0\u00bb, mise \u00e0 jour des connaissances.<\/p>\n<p>Il peut avoir un besoin chez les professionnels, qui ont termin\u00e9 leurs \u00e9tudes depuis quelque temps, d\u2019\u00e9ventuelles mises \u00e0 jour des connaissances.<\/p>\n<p>Forte de l\u2019expe\u0301rience et de la compe\u0301tence de ses arbitres, la Chambre arbitrale maritime de Paris est a\u0300 me\u0302me de proposer des formations ponctuelles \u201csur mesure\u201d aux collaborateurs des entreprises, PME ou groupes internationaux.<\/p>\n<p>Nous avons eu, par exemple, l\u2019occasion d&rsquo;organiser des formations permettant \u00e0 quelques collaborateurs d\u2019une soci\u00e9t\u00e9 de n\u00e9goce international de mettre a\u0300 jour ou d\u2019acque\u0301rir des connaissances juridiques axe\u0301es sur le droit maritime, les principes de l\u2019assurance maritime et les principales notions d\u2019affre\u0300tement. <\/p>\n<p>Ce sont g\u00e9n\u00e9ralement les th\u00e8mes qui nous sont demand\u00e9s, toutefois, le panel des diff\u00e9rents m\u00e9tiers de nos arbitres permet d\u2019adapter la formation \u00e0 toute demande.<\/p>\n<p>Ces stages, e\u0301taye\u0301s par l\u2019e\u0301tude de cas pratiques, et qui ne re\u0301unissent que quelques participants sont adapte\u0301s aux besoins de chaque entite\u0301 et peuvent e\u0302tre module\u0301s sur un ou plusieurs jours.<br \/>\nLe nombre peu e\u0301leve\u0301 de participants permet un e\u0301change privile\u0301gie\u0301 avec les intervenants qui re\u0301pondent aux questions et aux cas pratiques rencontre\u0301s dans les entreprises.<\/p>\n<p>Pour de plus amples renseignements et \u00e9tudes, contacter le secr\u00e9tariat de la Chambre<\/p>\n","protected":false},"excerpt":{"rendered":"<p>Formation \u00ab\u00a0sur mesure\u00a0\u00bb, mise \u00e0 jour des connaissances. Il peut avoir un besoin chez les professionnels, qui ont termin\u00e9 leurs \u00e9tudes depuis quelque temps, d\u2019\u00e9ventuelles mises \u00e0 jour des connaissances. Forte de l\u2019expe\u0301rience et de la compe\u0301tence de ses arbitres, la Chambre arbitrale maritime de Paris est a\u0300 me\u0302me de proposer des formations ponctuelles \u201csur<\/p>\n","protected":false},"author":1,"featured_media":0,"parent":0,"menu_order":0,"comment_status":"closed","ping_status":"closed","template":"fullwidth.php","meta":{"_monsterinsights_skip_tracking":false,"_monsterinsights_sitenote_active":false,"_monsterinsights_sitenote_note":"","_monsterinsights_sitenote_category":0,"footnotes":""},"class_list":["post-6078","page","type-page","status-publish","hentry"],"_links":{"self":[{"href":"https:\/\/www.arbitrage-maritime.org\/CAMP-V3\/wp-json\/wp\/v2\/pages\/6078","targetHints":{"allow":["GET"]}}],"collection":[{"href":"https:\/\/www.arbitrage-maritime.org\/CAMP-V3\/wp-json\/wp\/v2\/pages"}],"about":[{"href":"https:\/\/www.arbitrage-maritime.org\/CAMP-V3\/wp-json\/wp\/v2\/types\/page"}],"author":[{"embeddable":true,"href":"https:\/\/www.arbitrage-maritime.org\/CAMP-V3\/wp-json\/wp\/v2\/users\/1"}],"replies":[{"embeddable":true,"href":"https:\/\/www.arbitrage-maritime.org\/CAMP-V3\/wp-json\/wp\/v2\/comments?post=6078"}],"version-history":[{"count":1,"href":"https:\/\/www.arbitrage-maritime.org\/CAMP-V3\/wp-json\/wp\/v2\/pages\/6078\/revisions"}],"predecessor-version":[{"id":6080,"href":"https:\/\/www.arbitrage-maritime.org\/CAMP-V3\/wp-json\/wp\/v2\/pages\/6078\/revisions\/6080"}],"wp:attachment":[{"href":"https:\/\/www.arbitrage-maritime.org\/CAMP-V3\/wp-json\/wp\/v2\/media?parent=6078"}],"curies":[{"name":"wp","href":"https:\/\/api.w.org\/{rel}","templated":true}]}}