{"id":6712,"date":"2021-04-13T09:36:33","date_gmt":"2021-04-13T08:36:33","guid":{"rendered":"https:\/\/www.arbitrage-maritime.org\/CAMP-V3\/?page_id=6712"},"modified":"2024-01-04T16:50:58","modified_gmt":"2024-01-04T15:50:58","slug":"sentences-recentes","status":"publish","type":"page","link":"https:\/\/www.arbitrage-maritime.org\/CAMP-V3\/sentences-recentes\/","title":{"rendered":"Sentences r\u00e9centes"},"content":{"rendered":"<style>\n.column-1\n{\nwidth:250px;\nfont-weight:bold;\n}\n.column-4 .fa\n{\n    font: normal normal normal 13px\/1 arial;\n    margin-left: 50px;\n}\n.fa {\n    display: inline-block;\n    font: normal normal normal 14px\/1 FontAwesome;\n    font-size: inherit;\n    text-rendering: auto;\n    -webkit-font-smoothing: antialiased;\n    -moz-osx-font-smoothing: grayscale;\n    transform: translate(0, 0);\n}\n<\/style>\n<p><b>La Chambre met \u00e0 disposition des internautes dans le tableau ci-dessous les \u00ab\u00a0r\u00e9sum\u00e9s des r\u00e9sum\u00e9s\u00a0\u00bb des sentences.<\/b><\/p>\n<p>Le Secr\u00e9tariat de la Chambre \u00e9dite un sommaire des sentences rendues et devenues d\u00e9finitives au cours des mois pr\u00e9c\u00e9dents.<br \/>\nLes r\u00e9sum\u00e9s peuvent \u00eatre obtenus par abonnement annuel, en cliquant sur le lien ci-dessous, et envoy\u00e9s soit par courrier ordinaire, soit par e mail. Le co\u00fbt de cet abonnement annuel est de <strong>46 Euros HT<\/strong>.<br \/>\nEn cas d\u2019int\u00e9r\u00eat particulier, une sentence peut \u00eatre obtenue dans son int\u00e9gralit\u00e9 (apr\u00e8s effacement du nom du navire et des parties \u00e0 la cause) au prix de <strong>23 Euros HT<\/strong><br \/>\nS&rsquo;abonner ou commander une (ou des) sentence(s) en pr\u00e9cisant le num\u00e9ro et la date de la (ou des) sentence(s) <a href=\"..\/abonnement\/\"><strong>en cliquant ici<\/strong><\/a>.<\/p>\n<p><b>Sont r\u00e9pertori\u00e9es dans ces pages, toutes les sentences rendues depuis f\u00e9vrier 2018.<\/b><br \/>\n\n<table id=\"tablepress-37\" class=\"tablepress tablepress-id-37 tablepress-responsive\">\n<thead>\n<tr class=\"row-1\">\n\t<th class=\"column-1\"><strong>N\u00b0 de Sentence<\/strong><\/th><th class=\"column-2\">Date de parution<\/th><th class=\"column-3\">Mots cl\u00e9s<\/th><th class=\"column-4\">T\u00e9l\u00e9chargement<\/th>\n<\/tr>\n<\/thead>\n<tbody class=\"row-striping row-hover\">\n<tr class=\"row-2\">\n\t<td class=\"column-1\"><strong>R\u00e9sum\u00e9 de la sentence N\u00b01261<\/strong><\/td><td class=\"column-2\">06-2022<\/td><td class=\"column-3\">Sentence 1261 : Affr\u00e8tement. Remorqueurs. Towhire 2008, Mise \u00e0 disposition. Retards. Charte-Partie. R\u00e9siliation. Bien fond\u00e9. Pr\u00e9judices. R\u00e9paration. <\/td><td class=\"column-4\"><a href=\"..\/2022\/06\/02\/sentence-1261\/\/\"  class=\"fa\">Lire<\/a><\/td>\n<\/tr>\n<tr class=\"row-3\">\n\t<td class=\"column-1\"><strong>R\u00e9sum\u00e9 de la sentence N\u00b01260<\/strong><\/td><td class=\"column-2\">03-2022<\/td><td class=\"column-3\">Sentence 1260 : Transport maritime. Conteneurs tomb\u00e9s \u00e0 la mer. Transporteur. Responsabilit\u00e9. Recours contre le manutentionnaire. Droit applicable. <\/td><td class=\"column-4\"><a href=\"..\/2022\/03\/15\/sentence-1260\/\/\"  class=\"fa\">Lire<\/a><\/td>\n<\/tr>\n<tr class=\"row-4\">\n\t<td class=\"column-1\"><strong>R\u00e9sum\u00e9 de la sentence N\u00b01259<\/strong><\/td><td class=\"column-2\">02-2022<\/td><td class=\"column-3\">Sentence 1259 : Assurances facult\u00e9s. Tierce d\u00e9tention. Contrats successifs. Risques. D\u00e9claration inexacte. Bonne foi (non). Couverture (non). Risques putatifs (non).<br \/>\n<\/td><td class=\"column-4\"><a href=\"..\/2022\/02\/03\/sentence-1259\/\/\"  class=\"fa\">Lire<\/a><\/td>\n<\/tr>\n<tr class=\"row-5\">\n\t<td class=\"column-1\"><strong>R\u00e9sum\u00e9 de la sentence N\u00b01258<\/strong><\/td><td class=\"column-2\">02-2022<\/td><td class=\"column-3\">Sentence 1258 : 2nd degr\u00e9 - Affr\u00e8tement au voyage. Gencon. Surestaries.Per weather working day, Statements of facts divergents. Primaut\u00e9. Statement sign\u00e9 d\u2019une mani\u00e8re contradictoire.<\/td><td class=\"column-4\"><a href=\"..\/2022\/02\/25\/resume-de-la-sentence-n1258\/\/\"  class=\"fa\">Lire<\/a><\/td>\n<\/tr>\n<tr class=\"row-6\">\n\t<td class=\"column-1\"><strong>R\u00e9sum\u00e9 de la sentence N\u00b01257<\/strong><\/td><td class=\"column-2\">09-2021<\/td><td class=\"column-3\">Sentence 1257 : Contrat de manutention portuaire - Heurt par le portique du terminal de manutention lors de son d\u00e9placement d'une \u201cbay\u201d \u00e0 l'autre de la grue monorail du bord - Responsabilit\u00e9s partag\u00e9es entre l'armateur et le manutentionnaire.\u2028<\/td><td class=\"column-4\"><a href=\"..\/2021\/09\/15\/sentence-1257\/\/\"  class=\"fa\">Lire<\/a><\/td>\n<\/tr>\n<tr class=\"row-7\">\n\t<td class=\"column-1\"><strong>R\u00e9sum\u00e9 de la sentence N\u00b01256<\/strong><\/td><td class=\"column-2\">03-2021<\/td><td class=\"column-3\">Sentence 1256 : Synacomex 90 - Bl\u00e9 en vrac - Manquants - Droit pour l\u2019affr\u00e9teur d\u2019engager une action contractuelle contre le fr\u00e9teur sur le fondement d\u2019une charte au voyage - Marge d\u2019incertitude sur les \u201cdraft surveys\u201d et r\u00e9partition entre les parties - Freinte de route.\u2028<\/td><td class=\"column-4\"><a href=\"..\/2021\/03\/04\/sentence-1256\/\/\"  class=\"fa\">Lire<\/a><\/td>\n<\/tr>\n<tr class=\"row-8\">\n\t<td class=\"column-1\"><strong>R\u00e9sum\u00e9 de la sentence N\u00b01255<\/strong><\/td><td class=\"column-2\">04-2021<\/td><td class=\"column-3\">Sentence 1255 : 2nd degr\u00e9 - Gencon - Avarie cargaison - Mat\u00e9rialit\u00e9 du dommage \/ Volume et qualit\u00e9 du polluant \u2013 Responsabilit\u00e9 \/ Navigabilit\u00e9 commerciale - Obligation de r\u00e9sultat - Inspection des cales-fautives - Notice of readiness (NOR) non exon\u00e9ratoire \/ Quantum du dommage - Valeur en sauvetage seule base de l\u2019indemnisation. <\/td><td class=\"column-4\"><a href=\"..\/2021\/04\/09\/sentence-1255\/\/\"  class=\"fa\">Lire<\/a><\/td>\n<\/tr>\n<tr class=\"row-9\">\n\t<td class=\"column-1\"><strong>R\u00e9sum\u00e9 de la sentence N\u00b01254<\/strong><\/td><td class=\"column-2\">01-2021<\/td><td class=\"column-3\">Contrat international d\u2019engagement maritime sur un yacht - Non-paiement des salaires - Proc\u00e9dure d\u2019urgence (oui) - Comp\u00e9tence de la CAMP (oui) - Rupture unilat\u00e9rale du contrat de travail (oui) - Remboursement de frais et paiement de salaires.<\/td><td class=\"column-4\"><a href=\"..\/2021\/01\/25\/sentence-1254\/\/\"  class=\"fa\">Lire<\/a><\/td>\n<\/tr>\n<tr class=\"row-10\">\n\t<td class=\"column-1\"><strong>R\u00e9sum\u00e9 de la sentence N\u00b01253<\/strong><\/td><td class=\"column-2\">12-2020<\/td><td class=\"column-3\">2nd degr\u00e9 - Affr\u00e8tement au voyage - Charte-partie Synacomex - Ports de d\u00e9chargement non mentionn\u00e9s dans la charte-partie - Garantie de l\u2019affr\u00e9teur sur une limite de tirant d\u2019eau au(x) port(s) de d\u00e9chargement - Port s\u00fbr (non).<\/td><td class=\"column-4\"><a href=\"..\/2020\/12\/21\/sentence-1253\/\/\"  class=\"fa\">Lire<\/a><\/td>\n<\/tr>\n<tr class=\"row-11\">\n\t<td class=\"column-1\"><strong>R\u00e9sum\u00e9 de la sentence N\u00b01252<\/strong><\/td><td class=\"column-2\">12-2020<\/td><td class=\"column-3\">Affr\u00e8tement - Fr\u00e9teur - Navire retard\u00e9 au d\u00e9part en raison de la remise tardive de certificats phytosanitaires - Effets - Responsabilit\u00e9 de l\u2019affr\u00e9teur - Soci\u00e9t\u00e9 cr\u00e9anci\u00e8re de l\u2019affr\u00e9teur - Saisie du navire - Saisie injustifi\u00e9e - Responsabilit\u00e9s partag\u00e9es.<\/td><td class=\"column-4\"><a href=\"..\/2020\/12\/17\/sentence-1252\/\/\"  class=\"fa\">Lire<\/a><\/td>\n<\/tr>\n<tr class=\"row-12\">\n\t<td class=\"column-1\"><strong>R\u00e9sum\u00e9 de la sentence N\u00b01251<\/strong><\/td><td class=\"column-2\">08-2020<\/td><td class=\"column-3\">Construction - Grande plaisance \u2013 \u00e9v\u00e9nement de mer apr\u00e8s trois ans et demi de navigation \u2013 perte en mer du safran et d\u2019une partie de l\u2019appareil \u00e0 gouverner \u2013\u2013 Responsabilit\u00e9 du constructeur pour vice cach\u00e9 \u2013 Preuves non rapport\u00e9e. <\/td><td class=\"column-4\"><a href=\"..\/2020\/08\/20\/sentence-1251\/\"  class=\"fa\">Lire<\/a><\/td>\n<\/tr>\n<tr class=\"row-13\">\n\t<td class=\"column-1\"><strong>R\u00e9sum\u00e9 de la sentence N\u00b01250<\/strong><\/td><td class=\"column-2\">04-2020 <\/td><td class=\"column-3\">Second degr\u00e9 - Affr\u00e8tement coque-nue avec option de vente - Clause de prix - Interpr\u00e9tation ou d\u00e9naturation ? - Interpr\u00e9tation litt\u00e9rale.\u2028<\/td><td class=\"column-4\"><a href=\"..\/2020\/04\/30\/sentence-1250\/\"  class=\"fa\">Lire<\/a><\/td>\n<\/tr>\n<tr class=\"row-14\">\n\t<td class=\"column-1\"><strong>R\u00e9sum\u00e9 de la sentence N\u00b01249<\/strong><\/td><td class=\"column-2\">03-2020<\/td><td class=\"column-3\">C\/P Heavyliftvoy - Jonction d\u2019instances - Navire affr\u00e9t\u00e9 par commissionnaire de transport pour le chargement d\u2019un navire patrouilleur - Dommages \u00e0 la coque du patrouilleur - Demande de r\u00e9paration au transporteur par le commissionnaire et son assureur - Demande de paiement de surestaries de l\u2019armateur \u00e0 l\u2019affr\u00e9teur - Responsabilit\u00e9 de l\u2019armateur (oui) - Exon\u00e9ration du commissionnaire du paiement des surestaries.<\/td><td class=\"column-4\"><a href=\"..\/2020\/03\/11\/sentence-1249\/\"  class=\"fa\">Lire<\/a><\/td>\n<\/tr>\n<tr class=\"row-15\">\n\t<td class=\"column-1\"><strong>R\u00e9sum\u00e9 de la sentence N\u00b01248<\/strong><\/td><td class=\"column-2\">03-2020<\/td><td class=\"column-3\">C\/P Synacomex 90 \u2013 Bl\u00e9 en vrac \u2013 \u00ab Clause de glace \u00bb \u2013 Notice d\u2019arriv\u00e9e -Attente d\u2019un brise-glace \u2013 D\u00e9compte du temps - D\u00e9fendeur non repr\u00e9sent\u00e9.<\/td><td class=\"column-4\"><a href=\"..\/2020\/02\/12\/sentence-1248\/\"  class=\"fa\">Lire<\/a><\/td>\n<\/tr>\n<tr class=\"row-16\">\n\t<td class=\"column-1\"><strong>R\u00e9sum\u00e9 de la sentence N\u00b01247<\/strong><\/td><td class=\"column-2\">02-2020<\/td><td class=\"column-3\">C\/P Synacomex 90 \u2013 Bl\u00e9 en vrac - Retard dans le d\u00e9douanement du navire apr\u00e8s chargement \u2013 D\u00e9compte des surestaries \u2013 D\u00e9fendeur non repr\u00e9sent\u00e9.<\/td><td class=\"column-4\"><a href=\"..\/2020\/01\/15\/sentence-1247\/\"  class=\"fa\">Lire<\/a><\/td>\n<\/tr>\n<tr class=\"row-17\">\n\t<td class=\"column-1\"><strong>R\u00e9sum\u00e9 de la sentence N\u00b01246<\/strong><\/td><td class=\"column-2\">10-2019<\/td><td class=\"column-3\">C\/P Synacomex \u2013 N\u00e9gociation pour un deuxi\u00e8me quai de chargement \u2013\u2013 Taux de surestaries - Recevabilit\u00e9 de l\u2019action du demandeur (oui) \u2013 Calcul du temps utilis\u00e9 - D\u00e9p\u00f4t par l\u2019affr\u00e9teur d\u2019une somme sur le compte de la CAMP.<\/td><td class=\"column-4\"><a href=\"..\/2019\/10\/02\/sentence-n-1246\/\"  class=\"fa\">Lire<\/a><\/td>\n<\/tr>\n<tr class=\"row-18\">\n\t<td class=\"column-1\"><strong>R\u00e9sum\u00e9 de la sentence N\u00b01245<\/strong><\/td><td class=\"column-2\">11-2019<\/td><td class=\"column-3\">Sentence 1245 -Vedette \u00e0 passagers - Vice cach\u00e9 - Expertise - Rupture d\u2019une ligne d\u2019arbre cinq ans apr\u00e8s livraison par le chantier de construction - Comp\u00e9tence de la Chambre - Prescription - M\u00e9diation -Responsabilit\u00e9 partag\u00e9e du chantier et de l\u2019affr\u00e9teur coque-nue du navire.<\/td><td class=\"column-4\"><a href=\"..\/2019\/11\/20\/sentence-1245\/\"  class=\"fa\">Lire<\/a><\/td>\n<\/tr>\n<tr class=\"row-19\">\n\t<td class=\"column-1\"><strong>R\u00e9sum\u00e9 de la sentence N\u00b01244<\/strong><\/td><td class=\"column-2\">07-2019<\/td><td class=\"column-3\">Sentence 1244  - Durant le d\u00e9chargement, heurt entre un portique et une grue d\u2019un porte- conteneurs - Int\u00e9r\u00eat \u00e0 agir - Assureurs subrog\u00e9s - Responsabilit\u00e9 du manutentionnaire - Devoir de surveillance du bord.<\/td><td class=\"column-4\"><a href=\"..\/2019\/07\/02\/sentence-1244\/\"  class=\"fa\">Lire<\/a><\/td>\n<\/tr>\n<tr class=\"row-20\">\n\t<td class=\"column-1\"><strong>R\u00e9sum\u00e9 de la sentence N\u00b01243<\/strong><\/td><td class=\"column-2\">05-2019<\/td><td class=\"column-3\">Sentence 1243 (second degr\u00e9) \u2013 C\/P Synacomex 90 \u2013 Armateur disposant \u2013 Cargaison de riz \u2013 Longue attente sur rade au d\u00e9chargement \u2013 Deux fumigations sur instructions de l\u2019armateur de t\u00eate \u2013 Paiement partiel du co\u00fbt des fumigations par l\u2019affr\u00e9teur au voyage.<\/td><td class=\"column-4\"><a href=\"..\/2019\/05\/27\/sentence-1243\/\"  class=\"fa\">Lire<\/a><\/td>\n<\/tr>\n<tr class=\"row-21\">\n\t<td class=\"column-1\"><strong>R\u00e9sum\u00e9 de la sentence N\u00b01242<\/strong><\/td><td class=\"column-2\">12-2018<\/td><td class=\"column-3\">Sentence 1242 \u2013 Police d\u2019assurance maritime tous risques sur facult\u00e9s \u2013 Vol durant entreposage dans cargaison de riz \u2013 Contrat de tierce d\u00e9tention \u2013 Commissaire d\u2019avaries \u2013 \u00c9valuation du pr\u00e9judice \u2013 Manquants inexpliqu\u00e9s \u2013 Absence de preuve \u2013 Faute de l\u2019assur\u00e9 \u2013 R\u00e9duction de l\u2019indemnit\u00e9 d\u2019assurance.<\/td><td class=\"column-4\"><a href=\"..\/2018\/12\/20\/sentence-1242\/\"  class=\"fa\">Lire<\/a><\/td>\n<\/tr>\n<tr class=\"row-22\">\n\t<td class=\"column-1\"><strong>R\u00e9sum\u00e9 de la sentence N\u00b01241<\/strong><\/td><td class=\"column-2\">10-2018<\/td><td class=\"column-3\">Sentence 1241 \u2013 Produits sid\u00e9rurgiques sous B\/L \u2013 Attente prolong\u00e9e sur rade au d\u00e9chargement sans remise de NOR \u2013 Avaries \u00e0 la cargaison \u2013 Lettre de garantie du P&amp;I Club de l\u2019armateur donnant comp\u00e9tence \u00e0 CAMP \u2013 R\u00e8gles de La Haye Visby \u2013 Droit \u00e0 agir des r\u00e9ceptionnaires \u2013 Responsabilit\u00e9 partielle du Transporteur.<\/td><td class=\"column-4\"><a href=\"..\/2018\/10\/15\/sentence-1241\/\"  class=\"fa\">Lire<\/a><\/td>\n<\/tr>\n<tr class=\"row-23\">\n\t<td class=\"column-1\"><strong>R\u00e9sum\u00e9 de la sentence N\u00b01240<\/strong><\/td><td class=\"column-2\">09-2018<\/td><td class=\"column-3\">Sentence 1240 - C\/P Synacomex 1993 \u2013 Cargaison de bl\u00e9 - Fret FIO \u2013 Clause 5 et 23 \u2013 Risques de la manutention \u2013 Convention de Bruxelles<\/td><td class=\"column-4\"><a href=\"..\/2018\/09\/19\/sentence-1240\/\"  class=\"fa\">Lire<\/a><\/td>\n<\/tr>\n<tr class=\"row-24\">\n\t<td class=\"column-1\"><strong>R\u00e9sum\u00e9 de la sentence N\u00b01239<\/strong><\/td><td class=\"column-2\">02-2018<\/td><td class=\"column-3\">Sentence 1239 - C\/P Synacomex \u2013 Farine de bl\u00e9 en sacs \u2013 Dommage par mouille - Lettre de garantie par P&amp;I Club aux r\u00e9ceptionnaires \u2013 Demande de restitution \u2013 Responsabilit\u00e9 du fr\u00e9teur (oui) \u2013 Rectification du compte de surestaries <\/td><td class=\"column-4\"><a href=\"..\/2018\/02\/12\/sentence-1239\/\"  class=\"fa\">Lire<\/a><\/td>\n<\/tr>\n<tr class=\"row-25\">\n\t<td class=\"column-1\"><\/td><td class=\"column-2\"><\/td><td class=\"column-3\"><\/td><td class=\"column-4\"><\/td>\n<\/tr>\n<\/tbody>\n<\/table>\n<!-- #tablepress-37 from cache --><\/p>\n","protected":false},"excerpt":{"rendered":"<p>La Chambre met \u00e0 disposition des internautes dans le tableau ci-dessous les \u00ab\u00a0r\u00e9sum\u00e9s des r\u00e9sum\u00e9s\u00a0\u00bb des sentences. Le Secr\u00e9tariat de la Chambre \u00e9dite un sommaire des sentences rendues et devenues d\u00e9finitives au cours des mois pr\u00e9c\u00e9dents. Les r\u00e9sum\u00e9s peuvent \u00eatre obtenus par abonnement annuel, en cliquant sur le lien ci-dessous, et envoy\u00e9s soit par courrier<\/p>\n","protected":false},"author":1,"featured_media":0,"parent":0,"menu_order":0,"comment_status":"closed","ping_status":"closed","template":"fullwidth.php","meta":{"_monsterinsights_skip_tracking":false,"_monsterinsights_sitenote_active":false,"_monsterinsights_sitenote_note":"","_monsterinsights_sitenote_category":0,"footnotes":""},"class_list":["post-6712","page","type-page","status-publish","hentry"],"_links":{"self":[{"href":"https:\/\/www.arbitrage-maritime.org\/CAMP-V3\/wp-json\/wp\/v2\/pages\/6712","targetHints":{"allow":["GET"]}}],"collection":[{"href":"https:\/\/www.arbitrage-maritime.org\/CAMP-V3\/wp-json\/wp\/v2\/pages"}],"about":[{"href":"https:\/\/www.arbitrage-maritime.org\/CAMP-V3\/wp-json\/wp\/v2\/types\/page"}],"author":[{"embeddable":true,"href":"https:\/\/www.arbitrage-maritime.org\/CAMP-V3\/wp-json\/wp\/v2\/users\/1"}],"replies":[{"embeddable":true,"href":"https:\/\/www.arbitrage-maritime.org\/CAMP-V3\/wp-json\/wp\/v2\/comments?post=6712"}],"version-history":[{"count":10,"href":"https:\/\/www.arbitrage-maritime.org\/CAMP-V3\/wp-json\/wp\/v2\/pages\/6712\/revisions"}],"predecessor-version":[{"id":7073,"href":"https:\/\/www.arbitrage-maritime.org\/CAMP-V3\/wp-json\/wp\/v2\/pages\/6712\/revisions\/7073"}],"wp:attachment":[{"href":"https:\/\/www.arbitrage-maritime.org\/CAMP-V3\/wp-json\/wp\/v2\/media?parent=6712"}],"curies":[{"name":"wp","href":"https:\/\/api.w.org\/{rel}","templated":true}]}}