{"id":990,"date":"2016-03-10T14:39:47","date_gmt":"2016-03-10T13:39:47","guid":{"rendered":"http:\/\/www.arbitrage-maritime.org\/CAMP-V3\/?page_id=990"},"modified":"2024-01-08T15:22:11","modified_gmt":"2024-01-08T14:22:11","slug":"abonnement","status":"publish","type":"page","link":"https:\/\/www.arbitrage-maritime.org\/CAMP-V3\/abonnement\/","title":{"rendered":"Abonnement"},"content":{"rendered":"<div style=\"margin-bottom:30px\">\nLe Secr\u00e9tariat de la Chambre \u00e9dite un sommaire des sentences rendues et devenues d\u00e9finitives au cours des mois pr\u00e9c\u00e9dents.<br \/>\nCes r\u00e9sum\u00e9s peuvent \u00eatre obtenus par abonnement annuel en remplissant le formulaire ci-dessus et envoy\u00e9s soit par courrier ordinaire, soit par e mail. Le co\u00fbt de cet abonnement annuel est de <b>46 Euros HT<\/b>.<br \/>\nEn cas d&rsquo;int\u00e9r\u00eat particulier, une sentence peut \u00eatre obtenue dans son int\u00e9gralit\u00e9 (apr\u00e8s effacement du nom du navire et des parties \u00e0 la cause) au prix de <b>23 Euros HT<\/b>.<\/p>\n<p><em>The Secretariat of the Chamber publishes a summary of the definitive awards rendered during the previous months.<br \/>\nThese summaries can be obtained by annual subscription by completing the form here below and sent either by ordinary mail, or by e-mail. The cost of this annual subscription amounts to <strong>46 Euros, tax excluded<\/strong>.<br \/>\nIn case of particular interest, a specific award can be obtained in its entirety (without the name of the ship and the parties) upon payment of <strong>23 Euros , tax excluded<\/strong>.<\/em>\n<\/div>\n\n<div class=\"wpcf7 no-js\" id=\"wpcf7-f994-o1\" lang=\"fr-FR\" dir=\"ltr\" data-wpcf7-id=\"994\">\n<div class=\"screen-reader-response\"><p role=\"status\" aria-live=\"polite\" aria-atomic=\"true\"><\/p> <ul><\/ul><\/div>\n<form action=\"\/CAMP-V3\/wp-json\/wp\/v2\/pages\/990#wpcf7-f994-o1\" method=\"post\" class=\"wpcf7-form init\" aria-label=\"Formulaire de contact\" novalidate=\"novalidate\" data-status=\"init\">\n<fieldset class=\"hidden-fields-container\"><input type=\"hidden\" name=\"_wpcf7\" value=\"994\" \/><input type=\"hidden\" name=\"_wpcf7_version\" value=\"6.1.5\" \/><input type=\"hidden\" name=\"_wpcf7_locale\" value=\"fr_FR\" \/><input type=\"hidden\" name=\"_wpcf7_unit_tag\" value=\"wpcf7-f994-o1\" \/><input type=\"hidden\" name=\"_wpcf7_container_post\" value=\"0\" \/><input type=\"hidden\" name=\"_wpcf7_posted_data_hash\" value=\"\" \/><input type=\"hidden\" name=\"_wpcf7_recaptcha_response\" value=\"\" \/>\n<\/fieldset>\n<style>\n.enigma_blog_post_content {\n width: 90%;\n}\ndiv.wpcf7-mail-sent-ok {\n border: 2px solid #fff;\n color: green;\n}\n<\/style>\n<p><span class=\"wpcf7-form-control-wrap\" data-name=\"checkbox-588\"><span class=\"wpcf7-form-control wpcf7-checkbox wpcf7-validates-as-required\"><span class=\"wpcf7-list-item first\"><input type=\"checkbox\" name=\"checkbox-588[]\" value=\"Gazettes\" \/><span class=\"wpcf7-list-item-label\">Gazettes<\/span><\/span><span class=\"wpcf7-list-item\"><input type=\"checkbox\" name=\"checkbox-588[]\" value=\"R\u00e9sum\u00e9 des sentences\" \/><span class=\"wpcf7-list-item-label\">R\u00e9sum\u00e9 des sentences<\/span><\/span><span class=\"wpcf7-list-item last\"><input type=\"checkbox\" name=\"checkbox-588[]\" value=\"Commande des sentences\" \/><span class=\"wpcf7-list-item-label\">Commande des sentences<\/span><\/span><\/span><\/span>\n<\/p>\n<div style=\"float:left;margin-right:240px\">\n\t<p><b>Nom et Pr\u00e9nom<\/b> (obligatoire)<br \/>\n<i>Full name (compulsory)<\/i><br \/>\n<span class=\"wpcf7-form-control-wrap\" data-name=\"your-name\"><input size=\"40\" maxlength=\"400\" class=\"wpcf7-form-control wpcf7-text wpcf7-validates-as-required\" aria-required=\"true\" aria-invalid=\"false\" value=\"\" type=\"text\" name=\"your-name\" \/><\/span>\n\t<\/p>\n\t<p><b>Fonction<\/b> \/ <i>Fonction<\/i>\n\t<\/p>\n\t<p><span class=\"wpcf7-form-control-wrap\" data-name=\"fonction\"><input size=\"40\" maxlength=\"400\" class=\"wpcf7-form-control wpcf7-text\" aria-invalid=\"false\" value=\"\" type=\"text\" name=\"fonction\" \/><\/span>\n\t<\/p>\n\t<p><b>Code postal<\/b> \/ <i>Postal code<\/i>\n\t<\/p>\n\t<p><span class=\"wpcf7-form-control-wrap\" data-name=\"code\"><input size=\"40\" maxlength=\"400\" class=\"wpcf7-form-control wpcf7-text\" aria-invalid=\"false\" value=\"\" type=\"text\" name=\"code\" \/><\/span>\n\t<\/p>\n\t<p><b>T\u00e9l\u00e9phone<\/b> \/ <i>Telephone<\/i>\n\t<\/p>\n\t<p><span class=\"wpcf7-form-control-wrap\" data-name=\"tel\"><input size=\"40\" maxlength=\"400\" class=\"wpcf7-form-control wpcf7-text\" aria-invalid=\"false\" value=\"\" type=\"text\" name=\"tel\" \/><\/span>\n\t<\/p>\n\t<p><b>Email<\/b> (obligatoire \/ <i>compulsory<\/i>)\n\t<\/p>\n\t<p><span class=\"wpcf7-form-control-wrap\" data-name=\"email\"><input size=\"40\" maxlength=\"400\" class=\"wpcf7-form-control wpcf7-email wpcf7-validates-as-required wpcf7-text wpcf7-validates-as-email\" aria-required=\"true\" aria-invalid=\"false\" value=\"\" type=\"email\" name=\"email\" \/><\/span>\n\t<\/p>\n<span class=\"wpcf7-form-control-wrap recaptcha\" data-name=\"recaptcha\"><span data-sitekey=\"6Lc6K04aAAAAAOHB6MeYayntvIUiwpaAiL5KPpmM\" class=\"wpcf7-form-control wpcf7-recaptcha g-recaptcha\"><\/span>\r\n<noscript>\r\n\t<div class=\"grecaptcha-noscript\">\r\n\t\t<iframe loading=\"lazy\" src=\"https:\/\/www.google.com\/recaptcha\/api\/fallback?k=6Lc6K04aAAAAAOHB6MeYayntvIUiwpaAiL5KPpmM\" frameborder=\"0\" scrolling=\"no\" width=\"310\" height=\"430\">\r\n\t\t<\/iframe>\r\n\t\t<textarea name=\"g-recaptcha-response\" rows=\"3\" cols=\"40\" placeholder=\"reCaptcha Response Here\">\r\n\t\t<\/textarea>\r\n\t<\/div>\r\n<\/noscript>\r\n<\/span>\n\t<p><i>I'm not a robot<\/i>\n\t<\/p>\n<\/div>\n<div style=\"float:right\">\n\t<p><b>Soci\u00e9t\u00e9, Ind\u00e9pendant, Particulier, etc...<\/b> (obligatoire)<br \/>\n<i>Company, Private individual, student \u2026 (compulsory)<\/i><br \/>\n<span class=\"wpcf7-form-control-wrap\" data-name=\"societe\"><input size=\"40\" maxlength=\"400\" class=\"wpcf7-form-control wpcf7-text wpcf7-validates-as-required\" aria-required=\"true\" aria-invalid=\"false\" value=\"\" type=\"text\" name=\"societe\" \/><\/span>\n\t<\/p>\n\t<p><b>Adresse<\/b> \/ <i>Address<\/i><br \/>\n<span class=\"wpcf7-form-control-wrap\" data-name=\"adresse\"><input size=\"40\" maxlength=\"400\" class=\"wpcf7-form-control wpcf7-text\" aria-invalid=\"false\" value=\"\" type=\"text\" name=\"adresse\" \/><\/span>\n\t<\/p>\n\t<p><b>Ville<\/b> \/ <i>City (+ country if not France)<\/i>\n\t<\/p>\n\t<p><span class=\"wpcf7-form-control-wrap\" data-name=\"ville\"><input size=\"40\" maxlength=\"400\" class=\"wpcf7-form-control wpcf7-text\" aria-invalid=\"false\" value=\"\" type=\"text\" name=\"ville\" \/><\/span>\n\t<\/p>\n\t<p><b>Votre message<\/b> \/ <i>Your message<\/i>\n\t<\/p>\n\t<p><b>Si Commande de sentence(s)<\/b> \/ <i>Order of award(s)<\/i>\n\t<\/p>\n\t<p><b>Pr\u00e9ciser num\u00e9ro(s) et date(s)<\/b> \/ <i>Mention Number(s) and date(s)<\/i>\n\t<\/p>\n\t<p><span class=\"wpcf7-form-control-wrap\" data-name=\"santence\"><textarea cols=\"40\" rows=\"5\" maxlength=\"2000\" class=\"wpcf7-form-control wpcf7-textarea\" aria-invalid=\"false\" name=\"santence\"><\/textarea><\/span>\n\t<\/p>\n\t<p><b>Je d\u00e9sire m'abonner aux sommaires des sentences de la Chambre<br \/>\net les recevoir par <\/b> \/ <i>I wish to subscribe to the annual summary of awards<br \/>\nand receive them by<\/i><br \/>\n<span class=\"wpcf7-form-control-wrap\" data-name=\"menu-111\"><select class=\"wpcf7-form-control wpcf7-select\" aria-invalid=\"false\" name=\"menu-111\"><option value=\"Email\">Email<\/option><option value=\"Courrier\">Courrier<\/option><\/select><\/span>\n\t<\/p>\n\t<p>&nbsp;\n\t<\/p>\n\t<p><input class=\"wpcf7-form-control wpcf7-submit has-spinner\" type=\"submit\" value=\"Envoyer\" \/>\n\t<\/p>\n<\/div><p style=\"display: none !important;\" class=\"akismet-fields-container\" data-prefix=\"_wpcf7_ak_\"><label>&#916;<textarea name=\"_wpcf7_ak_hp_textarea\" cols=\"45\" rows=\"8\" maxlength=\"100\"><\/textarea><\/label><input type=\"hidden\" id=\"ak_js_1\" name=\"_wpcf7_ak_js\" value=\"245\"\/><script>document.getElementById( \"ak_js_1\" ).setAttribute( \"value\", ( new Date() ).getTime() );<\/script><\/p><div class=\"wpcf7-response-output\" aria-hidden=\"true\"><\/div>\n<\/form>\n<\/div>\n\n","protected":false},"excerpt":{"rendered":"<p>Le Secr\u00e9tariat de la Chambre \u00e9dite un sommaire des sentences rendues et devenues d\u00e9finitives au cours des mois pr\u00e9c\u00e9dents. Ces r\u00e9sum\u00e9s peuvent \u00eatre obtenus par abonnement annuel en remplissant le formulaire ci-dessus et envoy\u00e9s soit par courrier ordinaire, soit par e mail. Le co\u00fbt de cet abonnement annuel est de 46 Euros HT. En cas<\/p>\n","protected":false},"author":1,"featured_media":0,"parent":0,"menu_order":0,"comment_status":"closed","ping_status":"closed","template":"fullwidth.php","meta":{"_monsterinsights_skip_tracking":false,"_monsterinsights_sitenote_active":false,"_monsterinsights_sitenote_note":"","_monsterinsights_sitenote_category":0,"footnotes":""},"class_list":["post-990","page","type-page","status-publish","hentry"],"_links":{"self":[{"href":"https:\/\/www.arbitrage-maritime.org\/CAMP-V3\/wp-json\/wp\/v2\/pages\/990","targetHints":{"allow":["GET"]}}],"collection":[{"href":"https:\/\/www.arbitrage-maritime.org\/CAMP-V3\/wp-json\/wp\/v2\/pages"}],"about":[{"href":"https:\/\/www.arbitrage-maritime.org\/CAMP-V3\/wp-json\/wp\/v2\/types\/page"}],"author":[{"embeddable":true,"href":"https:\/\/www.arbitrage-maritime.org\/CAMP-V3\/wp-json\/wp\/v2\/users\/1"}],"replies":[{"embeddable":true,"href":"https:\/\/www.arbitrage-maritime.org\/CAMP-V3\/wp-json\/wp\/v2\/comments?post=990"}],"version-history":[{"count":14,"href":"https:\/\/www.arbitrage-maritime.org\/CAMP-V3\/wp-json\/wp\/v2\/pages\/990\/revisions"}],"predecessor-version":[{"id":7197,"href":"https:\/\/www.arbitrage-maritime.org\/CAMP-V3\/wp-json\/wp\/v2\/pages\/990\/revisions\/7197"}],"wp:attachment":[{"href":"https:\/\/www.arbitrage-maritime.org\/CAMP-V3\/wp-json\/wp\/v2\/media?parent=990"}],"curies":[{"name":"wp","href":"https:\/\/api.w.org\/{rel}","templated":true}]}}